{"id":1672,"date":"2026-04-10T10:56:12","date_gmt":"2026-04-10T10:56:12","guid":{"rendered":"https:\/\/template07.zehannet.net\/?post_type=product&#038;p=1672"},"modified":"2026-04-11T04:54:14","modified_gmt":"2026-04-11T04:54:14","slug":"perkins-26510380-air-filter-for-1104c-diesel-engine","status":"publish","type":"product","link":"https:\/\/template07.zehannet.net\/vi\/perkins-26510380-air-filter-for-1104c-diesel-engine\/","title":{"rendered":"B\u1ed9 l\u1ecdc kh\u00ed Perkins 26510380 d\u00e0nh cho \u0111\u1ed9ng c\u01a1 diesel 1104C"},"content":{"rendered":"<p>B\u1ed9 l\u1ecdc kh\u00ed Perkins 2652C847 l\u00e0 ph\u1ee5 t\u00f9ng thay th\u1ebf ch\u1ea5t l\u01b0\u1ee3ng cao \u0111\u01b0\u1ee3c thi\u1ebft k\u1ebf d\u00e0nh ri\u00eang cho \u0111\u1ed9ng c\u01a1 diesel Perkins 1104D. S\u1ea3n ph\u1ea9m n\u00e0y lo\u1ea1i b\u1ecf hi\u1ec7u qu\u1ea3 b\u1ee5i, b\u1ea9n v\u00e0 c\u00e1c t\u1ea1p ch\u1ea5t kh\u00e1c trong kh\u00f4ng kh\u00ed tr\u01b0\u1edbc khi ch\u00fang x\u00e2m nh\u1eadp v\u00e0o \u0111\u1ed9ng c\u01a1, gi\u00fap duy tr\u00ec lu\u1ed3ng kh\u00ed s\u1ea1ch v\u00e0 qu\u00e1 tr\u00ecnh \u0111\u1ed1t ch\u00e1y hi\u1ec7u qu\u1ea3. B\u1ed9 l\u1ecdc kh\u00ed n\u00e0y h\u1ed7 tr\u1ee3 hi\u1ec7u su\u1ea5t \u0111\u1ed9ng c\u01a1 \u1ed5n \u0111\u1ecbnh, gi\u1ea3m m\u00e0i m\u00f2n b\u00ean trong v\u00e0 k\u00e9o d\u00e0i tu\u1ed5i th\u1ecd trong c\u00e1c \u0111i\u1ec1u ki\u1ec7n v\u1eadn h\u00e0nh kh\u1eafc nghi\u1ec7t. S\u1ea3n ph\u1ea9m ph\u00f9 h\u1ee3p cho thi\u1ebft b\u1ecb x\u00e2y d\u1ef1ng, m\u00e1y m\u00f3c khai th\u00e1c m\u1ecf v\u00e0 h\u1ec7 th\u1ed1ng ph\u00e1t \u0111i\u1ec7n. V\u1edbi c\u1ea5u tr\u00fac b\u1ec1n b\u1ec9 v\u00e0 hi\u1ec7u su\u1ea5t l\u1ecdc \u0111\u00e1ng tin c\u1eady, b\u1ed9 l\u1ecdc kh\u00ed 2652C847 l\u00e0 b\u1ed9 ph\u1eadn b\u1ea3o d\u01b0\u1ee1ng thi\u1ebft y\u1ebfu \u0111\u1ec3 duy tr\u00ec ho\u1ea1t \u0111\u1ed9ng \u0111\u00e1ng tin c\u1eady v\u00e0 hi\u1ec7u qu\u1ea3 c\u1ee7a \u0111\u1ed9ng c\u01a1 diesel Perkins trong \u0111i\u1ec1u ki\u1ec7n l\u00e0m vi\u1ec7c kh\u1eafc nghi\u1ec7t, \u0111\u1ed3ng th\u1eddi k\u00e9o d\u00e0i kho\u1ea3ng th\u1eddi gian b\u1ea3o d\u01b0\u1ee1ng.<\/p>","protected":false},"excerpt":{"rendered":"<p>B\u1ed9 l\u1ecdc kh\u00ed Perkins 2652C847 \u0111\u01b0\u1ee3c thi\u1ebft k\u1ebf d\u00e0nh cho \u0111\u1ed9ng c\u01a1 diesel 1104D nh\u1eb1m lo\u1ea1i b\u1ecf b\u1ee5i v\u00e0 c\u00e1c t\u1ea1p ch\u1ea5t kh\u1ecfi kh\u00f4ng kh\u00ed n\u1ea1p. S\u1ea3n ph\u1ea9m n\u00e0y gi\u00fap b\u1ea3o v\u1ec7 c\u00e1c b\u1ed9 ph\u1eadn c\u1ee7a \u0111\u1ed9ng c\u01a1, h\u1ed7 tr\u1ee3 qu\u00e1 tr\u00ecnh \u0111\u1ed1t ch\u00e1y hi\u1ec7u qu\u1ea3 v\u00e0 duy tr\u00ec hi\u1ec7u su\u1ea5t \u1ed5n \u0111\u1ecbnh trong c\u00e1c \u0111i\u1ec1u ki\u1ec7n l\u00e0m vi\u1ec7c kh\u1eafc nghi\u1ec7t.<\/p>","protected":false},"featured_media":1673,"template":"","meta":{"_gspb_post_css":""},"product_brand":[476],"product_cat":[401,417,405],"product_tag":[463,461,428],"class_list":{"0":"post-1672","1":"product","2":"type-product","3":"status-publish","4":"has-post-thumbnail","6":"product_brand-perkins","7":"product_cat-filter-products","8":"product_cat-perkins-air-filters","9":"product_cat-perkins-filters","10":"product_tag-1104d-engine-parts","11":"product_tag-2652c847","12":"product_tag-perkins-air-filter","14":"first","15":"instock","16":"shipping-taxable","17":"product-type-simple"},"_links":{"self":[{"href":"https:\/\/template07.zehannet.net\/vi\/wp-json\/wp\/v2\/product\/1672","targetHints":{"allow":["GET"]}}],"collection":[{"href":"https:\/\/template07.zehannet.net\/vi\/wp-json\/wp\/v2\/product"}],"about":[{"href":"https:\/\/template07.zehannet.net\/vi\/wp-json\/wp\/v2\/types\/product"}],"wp:featuredmedia":[{"embeddable":true,"href":"https:\/\/template07.zehannet.net\/vi\/wp-json\/wp\/v2\/media\/1673"}],"wp:attachment":[{"href":"https:\/\/template07.zehannet.net\/vi\/wp-json\/wp\/v2\/media?parent=1672"}],"wp:term":[{"taxonomy":"product_brand","embeddable":true,"href":"https:\/\/template07.zehannet.net\/vi\/wp-json\/wp\/v2\/product_brand?post=1672"},{"taxonomy":"product_cat","embeddable":true,"href":"https:\/\/template07.zehannet.net\/vi\/wp-json\/wp\/v2\/product_cat?post=1672"},{"taxonomy":"product_tag","embeddable":true,"href":"https:\/\/template07.zehannet.net\/vi\/wp-json\/wp\/v2\/product_tag?post=1672"}],"curies":[{"name":"wp","href":"https:\/\/api.w.org\/{rel}","templated":true}]}}