{"id":1668,"date":"2026-04-10T10:48:32","date_gmt":"2026-04-10T10:48:32","guid":{"rendered":"https:\/\/template07.zehannet.net\/?post_type=product&#038;p=1668"},"modified":"2026-04-11T04:54:20","modified_gmt":"2026-04-11T04:54:20","slug":"perkins-2652c847-air-filter-for-1104d-diesel-engines","status":"publish","type":"product","link":"https:\/\/template07.zehannet.net\/vi\/perkins-2652c847-air-filter-for-1104d-diesel-engines\/","title":{"rendered":"B\u1ed9 l\u1ecdc kh\u00ed Perkins 2652C847 d\u00e0nh cho \u0111\u1ed9ng c\u01a1 diesel 1104D"},"content":{"rendered":"<p>B\u1ed9 l\u1ecdc kh\u00ed Perkins 2652C847 l\u00e0 ph\u1ee5 t\u00f9ng thay th\u1ebf ch\u1ea5t l\u01b0\u1ee3ng cao, \u0111\u01b0\u1ee3c thi\u1ebft k\u1ebf d\u00e0nh ri\u00eang cho \u0111\u1ed9ng c\u01a1 diesel Perkins 1104D s\u1eed d\u1ee5ng trong thi\u1ebft b\u1ecb h\u1ea1ng n\u1eb7ng v\u00e0 c\u00e1c \u1ee9ng d\u1ee5ng c\u00f4ng nghi\u1ec7p. S\u1ea3n ph\u1ea9m gi\u00fap duy tr\u00ec lu\u1ed3ng kh\u00ed n\u1ea1p s\u1ea1ch b\u1eb1ng c\u00e1ch gi\u1eef l\u1ea1i b\u1ee5i, m\u1ea3nh v\u1ee5n v\u00e0 c\u00e1c h\u1ea1t c\u00f3 h\u1ea1i kh\u00e1c tr\u01b0\u1edbc khi ch\u00fang x\u00e2m nh\u1eadp v\u00e0o \u0111\u1ed9ng c\u01a1. \u0110i\u1ec1u n\u00e0y h\u1ed7 tr\u1ee3 hi\u1ec7u qu\u1ea3 qu\u00e1 tr\u00ecnh \u0111\u1ed1t ch\u00e1y, gi\u1ea3m m\u00e0i m\u00f2n c\u00e1c b\u1ed9 ph\u1eadn b\u00ean trong v\u00e0 k\u00e9o d\u00e0i tu\u1ed5i th\u1ecd \u0111\u1ed9ng c\u01a1. \u0110\u01b0\u1ee3c ch\u1ebf t\u1ea1o \u0111\u1ec3 mang l\u1ea1i hi\u1ec7u su\u1ea5t \u0111\u00e1ng tin c\u1eady trong c\u00e1c m\u00f4i tr\u01b0\u1eddng kh\u1eafc nghi\u1ec7t, b\u1ed9 l\u1ecdc n\u00e0y ph\u00f9 h\u1ee3p cho c\u00e1c thi\u1ebft b\u1ecb x\u00e2y d\u1ef1ng, khai th\u00e1c m\u1ecf v\u00e0 ph\u00e1t \u0111i\u1ec7n. \u0110\u00e2y l\u00e0 s\u1ef1 l\u1ef1a ch\u1ecdn l\u00fd t\u01b0\u1edfng cho nh\u1eefng kh\u00e1ch h\u00e0ng \u0111ang t\u00ecm ki\u1ebfm kh\u1ea3 n\u0103ng l\u1ecdc b\u1ec1n b\u1ec9, l\u1eafp \u0111\u1eb7t \u0111\u00e1ng tin c\u1eady v\u00e0 b\u1ea3o v\u1ec7 \u1ed5n \u0111\u1ecbnh cho c\u00e1c m\u00e1y m\u00f3c ch\u1ea1y b\u1eb1ng \u0111\u1ed9ng c\u01a1 Perkins trong c\u00e1c ho\u1ea1t \u0111\u1ed9ng h\u00e0ng ng\u00e0y v\u00e0 c\u00e1c ch\u01b0\u01a1ng tr\u00ecnh b\u1ea3o tr\u00ec trong \u0111i\u1ec1u ki\u1ec7n kh\u1eafc nghi\u1ec7t.<\/p>","protected":false},"excerpt":{"rendered":"<p>B\u1ed9 l\u1ecdc kh\u00ed Perkins 2652C847 \u0111\u01b0\u1ee3c thi\u1ebft k\u1ebf d\u00e0nh cho \u0111\u1ed9ng c\u01a1 diesel 1104D, gi\u00fap ng\u0103n ch\u1eb7n b\u1ee5i v\u00e0 c\u00e1c ch\u1ea5t g\u00e2y \u00f4 nhi\u1ec5m x\u00e2m nh\u1eadp v\u00e0o h\u1ec7 th\u1ed1ng n\u1ea1p kh\u00ed. S\u1ea3n ph\u1ea9m \u0111\u01b0\u1ee3c ch\u1ebf t\u1ea1o nh\u1eb1m \u0111\u1ea3m b\u1ea3o l\u01b0u l\u01b0\u1ee3ng kh\u00ed \u1ed5n \u0111\u1ecbnh, b\u1ea3o v\u1ec7 \u0111\u1ed9ng c\u01a1 v\u00e0 c\u00f3 tu\u1ed5i th\u1ecd cao khi s\u1eed d\u1ee5ng trong c\u00e1c thi\u1ebft b\u1ecb x\u00e2y d\u1ef1ng, khai th\u00e1c m\u1ecf v\u00e0 ph\u00e1t \u0111i\u1ec7n.<\/p>","protected":false},"featured_media":1669,"template":"","meta":{"_gspb_post_css":""},"product_brand":[476],"product_cat":[401,417,405],"product_tag":[462,461,428],"class_list":{"0":"post-1668","1":"product","2":"type-product","3":"status-publish","4":"has-post-thumbnail","6":"product_brand-perkins","7":"product_cat-filter-products","8":"product_cat-perkins-air-filters","9":"product_cat-perkins-filters","10":"product_tag-1104d-diesel-engine-parts","11":"product_tag-2652c847","12":"product_tag-perkins-air-filter","14":"first","15":"instock","16":"shipping-taxable","17":"product-type-simple"},"_links":{"self":[{"href":"https:\/\/template07.zehannet.net\/vi\/wp-json\/wp\/v2\/product\/1668","targetHints":{"allow":["GET"]}}],"collection":[{"href":"https:\/\/template07.zehannet.net\/vi\/wp-json\/wp\/v2\/product"}],"about":[{"href":"https:\/\/template07.zehannet.net\/vi\/wp-json\/wp\/v2\/types\/product"}],"wp:featuredmedia":[{"embeddable":true,"href":"https:\/\/template07.zehannet.net\/vi\/wp-json\/wp\/v2\/media\/1669"}],"wp:attachment":[{"href":"https:\/\/template07.zehannet.net\/vi\/wp-json\/wp\/v2\/media?parent=1668"}],"wp:term":[{"taxonomy":"product_brand","embeddable":true,"href":"https:\/\/template07.zehannet.net\/vi\/wp-json\/wp\/v2\/product_brand?post=1668"},{"taxonomy":"product_cat","embeddable":true,"href":"https:\/\/template07.zehannet.net\/vi\/wp-json\/wp\/v2\/product_cat?post=1668"},{"taxonomy":"product_tag","embeddable":true,"href":"https:\/\/template07.zehannet.net\/vi\/wp-json\/wp\/v2\/product_tag?post=1668"}],"curies":[{"name":"wp","href":"https:\/\/api.w.org\/{rel}","templated":true}]}}