{"id":1664,"date":"2026-04-10T10:40:37","date_gmt":"2026-04-10T10:40:37","guid":{"rendered":"https:\/\/template07.zehannet.net\/?post_type=product&#038;p=1664"},"modified":"2026-04-11T04:54:25","modified_gmt":"2026-04-11T04:54:25","slug":"perkins-26510353-air-filter-for-1006-diesel-engines-2","status":"publish","type":"product","link":"https:\/\/template07.zehannet.net\/vi\/perkins-26510353-air-filter-for-1006-diesel-engines-2\/","title":{"rendered":"B\u1ed9 l\u1ecdc kh\u00ed Perkins 26510353 d\u00e0nh cho \u0111\u1ed9ng c\u01a1 diesel 1006"},"content":{"rendered":"<p>B\u1ed9 l\u1ecdc kh\u00ed Perkins 26510353 l\u00e0 ph\u1ee5 t\u00f9ng thay th\u1ebf \u0111\u00e1ng tin c\u1eady, \u0111\u01b0\u1ee3c thi\u1ebft k\u1ebf d\u00e0nh ri\u00eang cho \u0111\u1ed9ng c\u01a1 diesel Perkins 1006. S\u1ea3n ph\u1ea9m n\u00e0y \u0111\u1ea3m b\u1ea3o qu\u00e1 tr\u00ecnh l\u1ecdc kh\u00ed n\u1ea1p hi\u1ec7u qu\u1ea3, ng\u0103n ch\u1eb7n b\u1ee5i, m\u1ea3nh v\u1ee5n v\u00e0 c\u00e1c h\u1ea1t c\u00f3 h\u1ea1i x\u00e2m nh\u1eadp v\u00e0o h\u1ec7 th\u1ed1ng \u0111\u1ed9ng c\u01a1. V\u1edbi c\u1ea5u tr\u00fac b\u1ec1n b\u1ec9 v\u00e0 hi\u1ec7u su\u1ea5t \u1ed5n \u0111\u1ecbnh, b\u1ed9 l\u1ecdc kh\u00ed n\u00e0y gi\u00fap c\u1ea3i thi\u1ec7n hi\u1ec7u qu\u1ea3 \u0111\u1ed1t ch\u00e1y, gi\u1ea3m m\u00e0i m\u00f2n \u0111\u1ed9ng c\u01a1 v\u00e0 k\u00e9o d\u00e0i kho\u1ea3ng th\u1eddi gian b\u1ea3o d\u01b0\u1ee1ng. S\u1ea3n ph\u1ea9m \u0111\u01b0\u1ee3c s\u1eed d\u1ee5ng r\u1ed9ng r\u00e3i trong c\u00e1c thi\u1ebft b\u1ecb n\u1eb7ng, m\u00e1y m\u00f3c c\u00f4ng nghi\u1ec7p v\u00e0 c\u00e1c \u1ee9ng d\u1ee5ng ph\u00e1t \u0111i\u1ec7n. Ph\u00f9 h\u1ee3p v\u1edbi c\u00e1c m\u00f4i tr\u01b0\u1eddng l\u00e0m vi\u1ec7c kh\u1eafc nghi\u1ec7t, b\u1ed9 l\u1ecdc kh\u00ed Perkins 26510353 \u0111\u1ea3m b\u1ea3o tu\u1ed5i th\u1ecd d\u00e0i v\u00e0 b\u1ea3o v\u1ec7 \u0111\u1ed9ng c\u01a1 \u0111\u00e1ng tin c\u1eady. \u0110\u00e2y l\u00e0 s\u1ef1 l\u1ef1a ch\u1ecdn l\u00fd t\u01b0\u1edfng cho nh\u1eefng kh\u00e1ch h\u00e0ng t\u00ecm ki\u1ebfm ch\u1ea5t l\u01b0\u1ee3ng ch\u00ednh h\u00e3ng v\u00e0 hi\u1ec7u su\u1ea5t l\u1ecdc \u1ed5n \u0111\u1ecbnh.<\/p>","protected":false},"excerpt":{"rendered":"<p>B\u1ed9 l\u1ecdc kh\u00ed Perkins 26510353 \u0111\u01b0\u1ee3c thi\u1ebft k\u1ebf d\u00e0nh cho \u0111\u1ed9ng c\u01a1 diesel 1006, gi\u00fap l\u1ecdc kh\u00ed hi\u1ec7u qu\u1ea3 \u0111\u1ec3 ng\u0103n ch\u1eb7n b\u1ee5i v\u00e0 c\u00e1c ch\u1ea5t g\u00e2y \u00f4 nhi\u1ec5m. S\u1ea3n ph\u1ea9m n\u00e0y gi\u00fap b\u1ea3o v\u1ec7 c\u00e1c b\u1ed9 ph\u1eadn c\u1ee7a \u0111\u1ed9ng c\u01a1, duy tr\u00ec hi\u1ec7u su\u1ea5t \u1ed5n \u0111\u1ecbnh v\u00e0 k\u00e9o d\u00e0i tu\u1ed5i th\u1ecd trong c\u00e1c \u1ee9ng d\u1ee5ng x\u00e2y d\u1ef1ng, khai th\u00e1c m\u1ecf v\u00e0 s\u1ea3n xu\u1ea5t \u0111i\u1ec7n.<\/p>","protected":false},"featured_media":1667,"template":"","meta":{"_gspb_post_css":""},"product_brand":[476],"product_cat":[401,417,405],"product_tag":[460,459,428],"class_list":{"0":"post-1664","1":"product","2":"type-product","3":"status-publish","4":"has-post-thumbnail","6":"product_brand-perkins","7":"product_cat-filter-products","8":"product_cat-perkins-air-filters","9":"product_cat-perkins-filters","10":"product_tag-1006-diesel-engine-parts","11":"product_tag-perkins-26510353","12":"product_tag-perkins-air-filter","14":"first","15":"instock","16":"shipping-taxable","17":"product-type-simple"},"_links":{"self":[{"href":"https:\/\/template07.zehannet.net\/vi\/wp-json\/wp\/v2\/product\/1664","targetHints":{"allow":["GET"]}}],"collection":[{"href":"https:\/\/template07.zehannet.net\/vi\/wp-json\/wp\/v2\/product"}],"about":[{"href":"https:\/\/template07.zehannet.net\/vi\/wp-json\/wp\/v2\/types\/product"}],"wp:featuredmedia":[{"embeddable":true,"href":"https:\/\/template07.zehannet.net\/vi\/wp-json\/wp\/v2\/media\/1667"}],"wp:attachment":[{"href":"https:\/\/template07.zehannet.net\/vi\/wp-json\/wp\/v2\/media?parent=1664"}],"wp:term":[{"taxonomy":"product_brand","embeddable":true,"href":"https:\/\/template07.zehannet.net\/vi\/wp-json\/wp\/v2\/product_brand?post=1664"},{"taxonomy":"product_cat","embeddable":true,"href":"https:\/\/template07.zehannet.net\/vi\/wp-json\/wp\/v2\/product_cat?post=1664"},{"taxonomy":"product_tag","embeddable":true,"href":"https:\/\/template07.zehannet.net\/vi\/wp-json\/wp\/v2\/product_tag?post=1664"}],"curies":[{"name":"wp","href":"https:\/\/api.w.org\/{rel}","templated":true}]}}