{"id":1652,"date":"2026-04-10T10:33:58","date_gmt":"2026-04-10T10:33:58","guid":{"rendered":"https:\/\/template07.zehannet.net\/?post_type=product&#038;p=1652"},"modified":"2026-04-11T04:54:38","modified_gmt":"2026-04-11T04:54:38","slug":"perkins-5543095-air-filter-for-403d-and-404d-diesel-engines","status":"publish","type":"product","link":"https:\/\/template07.zehannet.net\/vi\/perkins-5543095-air-filter-for-403d-and-404d-diesel-engines\/","title":{"rendered":"B\u1ed9 l\u1ecdc kh\u00ed Perkins 5543095 d\u00e0nh cho \u0111\u1ed9ng c\u01a1 diesel 403D v\u00e0 404D"},"content":{"rendered":"<p>B\u1ed9 l\u1ecdc kh\u00ed Perkins 5543095 \u0111\u01b0\u1ee3c thi\u1ebft k\u1ebf d\u00e0nh cho \u0111\u1ed9ng c\u01a1 diesel Perkins 403D v\u00e0 404D. V\u1edbi c\u00e1c b\u1ed9 l\u1ecdc ch\u00ednh v\u00e0 l\u1ecdc d\u1ef1 ph\u00f2ng, b\u1ed9 s\u1ea3n ph\u1ea9m n\u00e0y gi\u00fap ng\u0103n ch\u1eb7n b\u1ee5i, b\u1ea9n v\u00e0 c\u00e1c ch\u1ea5t \u00f4 nhi\u1ec5m kh\u00e1c trong kh\u00f4ng kh\u00ed x\u00e2m nh\u1eadp v\u00e0o h\u1ec7 th\u1ed1ng n\u1ea1p kh\u00ed. Lu\u1ed3ng kh\u00ed s\u1ea1ch h\u1ed7 tr\u1ee3 qu\u00e1 tr\u00ecnh \u0111\u1ed1t ch\u00e1y hi\u1ec7u qu\u1ea3, hi\u1ec7u su\u1ea5t \u0111\u1ed9ng c\u01a1 \u1ed5n \u0111\u1ecbnh v\u00e0 gi\u1ea3m m\u00e0i m\u00f2n c\u00e1c b\u1ed9 ph\u1eadn b\u00ean trong. B\u1ed9 l\u1ecdc n\u00e0y l\u00e0 l\u1ef1a ch\u1ecdn l\u00fd t\u01b0\u1edfng cho vi\u1ec7c b\u1ea3o d\u01b0\u1ee1ng \u0111\u1ecbnh k\u1ef3 tr\u00ean c\u00e1c thi\u1ebft b\u1ecb x\u00e2y d\u1ef1ng, n\u00f4ng nghi\u1ec7p, c\u00f4ng nghi\u1ec7p v\u00e0 ph\u00e1t \u0111i\u1ec7n s\u1eed d\u1ee5ng \u0111\u1ed9ng c\u01a1 Perkins t\u01b0\u01a1ng th\u00edch. \u0110\u01b0\u1ee3c thi\u1ebft k\u1ebf \u0111\u1ec3 l\u1ecdc hi\u1ec7u qu\u1ea3 trong m\u00f4i tr\u01b0\u1eddng kh\u1eafc nghi\u1ec7t, Perkins 5543095 gi\u00fap k\u00e9o d\u00e0i tu\u1ed5i th\u1ecd v\u00e0 duy tr\u00ec ho\u1ea1t \u0111\u1ed9ng \u0111\u00e1ng tin c\u1eady, \u0111\u1ed3ng th\u1eddi gi\u1ea3m nguy c\u01a1 h\u01b0 h\u1ecfng \u0111\u1ed9ng c\u01a1 do kh\u00f4ng kh\u00ed n\u1ea1p b\u1ecb \u00f4 nhi\u1ec5m.<\/p>","protected":false},"excerpt":{"rendered":"<p>B\u1ed9 l\u1ecdc kh\u00ed Perkins 5543095 \u0111\u01b0\u1ee3c thi\u1ebft k\u1ebf d\u00e0nh cho \u0111\u1ed9ng c\u01a1 diesel 403D v\u00e0 404D. S\u1ea3n ph\u1ea9m n\u00e0y gi\u00fap lo\u1ea1i b\u1ecf b\u1ee5i v\u00e0 c\u00e1c t\u1ea1p ch\u1ea5t kh\u1ecfi kh\u00f4ng kh\u00ed n\u1ea1p, \u0111\u1ea3m b\u1ea3o lu\u1ed3ng kh\u00ed \u1ed5n \u0111\u1ecbnh, \u0111\u1ed3ng th\u1eddi b\u1ea3o v\u1ec7 c\u00e1c b\u1ed9 ph\u1eadn c\u1ee7a \u0111\u1ed9ng c\u01a1, gi\u00fap k\u00e9o d\u00e0i tu\u1ed5i th\u1ecd trong c\u00e1c thi\u1ebft b\u1ecb c\u00f4ng nghi\u1ec7p, x\u00e2y d\u1ef1ng v\u00e0 thi\u1ebft b\u1ecb \u0111i\u1ec7n.<\/p>","protected":false},"featured_media":1658,"template":"","meta":{"_gspb_post_css":""},"product_brand":[476],"product_cat":[401,417,405],"product_tag":[456,455,428],"class_list":{"0":"post-1652","1":"product","2":"type-product","3":"status-publish","4":"has-post-thumbnail","6":"product_brand-perkins","7":"product_cat-filter-products","8":"product_cat-perkins-air-filters","9":"product_cat-perkins-filters","10":"product_tag-403d-404d-engine-parts","11":"product_tag-perkins-5543095","12":"product_tag-perkins-air-filter","14":"first","15":"instock","16":"shipping-taxable","17":"product-type-simple"},"_links":{"self":[{"href":"https:\/\/template07.zehannet.net\/vi\/wp-json\/wp\/v2\/product\/1652","targetHints":{"allow":["GET"]}}],"collection":[{"href":"https:\/\/template07.zehannet.net\/vi\/wp-json\/wp\/v2\/product"}],"about":[{"href":"https:\/\/template07.zehannet.net\/vi\/wp-json\/wp\/v2\/types\/product"}],"wp:featuredmedia":[{"embeddable":true,"href":"https:\/\/template07.zehannet.net\/vi\/wp-json\/wp\/v2\/media\/1658"}],"wp:attachment":[{"href":"https:\/\/template07.zehannet.net\/vi\/wp-json\/wp\/v2\/media?parent=1652"}],"wp:term":[{"taxonomy":"product_brand","embeddable":true,"href":"https:\/\/template07.zehannet.net\/vi\/wp-json\/wp\/v2\/product_brand?post=1652"},{"taxonomy":"product_cat","embeddable":true,"href":"https:\/\/template07.zehannet.net\/vi\/wp-json\/wp\/v2\/product_cat?post=1652"},{"taxonomy":"product_tag","embeddable":true,"href":"https:\/\/template07.zehannet.net\/vi\/wp-json\/wp\/v2\/product_tag?post=1652"}],"curies":[{"name":"wp","href":"https:\/\/api.w.org\/{rel}","templated":true}]}}