{"id":1647,"date":"2026-04-10T10:29:12","date_gmt":"2026-04-10T10:29:12","guid":{"rendered":"https:\/\/template07.zehannet.net\/?post_type=product&#038;p=1647"},"modified":"2026-04-11T04:54:43","modified_gmt":"2026-04-11T04:54:43","slug":"perkins-541-427-fan-belt-for-4016-diesel-engine","status":"publish","type":"product","link":"https:\/\/template07.zehannet.net\/vi\/perkins-541-427-fan-belt-for-4016-diesel-engine\/","title":{"rendered":"D\u00e2y curoa qu\u1ea1t Perkins 541\/427 d\u00e0nh cho \u0111\u1ed9ng c\u01a1 diesel 4016"},"content":{"rendered":"<p>D\u00e2y curoa n\u00e0y l\u00e0 lo\u1ea1i d\u00e2y curoa r\u0103ng ch\u1ea5t l\u01b0\u1ee3ng cao, \u0111\u01b0\u1ee3c s\u1eed d\u1ee5ng trong c\u00e1c h\u1ec7 th\u1ed1ng m\u00e1y m\u00f3c h\u1ea1ng n\u1eb7ng v\u00e0 \u0111\u1ed9ng c\u01a1 \u0111\u1ec3 truy\u1ec1n \u0111\u1ed9ng m\u01b0\u1ee3t m\u00e0 v\u00e0 ch\u00ednh x\u00e1c. \u0110\u01b0\u1ee3c ch\u1ebf t\u1ea1o t\u1eeb v\u1eadt li\u1ec7u cao su b\u1ec1n b\u1ec9, s\u1ea3n ph\u1ea9m mang l\u1ea1i \u0111\u1ed9 linh ho\u1ea1t cao, kh\u1ea3 n\u0103ng ch\u1ed1ng m\u00e0i m\u00f2n t\u1ed1t v\u00e0 tu\u1ed5i th\u1ecd d\u00e0i trong \u0111i\u1ec1u ki\u1ec7n l\u00e0m vi\u1ec7c kh\u1eafc nghi\u1ec7t. S\u1ea3n ph\u1ea9m ph\u00f9 h\u1ee3p cho nhu c\u1ea7u b\u1ea3o tr\u00ec v\u00e0 thay th\u1ebf m\u00e1y m\u00f3c trong c\u00e1c l\u0129nh v\u1ef1c x\u00e2y d\u1ef1ng, khai th\u00e1c m\u1ecf v\u00e0 c\u00f4ng nghi\u1ec7p. V\u1edbi hi\u1ec7u su\u1ea5t \u1ed5n \u0111\u1ecbnh v\u00e0 ch\u1ea5t l\u01b0\u1ee3ng \u0111\u00e1ng tin c\u1eady, d\u00e2y \u0111ai n\u00e0y gi\u00fap n\u00e2ng cao hi\u1ec7u qu\u1ea3 truy\u1ec1n \u0111\u1ed9ng v\u00e0 h\u1ed7 tr\u1ee3 ho\u1ea1t \u0111\u1ed9ng \u0111\u00e1ng tin c\u1eady c\u1ee7a \u0111\u1ed9ng c\u01a1. \u0110\u00e2y l\u00e0 ph\u1ee5 t\u00f9ng thay th\u1ebf thi\u1ebft y\u1ebfu d\u00e0nh cho kh\u00e1ch h\u00e0ng \u0111ang t\u00ecm ki\u1ebfm c\u00e1c linh ki\u1ec7n thay th\u1ebf b\u1ec1n b\u1ec9 v\u00e0 ti\u1ebft ki\u1ec7m chi ph\u00ed cho thi\u1ebft b\u1ecb n\u1eb7ng.<\/p>","protected":false},"excerpt":{"rendered":"<p>D\u00e2y curoa truy\u1ec1n \u0111\u1ed9ng cho thi\u1ebft b\u1ecb n\u1eb7ng n\u00e0y l\u00e0 lo\u1ea1i d\u00e2y curoa cao su c\u00f3 r\u0103ng b\u1ec1n b\u1ec9, \u0111\u01b0\u1ee3c thi\u1ebft k\u1ebf \u0111\u1ec3 \u0111\u1ea3m b\u1ea3o truy\u1ec1n \u0111\u1ed9ng \u1ed5n \u0111\u1ecbnh v\u00e0 ho\u1ea1t \u0111\u1ed9ng \u0111\u00e1ng tin c\u1eady c\u1ee7a \u0111\u1ed9ng c\u01a1. S\u1ea3n ph\u1ea9m n\u00e0y c\u00f3 kh\u1ea3 n\u0103ng ch\u1ed1ng m\u00e0i m\u00f2n t\u1ed1t, t\u00ednh linh ho\u1ea1t cao v\u00e0 tu\u1ed5i th\u1ecd \u0111\u00e1ng tin c\u1eady, ph\u00f9 h\u1ee3p cho c\u00e1c \u1ee9ng d\u1ee5ng b\u1ea3o d\u01b0\u1ee1ng \u0111\u1ed9ng c\u01a1 v\u00e0 m\u00e1y m\u00f3c.<\/p>","protected":false},"featured_media":1651,"template":"","meta":{"_gspb_post_css":""},"product_brand":[476],"product_cat":[15,378,387],"product_tag":[449,453,454],"class_list":{"0":"post-1647","1":"product","2":"type-product","3":"status-publish","4":"has-post-thumbnail","6":"product_brand-perkins","7":"product_cat-heavy-equipment-parts","8":"product_cat-perkins-engine-parts","9":"product_cat-perkins-service-repair-parts","10":"product_tag-heavy-equipment-spare-parts","11":"product_tag-timing-belt","12":"product_tag-toothed-drive-belt","14":"first","15":"instock","16":"shipping-taxable","17":"product-type-simple"},"_links":{"self":[{"href":"https:\/\/template07.zehannet.net\/vi\/wp-json\/wp\/v2\/product\/1647","targetHints":{"allow":["GET"]}}],"collection":[{"href":"https:\/\/template07.zehannet.net\/vi\/wp-json\/wp\/v2\/product"}],"about":[{"href":"https:\/\/template07.zehannet.net\/vi\/wp-json\/wp\/v2\/types\/product"}],"wp:featuredmedia":[{"embeddable":true,"href":"https:\/\/template07.zehannet.net\/vi\/wp-json\/wp\/v2\/media\/1651"}],"wp:attachment":[{"href":"https:\/\/template07.zehannet.net\/vi\/wp-json\/wp\/v2\/media?parent=1647"}],"wp:term":[{"taxonomy":"product_brand","embeddable":true,"href":"https:\/\/template07.zehannet.net\/vi\/wp-json\/wp\/v2\/product_brand?post=1647"},{"taxonomy":"product_cat","embeddable":true,"href":"https:\/\/template07.zehannet.net\/vi\/wp-json\/wp\/v2\/product_cat?post=1647"},{"taxonomy":"product_tag","embeddable":true,"href":"https:\/\/template07.zehannet.net\/vi\/wp-json\/wp\/v2\/product_tag?post=1647"}],"curies":[{"name":"wp","href":"https:\/\/api.w.org\/{rel}","templated":true}]}}