{"id":1642,"date":"2026-04-10T10:23:43","date_gmt":"2026-04-10T10:23:43","guid":{"rendered":"https:\/\/template07.zehannet.net\/?post_type=product&#038;p=1642"},"modified":"2026-04-11T04:54:49","modified_gmt":"2026-04-11T04:54:49","slug":"perkins-se478f-rocker-cover-gasket-for-4016-engine","status":"publish","type":"product","link":"https:\/\/template07.zehannet.net\/vi\/perkins-se478f-rocker-cover-gasket-for-4016-engine\/","title":{"rendered":"Mi\u1ebfng \u0111\u1ec7m n\u1eafp van Perkins SE478F d\u00e0nh cho \u0111\u1ed9ng c\u01a1 4016"},"content":{"rendered":"<p>Mi\u1ebfng \u0111\u1ec7m n\u1eafp \u0111\u1ed9ng c\u01a1 n\u00e0y l\u00e0 m\u1ed9t b\u1ed9 ph\u1eadn l\u00e0m k\u00edn ch\u00ednh x\u00e1c \u0111\u01b0\u1ee3c s\u1eed d\u1ee5ng trong \u0111\u1ed9ng c\u01a1 diesel v\u00e0 c\u00e1c h\u1ec7 th\u1ed1ng thi\u1ebft b\u1ecb h\u1ea1ng n\u1eb7ng. S\u1ea3n ph\u1ea9m \u0111\u01b0\u1ee3c thi\u1ebft k\u1ebf \u0111\u1ec3 ng\u0103n ch\u1eb7n r\u00f2 r\u1ec9 d\u1ea7u ho\u1eb7c ch\u1ea5t l\u1ecfng, duy tr\u00ec t\u00ednh to\u00e0n v\u1eb9n c\u1ee7a l\u1edbp l\u00e0m k\u00edn v\u00e0 h\u1ed7 tr\u1ee3 hi\u1ec7u su\u1ea5t \u0111\u1ed9ng c\u01a1 \u1ed5n \u0111\u1ecbnh trong c\u00e1c \u0111i\u1ec1u ki\u1ec7n l\u00e0m vi\u1ec7c kh\u1eafc nghi\u1ec7t. C\u00f4ng ty TNHH Ph\u1ee5 t\u00f9ng Jinan Ruipo, th\u00e0nh l\u1eadp n\u0103m 2014, c\u00f3 h\u01a1n 10 n\u0103m kinh nghi\u1ec7m cung c\u1ea5p ph\u1ee5 t\u00f9ng ch\u00ednh h\u00e3ng c\u1ee7a Caterpillar, Perkins, Komatsu v\u00e0 Volvo. S\u1ea3n ph\u1ea9m c\u1ee7a ch\u00fang t\u00f4i \u0111\u01b0\u1ee3c s\u1eed d\u1ee5ng r\u1ed9ng r\u00e3i trong c\u00e1c ng\u00e0nh khai th\u00e1c m\u1ecf, x\u00e2y d\u1ef1ng v\u00e0 s\u1ea3n xu\u1ea5t \u0111i\u1ec7n, gi\u00fap kh\u00e1ch h\u00e0ng n\u00e2ng cao \u0111\u1ed9 tin c\u1eady c\u1ee7a thi\u1ebft b\u1ecb, gi\u1ea3m th\u1eddi gian ng\u1eebng ho\u1ea1t \u0111\u1ed9ng v\u00e0 \u0111\u1ea3m b\u1ea3o hi\u1ec7u qu\u1ea3 v\u1eadn h\u00e0nh l\u00e2u d\u00e0i v\u1edbi c\u00e1c ph\u1ee5 t\u00f9ng thay th\u1ebf ch\u00ednh h\u00e3ng \u0111\u00e1ng tin c\u1eady.<\/p>","protected":false},"excerpt":{"rendered":"<p>Mi\u1ebfng \u0111\u1ec7m n\u1eafp \u0111\u1ed9ng c\u01a1 n\u00e0y \u0111\u01b0\u1ee3c thi\u1ebft k\u1ebf \u0111\u1ec3 t\u1ea1o ra m\u1ed9t l\u1edbp k\u00edn ch\u1eafc ch\u1eafn, ch\u1ed1ng r\u00f2 r\u1ec9 cho \u0111\u1ed9ng c\u01a1 diesel v\u00e0 thi\u1ebft b\u1ecb h\u1ea1ng n\u1eb7ng. Ph\u00f9 h\u1ee3p v\u1edbi c\u00e1c \u1ee9ng d\u1ee5ng \u0111\u00f2i h\u1ecfi kh\u1eaft khe trong ng\u00e0nh khai th\u00e1c m\u1ecf, x\u00e2y d\u1ef1ng v\u00e0 s\u1ea3n xu\u1ea5t \u0111i\u1ec7n, s\u1ea3n ph\u1ea9m n\u00e0y gi\u00fap duy tr\u00ec hi\u1ec7u su\u1ea5t \u0111\u1ed9ng c\u01a1 v\u00e0 \u0111\u1ea3m b\u1ea3o ho\u1ea1t \u0111\u1ed9ng \u1ed5n \u0111\u1ecbnh.<\/p>","protected":false},"featured_media":1643,"template":"","meta":{"_gspb_post_css":""},"product_brand":[476],"product_cat":[15,378,387],"product_tag":[452,451,449],"class_list":{"0":"post-1642","1":"product","2":"type-product","3":"status-publish","4":"has-post-thumbnail","6":"product_brand-perkins","7":"product_cat-heavy-equipment-parts","8":"product_cat-perkins-engine-parts","9":"product_cat-perkins-service-repair-parts","10":"product_tag-diesel-engine-gasket","11":"product_tag-engine-cover-gasket","12":"product_tag-heavy-equipment-spare-parts","14":"first","15":"instock","16":"shipping-taxable","17":"product-type-simple"},"_links":{"self":[{"href":"https:\/\/template07.zehannet.net\/vi\/wp-json\/wp\/v2\/product\/1642","targetHints":{"allow":["GET"]}}],"collection":[{"href":"https:\/\/template07.zehannet.net\/vi\/wp-json\/wp\/v2\/product"}],"about":[{"href":"https:\/\/template07.zehannet.net\/vi\/wp-json\/wp\/v2\/types\/product"}],"wp:featuredmedia":[{"embeddable":true,"href":"https:\/\/template07.zehannet.net\/vi\/wp-json\/wp\/v2\/media\/1643"}],"wp:attachment":[{"href":"https:\/\/template07.zehannet.net\/vi\/wp-json\/wp\/v2\/media?parent=1642"}],"wp:term":[{"taxonomy":"product_brand","embeddable":true,"href":"https:\/\/template07.zehannet.net\/vi\/wp-json\/wp\/v2\/product_brand?post=1642"},{"taxonomy":"product_cat","embeddable":true,"href":"https:\/\/template07.zehannet.net\/vi\/wp-json\/wp\/v2\/product_cat?post=1642"},{"taxonomy":"product_tag","embeddable":true,"href":"https:\/\/template07.zehannet.net\/vi\/wp-json\/wp\/v2\/product_tag?post=1642"}],"curies":[{"name":"wp","href":"https:\/\/api.w.org\/{rel}","templated":true}]}}