{"id":1635,"date":"2026-04-10T10:19:34","date_gmt":"2026-04-10T10:19:34","guid":{"rendered":"https:\/\/template07.zehannet.net\/?post_type=product&#038;p=1635"},"modified":"2026-04-11T04:54:54","modified_gmt":"2026-04-11T04:54:54","slug":"perkins-se573-1-thermostat-for-4016-engine","status":"publish","type":"product","link":"https:\/\/template07.zehannet.net\/vi\/perkins-se573-1-thermostat-for-4016-engine\/","title":{"rendered":"B\u1ed9 \u0111i\u1ec1u ch\u1ec9nh nhi\u1ec7t Perkins SE573\/1 d\u00e0nh cho \u0111\u1ed9ng c\u01a1 4016"},"content":{"rendered":"<p>S\u1ea3n ph\u1ea9m n\u00e0y l\u00e0 van \u0111i\u1ec1u ch\u1ec9nh nhi\u1ec7t \u0111\u1ed9 \u0111\u1ed9ng c\u01a1 d\u00e0nh cho \u0111\u1ed9ng c\u01a1 diesel v\u00e0 h\u1ec7 th\u1ed1ng l\u00e0m m\u00e1t c\u1ee7a thi\u1ebft b\u1ecb h\u1ea1ng n\u1eb7ng. Van n\u00e0y t\u1ef1 \u0111\u1ed9ng m\u1edf v\u00e0 \u0111\u00f3ng d\u1ef1a tr\u00ean nhi\u1ec7t \u0111\u1ed9, \u0111i\u1ec1u ch\u1ec9nh l\u01b0u l\u01b0\u1ee3ng ch\u1ea5t l\u00e0m m\u00e1t gi\u1eefa \u0111\u1ed9ng c\u01a1 v\u00e0 b\u1ed9 t\u1ea3n nhi\u1ec7t. \u0110i\u1ec1u n\u00e0y gi\u00fap \u0111\u1ed9ng c\u01a1 n\u00f3ng m\u00e1y nhanh h\u01a1n, duy tr\u00ec nhi\u1ec7t \u0111\u1ed9 ho\u1ea1t \u0111\u1ed9ng th\u00edch h\u1ee3p v\u00e0 gi\u1ea3m nguy c\u01a1 qu\u00e1 nhi\u1ec7t. M\u1ed9t van nhi\u1ec7t \u0111\u00e1ng tin c\u1eady h\u1ed7 tr\u1ee3 qu\u00e1 tr\u00ecnh \u0111\u1ed1t ch\u00e1y hi\u1ec7u qu\u1ea3, hi\u1ec7u su\u1ea5t \u1ed5n \u0111\u1ecbnh v\u00e0 k\u00e9o d\u00e0i tu\u1ed5i th\u1ecd \u0111\u1ed9ng c\u01a1 trong \u0111i\u1ec1u ki\u1ec7n kh\u1eafc nghi\u1ec7t. C\u00f4ng ty TNHH Ph\u1ee5 t\u00f9ng Jinan Ruipo cung c\u1ea5p ph\u1ee5 t\u00f9ng ch\u00ednh h\u00e3ng cho m\u00e1y m\u00f3c c\u1ee7a Caterpillar, Perkins, Komatsu v\u00e0 Volvo, ph\u1ee5c v\u1ee5 kh\u00e1ch h\u00e0ng trong c\u00e1c l\u0129nh v\u1ef1c khai th\u00e1c m\u1ecf, x\u00e2y d\u1ef1ng v\u00e0 s\u1ea3n xu\u1ea5t \u0111i\u1ec7n tr\u00ean to\u00e0n th\u1ebf gi\u1edbi v\u1edbi c\u00e1c ph\u1ee5 t\u00f9ng \u0111\u1ed9ng c\u01a1 v\u00e0 thi\u1ebft b\u1ecb ch\u00ednh h\u00e3ng \u0111\u00e1ng tin c\u1eady.<\/p>","protected":false},"excerpt":{"rendered":"<p>S\u1ea3n ph\u1ea9m n\u00e0y l\u00e0 m\u1ed9t b\u1ed9 \u0111i\u1ec1u ch\u1ec9nh nhi\u1ec7t \u0111\u1ed9ng c\u01a1, c\u00f3 ch\u1ee9c n\u0103ng \u0111i\u1ec1u ti\u1ebft l\u01b0u l\u01b0\u1ee3ng ch\u1ea5t l\u00e0m m\u00e1t v\u00e0 duy tr\u00ec nhi\u1ec7t \u0111\u1ed9 ho\u1ea1t \u0111\u1ed9ng th\u00edch h\u1ee3p cho \u0111\u1ed9ng c\u01a1. R\u1ea5t ph\u00f9 h\u1ee3p cho \u0111\u1ed9ng c\u01a1 diesel v\u00e0 thi\u1ebft b\u1ecb h\u1ea1ng n\u1eb7ng, s\u1ea3n ph\u1ea9m gi\u00fap gi\u1ea3m nguy c\u01a1 qu\u00e1 nhi\u1ec7t, n\u00e2ng cao hi\u1ec7u qu\u1ea3 l\u00e0m n\u00f3ng \u0111\u1ed9ng c\u01a1 v\u00e0 \u0111\u1ea3m b\u1ea3o hi\u1ec7u su\u1ea5t \u1ed5n \u0111\u1ecbnh trong c\u00e1c \u0111i\u1ec1u ki\u1ec7n l\u00e0m vi\u1ec7c kh\u1eafc nghi\u1ec7t.<\/p>","protected":false},"featured_media":1641,"template":"","meta":{"_gspb_post_css":""},"product_brand":[476],"product_cat":[15,378,387],"product_tag":[436,450,449],"class_list":{"0":"post-1635","1":"product","2":"type-product","3":"status-publish","4":"has-post-thumbnail","6":"product_brand-perkins","7":"product_cat-heavy-equipment-parts","8":"product_cat-perkins-engine-parts","9":"product_cat-perkins-service-repair-parts","10":"product_tag-diesel-engine-parts","11":"product_tag-engine-thermostat","12":"product_tag-heavy-equipment-spare-parts","14":"first","15":"instock","16":"shipping-taxable","17":"product-type-simple"},"_links":{"self":[{"href":"https:\/\/template07.zehannet.net\/vi\/wp-json\/wp\/v2\/product\/1635","targetHints":{"allow":["GET"]}}],"collection":[{"href":"https:\/\/template07.zehannet.net\/vi\/wp-json\/wp\/v2\/product"}],"about":[{"href":"https:\/\/template07.zehannet.net\/vi\/wp-json\/wp\/v2\/types\/product"}],"wp:featuredmedia":[{"embeddable":true,"href":"https:\/\/template07.zehannet.net\/vi\/wp-json\/wp\/v2\/media\/1641"}],"wp:attachment":[{"href":"https:\/\/template07.zehannet.net\/vi\/wp-json\/wp\/v2\/media?parent=1635"}],"wp:term":[{"taxonomy":"product_brand","embeddable":true,"href":"https:\/\/template07.zehannet.net\/vi\/wp-json\/wp\/v2\/product_brand?post=1635"},{"taxonomy":"product_cat","embeddable":true,"href":"https:\/\/template07.zehannet.net\/vi\/wp-json\/wp\/v2\/product_cat?post=1635"},{"taxonomy":"product_tag","embeddable":true,"href":"https:\/\/template07.zehannet.net\/vi\/wp-json\/wp\/v2\/product_tag?post=1635"}],"curies":[{"name":"wp","href":"https:\/\/api.w.org\/{rel}","templated":true}]}}