{"id":1629,"date":"2026-04-10T10:06:27","date_gmt":"2026-04-10T10:06:27","guid":{"rendered":"https:\/\/template07.zehannet.net\/?post_type=product&#038;p=1629"},"modified":"2026-04-11T04:54:58","modified_gmt":"2026-04-11T04:54:58","slug":"perkins-se152d-26-rocker-case-gasket-for-4016-engine","status":"publish","type":"product","link":"https:\/\/template07.zehannet.net\/vi\/perkins-se152d-26-rocker-case-gasket-for-4016-engine\/","title":{"rendered":"Mi\u1ebfng \u0111\u1ec7m v\u1ecf tr\u1ee5c cam Perkins SE152D\/26 cho \u0111\u1ed9ng c\u01a1 4016"},"content":{"rendered":"<p>B\u1ed9 gio\u0103ng \u0111\u1ed9ng c\u01a1 hai xi-lanh n\u00e0y \u0111\u01b0\u1ee3c thi\u1ebft k\u1ebf d\u00e0nh cho c\u00e1c \u1ee9ng d\u1ee5ng s\u1eeda ch\u1eefa, b\u1ea3o d\u01b0\u1ee1ng v\u00e0 \u0111\u1ea1i tu \u0111\u1ed9ng c\u01a1. B\u1ed9 s\u1ea3n ph\u1ea9m bao g\u1ed3m c\u00e1c b\u1ed9 ph\u1eadn l\u00e0m k\u00edn quan tr\u1ecdng nh\u01b0 gio\u0103ng n\u1eafp m\u00e1y, gio\u0103ng n\u1eafp tr\u1ee5c khu\u1ef7u v\u00e0 gio\u0103ng d\u1ea7u, gi\u00fap ng\u0103n ng\u1eeba r\u00f2 r\u1ec9 v\u00e0 duy tr\u00ec hi\u1ec7u su\u1ea5t \u1ed5n \u0111\u1ecbnh c\u1ee7a \u0111\u1ed9ng c\u01a1. Ph\u00f9 h\u1ee3p cho vi\u1ec7c b\u1ea3o d\u01b0\u1ee1ng thi\u1ebft b\u1ecb n\u1eb7ng v\u00e0 \u0111\u1ed9ng c\u01a1 c\u00f4ng nghi\u1ec7p, b\u1ed9 s\u1ea3n ph\u1ea9m n\u00e0y \u0111\u1ea3m b\u1ea3o ho\u1ea1t \u0111\u1ed9ng \u0111\u00e1ng tin c\u1eady trong c\u00e1c m\u00f4i tr\u01b0\u1eddng kh\u1eafc nghi\u1ec7t. C\u00f4ng ty TNHH Ph\u1ee5 t\u00f9ng Jinan Ruipo, th\u00e0nh l\u1eadp n\u0103m 2014, c\u00f3 h\u01a1n 10 n\u0103m kinh nghi\u1ec7m cung c\u1ea5p ph\u1ee5 t\u00f9ng \u0111\u1ed9ng c\u01a1 v\u00e0 thi\u1ebft b\u1ecb n\u1eb7ng ch\u00ednh h\u00e3ng. Ch\u00fang t\u00f4i t\u1eadp trung v\u00e0o c\u00e1c ph\u1ee5 t\u00f9ng ch\u00ednh h\u00e3ng c\u1ee7a Caterpillar, Perkins, Komatsu v\u00e0 Volvo cho kh\u00e1ch h\u00e0ng trong c\u00e1c ng\u00e0nh khai th\u00e1c m\u1ecf, x\u00e2y d\u1ef1ng v\u00e0 s\u1ea3n xu\u1ea5t \u0111i\u1ec7n tr\u00ean to\u00e0n th\u1ebf gi\u1edbi.<\/p>","protected":false},"excerpt":{"rendered":"<p>B\u1ed9 gio\u0103ng \u0111\u1ed9ng c\u01a1 hai xi-lanh n\u00e0y bao g\u1ed3m c\u00e1c b\u1ed9 ph\u1eadn l\u00e0m k\u00edn thi\u1ebft y\u1ebfu cho vi\u1ec7c \u0111\u1ea1i tu v\u00e0 s\u1eeda ch\u1eefa \u0111\u1ed9ng c\u01a1. \u0110\u01b0\u1ee3c thi\u1ebft k\u1ebf \u0111\u1ec3 \u0111\u1ea3m b\u1ea3o \u0111\u1ed9 kh\u00edt ch\u1eb7t v\u00e0 ng\u0103n ng\u1eeba r\u00f2 r\u1ec9, b\u1ed9 s\u1ea3n ph\u1ea9m n\u00e0y gi\u00fap duy tr\u00ec hi\u1ec7u su\u1ea5t \u0111\u1ed9ng c\u01a1 trong c\u00e1c thi\u1ebft b\u1ecb n\u1eb7ng, m\u00e1y m\u00f3c x\u00e2y d\u1ef1ng v\u00e0 c\u00e1c \u1ee9ng d\u1ee5ng s\u1ea3n xu\u1ea5t \u0111i\u1ec7n.<\/p>","protected":false},"featured_media":1634,"template":"","meta":{"_gspb_post_css":""},"product_brand":[476],"product_cat":[15,378],"product_tag":[447,449,448],"class_list":{"0":"post-1629","1":"product","2":"type-product","3":"status-publish","4":"has-post-thumbnail","6":"product_brand-perkins","7":"product_cat-heavy-equipment-parts","8":"product_cat-perkins-engine-parts","9":"product_tag-engine-gasket-set","10":"product_tag-heavy-equipment-spare-parts","11":"product_tag-twin-cylinder-gasket-kit","13":"first","14":"instock","15":"shipping-taxable","16":"product-type-simple"},"_links":{"self":[{"href":"https:\/\/template07.zehannet.net\/vi\/wp-json\/wp\/v2\/product\/1629","targetHints":{"allow":["GET"]}}],"collection":[{"href":"https:\/\/template07.zehannet.net\/vi\/wp-json\/wp\/v2\/product"}],"about":[{"href":"https:\/\/template07.zehannet.net\/vi\/wp-json\/wp\/v2\/types\/product"}],"wp:featuredmedia":[{"embeddable":true,"href":"https:\/\/template07.zehannet.net\/vi\/wp-json\/wp\/v2\/media\/1634"}],"wp:attachment":[{"href":"https:\/\/template07.zehannet.net\/vi\/wp-json\/wp\/v2\/media?parent=1629"}],"wp:term":[{"taxonomy":"product_brand","embeddable":true,"href":"https:\/\/template07.zehannet.net\/vi\/wp-json\/wp\/v2\/product_brand?post=1629"},{"taxonomy":"product_cat","embeddable":true,"href":"https:\/\/template07.zehannet.net\/vi\/wp-json\/wp\/v2\/product_cat?post=1629"},{"taxonomy":"product_tag","embeddable":true,"href":"https:\/\/template07.zehannet.net\/vi\/wp-json\/wp\/v2\/product_tag?post=1629"}],"curies":[{"name":"wp","href":"https:\/\/api.w.org\/{rel}","templated":true}]}}