{"id":1624,"date":"2026-04-10T09:54:08","date_gmt":"2026-04-10T09:54:08","guid":{"rendered":"https:\/\/template07.zehannet.net\/?post_type=product&#038;p=1624"},"modified":"2026-04-11T04:55:02","modified_gmt":"2026-04-11T04:55:02","slug":"perkins-26510353-air-filter-for-1006-diesel-engines","status":"publish","type":"product","link":"https:\/\/template07.zehannet.net\/vi\/perkins-26510353-air-filter-for-1006-diesel-engines\/","title":{"rendered":"B\u1ed9 l\u1ecdc kh\u00ed Perkins 26510353 d\u00e0nh cho \u0111\u1ed9ng c\u01a1 diesel 1006"},"content":{"rendered":"<p>B\u1ed9 l\u1ecdc kh\u00ed Perkins 26510353 l\u00e0 m\u1ed9t b\u1ed9 ph\u1eadn n\u1ea1p kh\u00ed \u0111\u1ed9ng c\u01a1 \u0111\u00e1ng tin c\u1eady, \u0111\u01b0\u1ee3c thi\u1ebft k\u1ebf d\u00e0nh ri\u00eang cho c\u00e1c \u0111\u1ed9ng c\u01a1 diesel Perkins, bao g\u1ed3m c\u00e1c m\u1eabu 1006TG1A, 1006TG2A, 1006TAG1 v\u00e0 1006TAG2. \u0110\u01b0\u1ee3c s\u1ea3n xu\u1ea5t theo ti\u00eau chu\u1ea9n t\u01b0\u01a1ng th\u00edch v\u1edbi OEM, s\u1ea3n ph\u1ea9m n\u00e0y mang l\u1ea1i hi\u1ec7u qu\u1ea3 l\u1ecdc cao \u0111\u1ec3 lo\u1ea1i b\u1ecf b\u1ee5i, b\u1ea9n v\u00e0 c\u00e1c h\u1ea1t c\u00f3 h\u1ea1i kh\u00e1c tr\u01b0\u1edbc khi ch\u00fang x\u00e2m nh\u1eadp v\u00e0o \u0111\u1ed9ng c\u01a1. \u0110i\u1ec1u n\u00e0y gi\u00fap duy tr\u00ec qu\u00e1 tr\u00ecnh \u0111\u1ed1t ch\u00e1y s\u1ea1ch, n\u00e2ng cao hi\u1ec7u su\u1ea5t ho\u1ea1t \u0111\u1ed9ng, gi\u1ea3m m\u00e0i m\u00f2n b\u00ean trong v\u00e0 k\u00e9o d\u00e0i tu\u1ed5i th\u1ecd \u0111\u1ed9ng c\u01a1. \u0110\u01b0\u1ee3c s\u1eed d\u1ee5ng r\u1ed9ng r\u00e3i trong c\u00e1c b\u1ed9 ph\u00e1t \u0111i\u1ec7n, thi\u1ebft b\u1ecb c\u00f4ng nghi\u1ec7p v\u00e0 m\u00e1y m\u00f3c h\u1ea1ng n\u1eb7ng, b\u1ed9 l\u1ecdc kh\u00ed n\u00e0y l\u00e0 l\u1ef1a ch\u1ecdn thay th\u1ebf l\u00fd t\u01b0\u1edfng cho hi\u1ec7u su\u1ea5t \u0111\u00e1ng tin c\u1eady. C\u00f4ng ty TNHH Ph\u1ee5 t\u00f9ng Jinan Ruipo cung c\u1ea5p c\u00e1c b\u1ed9 ph\u1eadn \u0111\u1ed9ng c\u01a1 v\u00e0 thi\u1ebft b\u1ecb h\u1ea1ng n\u1eb7ng ch\u00ednh h\u00e3ng v\u1edbi s\u1ef1 h\u1ed7 tr\u1ee3 xu\u1ea5t kh\u1ea9u chuy\u00ean nghi\u1ec7p.<\/p>","protected":false},"excerpt":{"rendered":"<p>B\u1ed9 l\u1ecdc kh\u00ed Perkins 26510353 l\u00e0 s\u1ea3n ph\u1ea9m thay th\u1ebf b\u1ec1n b\u1ec9, t\u01b0\u01a1ng th\u00edch v\u1edbi thi\u1ebft b\u1ecb g\u1ed1c (OEM) d\u00e0nh cho \u0111\u1ed9ng c\u01a1 diesel Perkins. S\u1ea3n ph\u1ea9m n\u00e0y gi\u00fap l\u1ecdc b\u1ee5i v\u00e0 c\u00e1c ch\u1ea5t \u00f4 nhi\u1ec5m trong kh\u00f4ng kh\u00ed, h\u1ed7 tr\u1ee3 qu\u00e1 tr\u00ecnh \u0111\u1ed1t ch\u00e1y hi\u1ec7u qu\u1ea3, gi\u1ea3m m\u00e0i m\u00f2n \u0111\u1ed9ng c\u01a1 v\u00e0 g\u00f3p ph\u1ea7n k\u00e9o d\u00e0i tu\u1ed5i th\u1ecd c\u1ee7a c\u00e1c b\u1ed9 m\u00e1y ph\u00e1t \u0111i\u1ec7n, m\u00e1y m\u00f3c c\u00f4ng nghi\u1ec7p v\u00e0 thi\u1ebft b\u1ecb h\u1ea1ng n\u1eb7ng.<\/p>","protected":false},"featured_media":1625,"template":"","meta":{"_gspb_post_css":""},"product_brand":[476],"product_cat":[401,417,405],"product_tag":[446,444,445],"class_list":{"0":"post-1624","1":"product","2":"type-product","3":"status-publish","4":"has-post-thumbnail","6":"product_brand-perkins","7":"product_cat-filter-products","8":"product_cat-perkins-air-filters","9":"product_cat-perkins-filters","10":"product_tag-diesel-engine-air-filter","11":"product_tag-perkins-26510353-air-filter","12":"product_tag-perkins-engine-parts","14":"first","15":"instock","16":"shipping-taxable","17":"product-type-simple"},"_links":{"self":[{"href":"https:\/\/template07.zehannet.net\/vi\/wp-json\/wp\/v2\/product\/1624","targetHints":{"allow":["GET"]}}],"collection":[{"href":"https:\/\/template07.zehannet.net\/vi\/wp-json\/wp\/v2\/product"}],"about":[{"href":"https:\/\/template07.zehannet.net\/vi\/wp-json\/wp\/v2\/types\/product"}],"wp:featuredmedia":[{"embeddable":true,"href":"https:\/\/template07.zehannet.net\/vi\/wp-json\/wp\/v2\/media\/1625"}],"wp:attachment":[{"href":"https:\/\/template07.zehannet.net\/vi\/wp-json\/wp\/v2\/media?parent=1624"}],"wp:term":[{"taxonomy":"product_brand","embeddable":true,"href":"https:\/\/template07.zehannet.net\/vi\/wp-json\/wp\/v2\/product_brand?post=1624"},{"taxonomy":"product_cat","embeddable":true,"href":"https:\/\/template07.zehannet.net\/vi\/wp-json\/wp\/v2\/product_cat?post=1624"},{"taxonomy":"product_tag","embeddable":true,"href":"https:\/\/template07.zehannet.net\/vi\/wp-json\/wp\/v2\/product_tag?post=1624"}],"curies":[{"name":"wp","href":"https:\/\/api.w.org\/{rel}","templated":true}]}}