{"id":1614,"date":"2026-04-10T09:45:34","date_gmt":"2026-04-10T09:45:34","guid":{"rendered":"https:\/\/template07.zehannet.net\/?post_type=product&#038;p=1614"},"modified":"2026-04-11T04:55:15","modified_gmt":"2026-04-11T04:55:15","slug":"perkins-sev551f-4-air-filter-for-2506-and-2806-diesel-engines","status":"publish","type":"product","link":"https:\/\/template07.zehannet.net\/vi\/perkins-sev551f-4-air-filter-for-2506-and-2806-diesel-engines\/","title":{"rendered":"B\u1ed9 l\u1ecdc kh\u00ed Perkins SEV551F\/4 d\u00e0nh cho \u0111\u1ed9ng c\u01a1 diesel 2506 v\u00e0 2806"},"content":{"rendered":"<p>B\u1ed9 l\u1ecdc kh\u00ed Perkins SEV551F\/4 l\u00e0 b\u1ed9 l\u1ecdc kh\u00ed ch\u1ea5t l\u01b0\u1ee3ng cao, t\u01b0\u01a1ng th\u00edch v\u1edbi c\u00e1c linh ki\u1ec7n ch\u00ednh h\u00e3ng (OEM), d\u00e0nh cho \u0111\u1ed9ng c\u01a1 diesel Perkins 2506 v\u00e0 2806. \u0110\u01b0\u1ee3c thi\u1ebft k\u1ebf cho h\u1ec7 th\u1ed1ng n\u1ea1p kh\u00ed c\u1ee7a \u0111\u1ed9ng c\u01a1, s\u1ea3n ph\u1ea9m n\u00e0y gi\u00fap lo\u1ea1i b\u1ecf b\u1ee5i, b\u1ea9n v\u00e0 c\u00e1c t\u1ea1p ch\u1ea5t trong kh\u00f4ng kh\u00ed tr\u01b0\u1edbc khi ch\u00fang x\u00e2m nh\u1eadp v\u00e0o \u0111\u1ed9ng c\u01a1. \u0110i\u1ec1u n\u00e0y g\u00f3p ph\u1ea7n mang l\u1ea1i qu\u00e1 tr\u00ecnh \u0111\u1ed1t ch\u00e1y s\u1ea1ch h\u01a1n, hi\u1ec7u su\u1ea5t \u1ed5n \u0111\u1ecbnh h\u01a1n v\u00e0 gi\u1ea3m thi\u1ec3u s\u1ef1 m\u00e0i m\u00f2n b\u00ean trong. Ph\u00f9 h\u1ee3p cho c\u00e1c b\u1ed9 m\u00e1y ph\u00e1t \u0111i\u1ec7n, m\u00e1y m\u00f3c c\u00f4ng nghi\u1ec7p v\u00e0 thi\u1ebft b\u1ecb h\u1ea1ng n\u1eb7ng, SEV551F\/4 mang l\u1ea1i kh\u1ea3 n\u0103ng l\u1ecdc \u0111\u00e1ng tin c\u1eady v\u00e0 tu\u1ed5i th\u1ecd d\u00e0i. S\u1ea3n ph\u1ea9m t\u01b0\u01a1ng th\u00edch v\u1edbi c\u00e1c m\u1eabu Perkins 2506C-E15TAG1, 2506C-E15TAG2, 2806A-E18TAG1A v\u00e0 2806A-E18TAG2, khi\u1ebfn n\u00f3 tr\u1edf th\u00e0nh l\u1ef1a ch\u1ecdn thay th\u1ebf \u0111\u00e1ng tin c\u1eady cho c\u00e1c m\u00f4i tr\u01b0\u1eddng v\u1eadn h\u00e0nh kh\u1eafc nghi\u1ec7t v\u00e0 c\u00e1c \u1ee9ng d\u1ee5ng \u0111i\u1ec7n li\u00ean t\u1ee5c, n\u01a1i vi\u1ec7c b\u1ea3o v\u1ec7 \u0111\u1ed9ng c\u01a1 l\u00e0 \u0111i\u1ec1u thi\u1ebft y\u1ebfu h\u00e0ng ng\u00e0y t\u1ea1i c\u00f4ng tr\u01b0\u1eddng.<\/p>","protected":false},"excerpt":{"rendered":"<p>B\u1ed9 l\u1ecdc kh\u00ed Perkins SEV551F\/4 l\u00e0 s\u1ea3n ph\u1ea9m thay th\u1ebf ch\u1ea5t l\u01b0\u1ee3ng cao d\u00e0nh cho \u0111\u1ed9ng c\u01a1 diesel Perkins 2506 v\u00e0 2806. S\u1ea3n ph\u1ea9m n\u00e0y gi\u00fap l\u1ecdc b\u1ee5i v\u00e0 c\u00e1c ch\u1ea5t \u00f4 nhi\u1ec5m trong kh\u00f4ng kh\u00ed, duy tr\u00ec kh\u00f4ng kh\u00ed n\u1ea1p s\u1ea1ch, h\u1ed7 tr\u1ee3 qu\u00e1 tr\u00ecnh \u0111\u1ed1t ch\u00e1y hi\u1ec7u qu\u1ea3, gi\u1ea3m m\u00e0i m\u00f2n v\u00e0 k\u00e9o d\u00e0i tu\u1ed5i th\u1ecd \u0111\u1ed9ng c\u01a1 trong c\u00e1c b\u1ed9 ph\u00e1t \u0111i\u1ec7n v\u00e0 thi\u1ebft b\u1ecb h\u1ea1ng n\u1eb7ng.<\/p>","protected":false},"featured_media":1618,"template":"","meta":{"_gspb_post_css":""},"product_brand":[476],"product_cat":[401,417,405],"product_tag":[441,428,440],"class_list":{"0":"post-1614","1":"product","2":"type-product","3":"status-publish","4":"has-post-thumbnail","6":"product_brand-perkins","7":"product_cat-filter-products","8":"product_cat-perkins-air-filters","9":"product_cat-perkins-filters","10":"product_tag-2506-2806-engine-parts","11":"product_tag-perkins-air-filter","12":"product_tag-sev551f4","14":"first","15":"instock","16":"shipping-taxable","17":"product-type-simple"},"_links":{"self":[{"href":"https:\/\/template07.zehannet.net\/vi\/wp-json\/wp\/v2\/product\/1614","targetHints":{"allow":["GET"]}}],"collection":[{"href":"https:\/\/template07.zehannet.net\/vi\/wp-json\/wp\/v2\/product"}],"about":[{"href":"https:\/\/template07.zehannet.net\/vi\/wp-json\/wp\/v2\/types\/product"}],"wp:featuredmedia":[{"embeddable":true,"href":"https:\/\/template07.zehannet.net\/vi\/wp-json\/wp\/v2\/media\/1618"}],"wp:attachment":[{"href":"https:\/\/template07.zehannet.net\/vi\/wp-json\/wp\/v2\/media?parent=1614"}],"wp:term":[{"taxonomy":"product_brand","embeddable":true,"href":"https:\/\/template07.zehannet.net\/vi\/wp-json\/wp\/v2\/product_brand?post=1614"},{"taxonomy":"product_cat","embeddable":true,"href":"https:\/\/template07.zehannet.net\/vi\/wp-json\/wp\/v2\/product_cat?post=1614"},{"taxonomy":"product_tag","embeddable":true,"href":"https:\/\/template07.zehannet.net\/vi\/wp-json\/wp\/v2\/product_tag?post=1614"}],"curies":[{"name":"wp","href":"https:\/\/api.w.org\/{rel}","templated":true}]}}