{"id":1607,"date":"2026-04-10T09:34:10","date_gmt":"2026-04-10T09:34:10","guid":{"rendered":"https:\/\/template07.zehannet.net\/?post_type=product&#038;p=1607"},"modified":"2026-04-11T04:55:21","modified_gmt":"2026-04-11T04:55:21","slug":"perkins-541-398-alternator-belt-for-4016-engine","status":"publish","type":"product","link":"https:\/\/template07.zehannet.net\/vi\/perkins-541-398-alternator-belt-for-4016-engine\/","title":{"rendered":"D\u00e2y curoa m\u00e1y ph\u00e1t \u0111i\u1ec7n Perkins 541\/398 d\u00e0nh cho \u0111\u1ed9ng c\u01a1 4016"},"content":{"rendered":"<p>D\u00e2y curoa m\u00e1y ph\u00e1t \u0111i\u1ec7n Perkins 541\/398 \u0111\u01b0\u1ee3c thi\u1ebft k\u1ebf d\u00e0nh cho \u0111\u1ed9ng c\u01a1 d\u00f2ng Perkins 4016, \u0111\u01b0\u1ee3c s\u1eed d\u1ee5ng trong c\u00e1c b\u1ed9 m\u00e1y ph\u00e1t \u0111i\u1ec7n diesel v\u00e0 m\u00e1y m\u00f3c c\u00f4ng nghi\u1ec7p. \u0110\u01b0\u1ee3c s\u1ea3n xu\u1ea5t theo ti\u00eau chu\u1ea9n OEM, s\u1ea3n ph\u1ea9m n\u00e0y \u0111\u1ea3m b\u1ea3o truy\u1ec1n \u0111\u1ed9ng \u1ed5n \u0111\u1ecbnh, \u0111\u1ed9 b\u1ec1n v\u01b0\u1ee3t tr\u1ed9i v\u00e0 hi\u1ec7u su\u1ea5t ho\u1ea1t \u0111\u1ed9ng l\u00e2u d\u00e0i ngay c\u1ea3 trong \u0111i\u1ec1u ki\u1ec7n l\u00e0m vi\u1ec7c kh\u1eafc nghi\u1ec7t. D\u00e2y curoa n\u00e0y l\u00e0 ph\u1ee5 t\u00f9ng thay th\u1ebf l\u00fd t\u01b0\u1edfng \u0111\u1ec3 duy tr\u00ec hi\u1ec7u su\u1ea5t \u0111\u1ed9ng c\u01a1 v\u00e0 \u0111\u1ea3m b\u1ea3o m\u00e1y ph\u00e1t \u0111i\u1ec7n ho\u1ea1t \u0111\u1ed9ng \u0111\u00e1ng tin c\u1eady. \u0110\u01b0\u1ee3c cung c\u1ea5p b\u1edfi C\u00f4ng ty TNHH Ph\u1ee5 t\u00f9ng Jinan Ruipo, s\u1ea3n ph\u1ea9m n\u00e0y th\u1ec3 hi\u1ec7n cam k\u1ebft c\u1ee7a ch\u00fang t\u00f4i \u0111\u1ed1i v\u1edbi c\u00e1c ph\u1ee5 t\u00f9ng \u0111\u1ed9ng c\u01a1 v\u00e0 thi\u1ebft b\u1ecb n\u1eb7ng ch\u00ednh h\u00e3ng ch\u1ea5t l\u01b0\u1ee3ng cao. V\u1edbi h\u01a1n 10 n\u0103m kinh nghi\u1ec7m trong ng\u00e0nh, RUIPO mang \u0111\u1ebfn gi\u00e1 c\u1ea3 c\u1ea1nh tranh, v\u1eadn chuy\u1ec3n nhanh ch\u00f3ng tr\u00ean to\u00e0n th\u1ebf gi\u1edbi v\u00e0 d\u1ecbch v\u1ee5 \u0111\u00e1ng tin c\u1eady cho kh\u00e1ch h\u00e0ng trong c\u00e1c ng\u00e0nh khai th\u00e1c m\u1ecf, x\u00e2y d\u1ef1ng v\u00e0 s\u1ea3n xu\u1ea5t \u0111i\u1ec7n.<\/p>","protected":false},"excerpt":{"rendered":"<p>D\u00e2y curoa m\u00e1y ph\u00e1t \u0111i\u1ec7n Perkins 541\/398 d\u00e0nh cho \u0111\u1ed9ng c\u01a1 d\u00f2ng 4016, b\u1ed9 m\u00e1y ph\u00e1t \u0111i\u1ec7n diesel v\u00e0 m\u00e1y m\u00f3c c\u00f4ng nghi\u1ec7p. \u0110\u01b0\u1ee3c thi\u1ebft k\u1ebf \u0111\u1ec3 truy\u1ec1n \u0111\u1ed9ng \u1ed5n \u0111\u1ecbnh, \u0111\u1ed9 b\u1ec1n cao v\u00e0 tu\u1ed5i th\u1ecd d\u00e0i, \u0111\u1ea3m b\u1ea3o \u0111\u1ed9 kh\u1edbp chu\u1ea9n OEM \u0111\u00e1ng tin c\u1eady.<\/p>","protected":false},"featured_media":1613,"template":"","meta":{"_gspb_post_css":""},"product_brand":[476],"product_cat":[15,378,391],"product_tag":[439,438,437],"class_list":{"0":"post-1607","1":"product","2":"type-product","3":"status-publish","4":"has-post-thumbnail","6":"product_brand-perkins","7":"product_cat-heavy-equipment-parts","8":"product_cat-perkins-engine-parts","9":"product_cat-perkins-sensors-wiring","10":"product_tag-oem-engine-spare-parts","11":"product_tag-perkins-4016-parts","12":"product_tag-perkins-alternator-belt","14":"first","15":"instock","16":"shipping-taxable","17":"product-type-simple"},"_links":{"self":[{"href":"https:\/\/template07.zehannet.net\/vi\/wp-json\/wp\/v2\/product\/1607","targetHints":{"allow":["GET"]}}],"collection":[{"href":"https:\/\/template07.zehannet.net\/vi\/wp-json\/wp\/v2\/product"}],"about":[{"href":"https:\/\/template07.zehannet.net\/vi\/wp-json\/wp\/v2\/types\/product"}],"wp:featuredmedia":[{"embeddable":true,"href":"https:\/\/template07.zehannet.net\/vi\/wp-json\/wp\/v2\/media\/1613"}],"wp:attachment":[{"href":"https:\/\/template07.zehannet.net\/vi\/wp-json\/wp\/v2\/media?parent=1607"}],"wp:term":[{"taxonomy":"product_brand","embeddable":true,"href":"https:\/\/template07.zehannet.net\/vi\/wp-json\/wp\/v2\/product_brand?post=1607"},{"taxonomy":"product_cat","embeddable":true,"href":"https:\/\/template07.zehannet.net\/vi\/wp-json\/wp\/v2\/product_cat?post=1607"},{"taxonomy":"product_tag","embeddable":true,"href":"https:\/\/template07.zehannet.net\/vi\/wp-json\/wp\/v2\/product_tag?post=1607"}],"curies":[{"name":"wp","href":"https:\/\/api.w.org\/{rel}","templated":true}]}}