{"id":1602,"date":"2026-04-10T09:28:41","date_gmt":"2026-04-10T09:28:41","guid":{"rendered":"https:\/\/template07.zehannet.net\/?post_type=product&#038;p=1602"},"modified":"2026-04-11T04:55:25","modified_gmt":"2026-04-11T04:55:25","slug":"perkins-5578106-pre-fuel-filter-assembly-diesel-engine-parts","status":"publish","type":"product","link":"https:\/\/template07.zehannet.net\/vi\/perkins-5578106-pre-fuel-filter-assembly-diesel-engine-parts\/","title":{"rendered":"B\u1ed9 l\u1ecdc nhi\u00ean li\u1ec7u tr\u01b0\u1edbc Perkins 5578106 | Ph\u1ee5 t\u00f9ng \u0111\u1ed9ng c\u01a1 diesel"},"content":{"rendered":"<p>B\u1ed9 l\u1ecdc nhi\u00ean li\u1ec7u Perkins 5578106 l\u00e0 m\u1ed9t b\u1ed9 ph\u1eadn \u0111\u00e1ng tin c\u1eady trong h\u1ec7 th\u1ed1ng nhi\u00ean li\u1ec7u diesel, \u0111\u01b0\u1ee3c thi\u1ebft k\u1ebf \u0111\u1ec3 n\u00e2ng cao \u0111\u1ed9 s\u1ea1ch c\u1ee7a nhi\u00ean li\u1ec7u v\u00e0 b\u1ea3o v\u1ec7 \u0111\u1ed9ng c\u01a1. \u0110\u01b0\u1ee3c trang b\u1ecb c\u1ea3m bi\u1ebfn n\u01b0\u1edbc t\u00edch h\u1ee3p, b\u1ed9 l\u1ecdc n\u00e0y gi\u00fap ph\u00e1t hi\u1ec7n s\u1ef1 nhi\u1ec5m n\u01b0\u1edbc \u0111\u1ed3ng th\u1eddi lo\u1ea1i b\u1ecf c\u00e1c t\u1ea1p ch\u1ea5t c\u00f3 th\u1ec3 g\u00e2y h\u01b0 h\u1ecfng c\u00e1c b\u1ed9 ph\u1eadn \u0111\u1ed9ng c\u01a1. B\u1ed9 l\u1ecdc n\u00e0y h\u1ed7 tr\u1ee3 vi\u1ec7c cung c\u1ea5p nhi\u00ean li\u1ec7u \u1ed5n \u0111\u1ecbnh v\u00e0 v\u1eadn h\u00e0nh \u0111\u1ed9ng c\u01a1 hi\u1ec7u qu\u1ea3, ph\u00f9 h\u1ee3p cho c\u00e1c \u0111\u1ed9ng c\u01a1 diesel Perkins \u0111\u01b0\u1ee3c s\u1eed d\u1ee5ng trong m\u00e1y ph\u00e1t \u0111i\u1ec7n v\u00e0 thi\u1ebft b\u1ecb c\u00f4ng nghi\u1ec7p. C\u00f4ng ty TNHH Ph\u1ee5 t\u00f9ng Jinan Ruipo cung c\u1ea5p c\u00e1c b\u1ed9 ph\u1eadn \u0111\u1ed9ng c\u01a1 ch\u1ea5t l\u01b0\u1ee3ng OEM v\u1edbi hi\u1ec7u su\u1ea5t \u0111\u00e1ng tin c\u1eady v\u00e0 gi\u00e1 c\u1ea3 c\u1ea1nh tranh. Ch\u00fang t\u00f4i h\u1ed7 tr\u1ee3 \u0111\u01a1n h\u00e0ng s\u1ed1 l\u01b0\u1ee3ng l\u1edbn v\u00e0 d\u1ecbch v\u1ee5 chuy\u00ean nghi\u1ec7p. H\u00e3y li\u00ean h\u1ec7 v\u1edbi ch\u00fang t\u00f4i ngay h\u00f4m nay \u0111\u1ec3 bi\u1ebft th\u00f4ng tin v\u1ec1 gi\u00e1 c\u1ea3, t\u00ecnh tr\u1ea1ng h\u00e0ng v\u00e0 th\u00f4ng tin k\u1ef9 thu\u1eadt.<\/p>","protected":false},"excerpt":{"rendered":"<p>B\u1ed9 l\u1ecdc nhi\u00ean li\u1ec7u Perkins 5578106 \u0111\u01b0\u1ee3c thi\u1ebft k\u1ebf d\u00e0nh cho h\u1ec7 th\u1ed1ng nhi\u00ean li\u1ec7u diesel v\u00e0 \u0111\u01b0\u1ee3c trang b\u1ecb c\u1ea3m bi\u1ebfn n\u01b0\u1edbc t\u00edch h\u1ee3p \u0111\u1ec3 theo d\u00f5i ch\u00ednh x\u00e1c. S\u1ea3n ph\u1ea9m n\u00e0y lo\u1ea1i b\u1ecf n\u01b0\u1edbc v\u00e0 t\u1ea1p ch\u1ea5t kh\u1ecfi nhi\u00ean li\u1ec7u, gi\u00fap b\u1ea3o v\u1ec7 \u0111\u1ed9ng c\u01a1 v\u00e0 duy tr\u00ec hi\u1ec7u su\u1ea5t \u1ed5n \u0111\u1ecbnh cho m\u00e1y ph\u00e1t \u0111i\u1ec7n v\u00e0 thi\u1ebft b\u1ecb c\u00f4ng nghi\u1ec7p.<\/p>","protected":false},"featured_media":1606,"template":"","meta":{"_gspb_post_css":""},"product_brand":[476],"product_cat":[401,405,415],"product_tag":[436,435,434],"class_list":{"0":"post-1602","1":"product","2":"type-product","3":"status-publish","4":"has-post-thumbnail","6":"product_brand-perkins","7":"product_cat-filter-products","8":"product_cat-perkins-filters","9":"product_cat-perkins-fuel-filters","10":"product_tag-diesel-engine-parts","11":"product_tag-fuel-filter-assembly","12":"product_tag-perkins-5578106","14":"first","15":"instock","16":"shipping-taxable","17":"product-type-simple"},"_links":{"self":[{"href":"https:\/\/template07.zehannet.net\/vi\/wp-json\/wp\/v2\/product\/1602","targetHints":{"allow":["GET"]}}],"collection":[{"href":"https:\/\/template07.zehannet.net\/vi\/wp-json\/wp\/v2\/product"}],"about":[{"href":"https:\/\/template07.zehannet.net\/vi\/wp-json\/wp\/v2\/types\/product"}],"wp:featuredmedia":[{"embeddable":true,"href":"https:\/\/template07.zehannet.net\/vi\/wp-json\/wp\/v2\/media\/1606"}],"wp:attachment":[{"href":"https:\/\/template07.zehannet.net\/vi\/wp-json\/wp\/v2\/media?parent=1602"}],"wp:term":[{"taxonomy":"product_brand","embeddable":true,"href":"https:\/\/template07.zehannet.net\/vi\/wp-json\/wp\/v2\/product_brand?post=1602"},{"taxonomy":"product_cat","embeddable":true,"href":"https:\/\/template07.zehannet.net\/vi\/wp-json\/wp\/v2\/product_cat?post=1602"},{"taxonomy":"product_tag","embeddable":true,"href":"https:\/\/template07.zehannet.net\/vi\/wp-json\/wp\/v2\/product_tag?post=1602"}],"curies":[{"name":"wp","href":"https:\/\/api.w.org\/{rel}","templated":true}]}}