{"id":1584,"date":"2026-04-10T09:04:33","date_gmt":"2026-04-10T09:04:33","guid":{"rendered":"https:\/\/template07.zehannet.net\/?post_type=product&#038;p=1584"},"modified":"2026-04-11T04:55:42","modified_gmt":"2026-04-11T04:55:42","slug":"perkins-se429-fuel-filter-for-4016-diesel-engine","status":"publish","type":"product","link":"https:\/\/template07.zehannet.net\/vi\/perkins-se429-fuel-filter-for-4016-diesel-engine\/","title":{"rendered":"B\u1ed9 l\u1ecdc nhi\u00ean li\u1ec7u Perkins SE429 d\u00e0nh cho \u0111\u1ed9ng c\u01a1 diesel 4016"},"content":{"rendered":"<p>B\u1ed9 l\u1ecdc nhi\u00ean li\u1ec7u Perkins SE429 l\u00e0 gi\u1ea3i ph\u00e1p l\u1ecdc cao c\u1ea5p \u0111\u01b0\u1ee3c thi\u1ebft k\u1ebf d\u00e0nh ri\u00eang cho \u0111\u1ed9ng c\u01a1 diesel d\u00f2ng Perkins 4016, c\u00e1c b\u1ed9 m\u00e1y ph\u00e1t \u0111i\u1ec7n v\u00e0 thi\u1ebft b\u1ecb c\u00f4ng nghi\u1ec7p. \u0110\u01b0\u1ee3c s\u1ea3n xu\u1ea5t theo ti\u00eau chu\u1ea9n OEM, s\u1ea3n ph\u1ea9m n\u00e0y \u0111\u1ea3m b\u1ea3o \u0111\u1ed9 kh\u1edbp ch\u00ednh x\u00e1c, kh\u1ea3 n\u0103ng l\u1ecdc nhi\u00ean li\u1ec7u hi\u1ec7u qu\u1ea3 v\u00e0 t\u00e1ch n\u01b0\u1edbc \u0111\u00e1ng tin c\u1eady, gi\u00fap duy tr\u00ec h\u1ec7 th\u1ed1ng nhi\u00ean li\u1ec7u lu\u00f4n s\u1ea1ch s\u1ebd v\u00e0 b\u1ea3o v\u1ec7 kim phun. Thi\u1ebft k\u1ebf b\u1ec1n b\u1ec9 c\u1ee7a s\u1ea3n ph\u1ea9m \u0111\u1ea3m b\u1ea3o tu\u1ed5i th\u1ecd d\u00e0i v\u00e0 hi\u1ec7u su\u1ea5t \u0111\u1ed9ng c\u01a1 \u1ed5n \u0111\u1ecbnh ngay c\u1ea3 trong \u0111i\u1ec1u ki\u1ec7n v\u1eadn h\u00e0nh kh\u1eafc nghi\u1ec7t. RUIPO cung c\u1ea5p ph\u1ee5 t\u00f9ng ch\u00ednh h\u00e3ng Perkins v\u1edbi ch\u1ea5t l\u01b0\u1ee3ng \u0111\u00e1ng tin c\u1eady, gi\u00e1 c\u1ea3 c\u1ea1nh tranh v\u00e0 d\u1ecbch v\u1ee5 v\u1eadn chuy\u1ec3n nhanh ch\u00f3ng tr\u00ean to\u00e0n th\u1ebf gi\u1edbi. B\u1ed9 l\u1ecdc n\u00e0y l\u00e0 s\u1ef1 l\u1ef1a ch\u1ecdn l\u00fd t\u01b0\u1edfng cho kh\u00e1ch h\u00e0ng trong c\u00e1c l\u0129nh v\u1ef1c khai th\u00e1c m\u1ecf, x\u00e2y d\u1ef1ng v\u00e0 s\u1ea3n xu\u1ea5t \u0111i\u1ec7n \u0111ang t\u00ecm ki\u1ebfm c\u00e1c ph\u1ee5 t\u00f9ng b\u1ea3o tr\u00ec \u0111\u00e1ng tin c\u1eady \u0111\u1ec3 \u0111\u1ea3m b\u1ea3o thi\u1ebft b\u1ecb ho\u1ea1t \u0111\u1ed9ng li\u00ean t\u1ee5c v\u00e0 hi\u1ec7u qu\u1ea3 ngay h\u00f4m nay.<\/p>","protected":false},"excerpt":{"rendered":"<p>B\u1ed9 l\u1ecdc nhi\u00ean li\u1ec7u Perkins SE429 l\u00e0 b\u1ed9 l\u1ecdc \u0111\u1ea1t ti\u00eau chu\u1ea9n OEM d\u00e0nh cho \u0111\u1ed9ng c\u01a1 diesel 4016 v\u00e0 c\u00e1c b\u1ed9 m\u00e1y ph\u00e1t \u0111i\u1ec7n. S\u1ea3n ph\u1ea9m n\u00e0y lo\u1ea1i b\u1ecf t\u1ea1p ch\u1ea5t v\u00e0 n\u01b0\u1edbc \u0111\u1ec3 \u0111\u1ea3m b\u1ea3o nhi\u00ean li\u1ec7u \u0111\u01b0\u1ee3c cung c\u1ea5p s\u1ea1ch, b\u1ea3o v\u1ec7 kim phun v\u00e0 mang l\u1ea1i hi\u1ec7u su\u1ea5t \u0111\u00e1ng tin c\u1eady c\u00f9ng tu\u1ed5i th\u1ecd cao.<\/p>","protected":false},"featured_media":1589,"template":"","meta":{"_gspb_post_css":""},"product_brand":[476],"product_cat":[401,405,415],"product_tag":[427,426,425],"class_list":{"0":"post-1584","1":"product","2":"type-product","3":"status-publish","4":"has-post-thumbnail","6":"product_brand-perkins","7":"product_cat-filter-products","8":"product_cat-perkins-filters","9":"product_cat-perkins-fuel-filters","10":"product_tag-generator-fuel-filter","11":"product_tag-perkins-4016-engine-parts","12":"product_tag-perkins-se429-fuel-filter","14":"first","15":"instock","16":"shipping-taxable","17":"product-type-simple"},"_links":{"self":[{"href":"https:\/\/template07.zehannet.net\/vi\/wp-json\/wp\/v2\/product\/1584","targetHints":{"allow":["GET"]}}],"collection":[{"href":"https:\/\/template07.zehannet.net\/vi\/wp-json\/wp\/v2\/product"}],"about":[{"href":"https:\/\/template07.zehannet.net\/vi\/wp-json\/wp\/v2\/types\/product"}],"wp:featuredmedia":[{"embeddable":true,"href":"https:\/\/template07.zehannet.net\/vi\/wp-json\/wp\/v2\/media\/1589"}],"wp:attachment":[{"href":"https:\/\/template07.zehannet.net\/vi\/wp-json\/wp\/v2\/media?parent=1584"}],"wp:term":[{"taxonomy":"product_brand","embeddable":true,"href":"https:\/\/template07.zehannet.net\/vi\/wp-json\/wp\/v2\/product_brand?post=1584"},{"taxonomy":"product_cat","embeddable":true,"href":"https:\/\/template07.zehannet.net\/vi\/wp-json\/wp\/v2\/product_cat?post=1584"},{"taxonomy":"product_tag","embeddable":true,"href":"https:\/\/template07.zehannet.net\/vi\/wp-json\/wp\/v2\/product_tag?post=1584"}],"curies":[{"name":"wp","href":"https:\/\/api.w.org\/{rel}","templated":true}]}}