{"id":1672,"date":"2026-04-10T10:56:12","date_gmt":"2026-04-10T10:56:12","guid":{"rendered":"https:\/\/template07.zehannet.net\/?post_type=product&#038;p=1672"},"modified":"2026-04-11T04:54:14","modified_gmt":"2026-04-11T04:54:14","slug":"perkins-26510380-air-filter-for-1104c-diesel-engine","status":"publish","type":"product","link":"https:\/\/template07.zehannet.net\/tr\/perkins-26510380-air-filter-for-1104c-diesel-engine\/","title":{"rendered":"Perkins 26510380 1104C Dizel Motor i\u00e7in Hava Filtresi"},"content":{"rendered":"<p>Perkins 2652C847 hava filtresi, Perkins 1104D dizel motorlar i\u00e7in tasarlanm\u0131\u015f y\u00fcksek kaliteli bir yedek par\u00e7ad\u0131r. Tozu, kiri ve havadaki di\u011fer kirleticileri motora girmeden \u00f6nce etkili bir \u015fekilde temizleyerek temiz hava ak\u0131\u015f\u0131n\u0131n ve verimli yanman\u0131n korunmas\u0131na yard\u0131mc\u0131 olur. Bu hava filtresi, istikrarl\u0131 motor performans\u0131n\u0131 destekler, i\u00e7 a\u015f\u0131nmay\u0131 azalt\u0131r ve zorlu uygulamalarda hizmet \u00f6mr\u00fcn\u00fc uzat\u0131r. \u0130n\u015faat ekipmanlar\u0131, madencilik makineleri ve enerji \u00fcretim sistemleri i\u00e7in uygundur. Dayan\u0131kl\u0131 yap\u0131s\u0131 ve g\u00fcvenilir filtreleme verimlili\u011fi ile 2652C847 hava filtresi, Perkins dizel motorlar\u0131n zorlu \u00e7al\u0131\u015fma ko\u015fullar\u0131nda uzun servis aral\u0131klar\u0131 boyunca g\u00fcvenilir ve verimli bir \u015fekilde \u00e7al\u0131\u015fmas\u0131n\u0131 sa\u011flamak i\u00e7in \u00f6nemli bir bak\u0131m par\u00e7as\u0131d\u0131r.<\/p>","protected":false},"excerpt":{"rendered":"<p>Perkins 2652C847 hava filtresi, emme havas\u0131ndaki tozu ve kirleticileri gidermek \u00fczere 1104D dizel motorlar i\u00e7in tasarlanm\u0131\u015ft\u0131r. Motor bile\u015fenlerinin korunmas\u0131na yard\u0131mc\u0131 olur, verimli yanmay\u0131 destekler ve zorlu \u00e7al\u0131\u015fma ko\u015fullar\u0131nda istikrarl\u0131 performans\u0131 korur.<\/p>","protected":false},"featured_media":1673,"template":"","meta":{"_gspb_post_css":""},"product_brand":[476],"product_cat":[401,417,405],"product_tag":[463,461,428],"class_list":{"0":"post-1672","1":"product","2":"type-product","3":"status-publish","4":"has-post-thumbnail","6":"product_brand-perkins","7":"product_cat-filter-products","8":"product_cat-perkins-air-filters","9":"product_cat-perkins-filters","10":"product_tag-1104d-engine-parts","11":"product_tag-2652c847","12":"product_tag-perkins-air-filter","14":"first","15":"instock","16":"shipping-taxable","17":"product-type-simple"},"_links":{"self":[{"href":"https:\/\/template07.zehannet.net\/tr\/wp-json\/wp\/v2\/product\/1672","targetHints":{"allow":["GET"]}}],"collection":[{"href":"https:\/\/template07.zehannet.net\/tr\/wp-json\/wp\/v2\/product"}],"about":[{"href":"https:\/\/template07.zehannet.net\/tr\/wp-json\/wp\/v2\/types\/product"}],"wp:featuredmedia":[{"embeddable":true,"href":"https:\/\/template07.zehannet.net\/tr\/wp-json\/wp\/v2\/media\/1673"}],"wp:attachment":[{"href":"https:\/\/template07.zehannet.net\/tr\/wp-json\/wp\/v2\/media?parent=1672"}],"wp:term":[{"taxonomy":"product_brand","embeddable":true,"href":"https:\/\/template07.zehannet.net\/tr\/wp-json\/wp\/v2\/product_brand?post=1672"},{"taxonomy":"product_cat","embeddable":true,"href":"https:\/\/template07.zehannet.net\/tr\/wp-json\/wp\/v2\/product_cat?post=1672"},{"taxonomy":"product_tag","embeddable":true,"href":"https:\/\/template07.zehannet.net\/tr\/wp-json\/wp\/v2\/product_tag?post=1672"}],"curies":[{"name":"wp","href":"https:\/\/api.w.org\/{rel}","templated":true}]}}