{"id":1668,"date":"2026-04-10T10:48:32","date_gmt":"2026-04-10T10:48:32","guid":{"rendered":"https:\/\/template07.zehannet.net\/?post_type=product&#038;p=1668"},"modified":"2026-04-11T04:54:20","modified_gmt":"2026-04-11T04:54:20","slug":"perkins-2652c847-air-filter-for-1104d-diesel-engines","status":"publish","type":"product","link":"https:\/\/template07.zehannet.net\/tr\/perkins-2652c847-air-filter-for-1104d-diesel-engines\/","title":{"rendered":"Perkins 2652C847 1104D Dizel Motorlar i\u00e7in Hava Filtresi"},"content":{"rendered":"<p>Perkins 2652C847 hava filtresi, a\u011f\u0131r ekipman ve end\u00fcstriyel uygulamalarda kullan\u0131lan Perkins 1104D dizel motorlar i\u00e7in tasarlanm\u0131\u015f y\u00fcksek kaliteli bir yedek par\u00e7ad\u0131r. Toz, d\u00f6k\u00fcnt\u00fc ve di\u011fer zararl\u0131 partik\u00fclleri motora girmeden \u00f6nce yakalayarak temiz emme havas\u0131 ak\u0131\u015f\u0131n\u0131n korunmas\u0131na yard\u0131mc\u0131 olur. Bu, yanma verimlili\u011fini destekler, dahili bile\u015fenlerdeki a\u015f\u0131nmay\u0131 azalt\u0131r ve motor hizmet \u00f6mr\u00fcn\u00fc uzat\u0131r. Zorlu ortamlarda g\u00fcvenilir performans i\u00e7in \u00fcretilen bu filtre in\u015faat, madencilik ve enerji \u00fcretim ekipmanlar\u0131 i\u00e7in uygundur. Zorlu ko\u015fullarda g\u00fcnl\u00fck operasyonlar ve bak\u0131m programlar\u0131 boyunca Perkins ile \u00e7al\u0131\u015fan makineler i\u00e7in dayan\u0131kl\u0131 filtreleme, g\u00fcvenilir montaj ve tutarl\u0131 koruma arayan m\u00fc\u015fteriler i\u00e7in ideal bir se\u00e7imdir.<\/p>","protected":false},"excerpt":{"rendered":"<p>Perkins 2652C847 hava filtresi, 1104D dizel motorlar i\u00e7in tasarlanm\u0131\u015ft\u0131r ve toz ve kirleticilerin emme sistemine girmesini engellemeye yard\u0131mc\u0131 olur. \u0130n\u015faat, madencilik ve enerji \u00fcretimi ekipmanlar\u0131nda g\u00fcvenilir hava ak\u0131\u015f\u0131, motor korumas\u0131 ve uzun hizmet \u00f6mr\u00fc i\u00e7in \u00fcretilmi\u015ftir.<\/p>","protected":false},"featured_media":1669,"template":"","meta":{"_gspb_post_css":""},"product_brand":[476],"product_cat":[401,417,405],"product_tag":[462,461,428],"class_list":{"0":"post-1668","1":"product","2":"type-product","3":"status-publish","4":"has-post-thumbnail","6":"product_brand-perkins","7":"product_cat-filter-products","8":"product_cat-perkins-air-filters","9":"product_cat-perkins-filters","10":"product_tag-1104d-diesel-engine-parts","11":"product_tag-2652c847","12":"product_tag-perkins-air-filter","14":"first","15":"instock","16":"shipping-taxable","17":"product-type-simple"},"_links":{"self":[{"href":"https:\/\/template07.zehannet.net\/tr\/wp-json\/wp\/v2\/product\/1668","targetHints":{"allow":["GET"]}}],"collection":[{"href":"https:\/\/template07.zehannet.net\/tr\/wp-json\/wp\/v2\/product"}],"about":[{"href":"https:\/\/template07.zehannet.net\/tr\/wp-json\/wp\/v2\/types\/product"}],"wp:featuredmedia":[{"embeddable":true,"href":"https:\/\/template07.zehannet.net\/tr\/wp-json\/wp\/v2\/media\/1669"}],"wp:attachment":[{"href":"https:\/\/template07.zehannet.net\/tr\/wp-json\/wp\/v2\/media?parent=1668"}],"wp:term":[{"taxonomy":"product_brand","embeddable":true,"href":"https:\/\/template07.zehannet.net\/tr\/wp-json\/wp\/v2\/product_brand?post=1668"},{"taxonomy":"product_cat","embeddable":true,"href":"https:\/\/template07.zehannet.net\/tr\/wp-json\/wp\/v2\/product_cat?post=1668"},{"taxonomy":"product_tag","embeddable":true,"href":"https:\/\/template07.zehannet.net\/tr\/wp-json\/wp\/v2\/product_tag?post=1668"}],"curies":[{"name":"wp","href":"https:\/\/api.w.org\/{rel}","templated":true}]}}