{"id":1647,"date":"2026-04-10T10:29:12","date_gmt":"2026-04-10T10:29:12","guid":{"rendered":"https:\/\/template07.zehannet.net\/?post_type=product&#038;p=1647"},"modified":"2026-04-11T04:54:43","modified_gmt":"2026-04-11T04:54:43","slug":"perkins-541-427-fan-belt-for-4016-diesel-engine","status":"publish","type":"product","link":"https:\/\/template07.zehannet.net\/tr\/perkins-541-427-fan-belt-for-4016-diesel-engine\/","title":{"rendered":"Perkins 541\/427 4016 Dizel Motor i\u00e7in Fan Kay\u0131\u015f\u0131"},"content":{"rendered":"<p>Bu triger kay\u0131\u015f\u0131, a\u011f\u0131r ekipmanlarda ve motor sistemlerinde sorunsuz ve do\u011fru g\u00fc\u00e7 aktar\u0131m\u0131 i\u00e7in kullan\u0131lan y\u00fcksek kaliteli bir di\u015fli tahrik kay\u0131\u015f\u0131d\u0131r. Dayan\u0131kl\u0131 kau\u00e7uk malzemelerden \u00fcretilmi\u015ftir ve zorlu \u00e7al\u0131\u015fma ko\u015fullar\u0131 alt\u0131nda iyi esneklik, a\u015f\u0131nma direnci ve uzun hizmet \u00f6mr\u00fc sa\u011flar. \u0130n\u015faat, madencilik ve end\u00fcstriyel uygulamalarda makine bak\u0131m ve de\u011fi\u015ftirme ihtiya\u00e7lar\u0131 i\u00e7in uygundur. \u0130stikrarl\u0131 performans ve g\u00fcvenilir kalite ile bu kay\u0131\u015f, aktar\u0131m verimlili\u011fini art\u0131rmaya yard\u0131mc\u0131 olur ve g\u00fcvenilir motor \u00e7al\u0131\u015fmas\u0131n\u0131 destekler. Dayan\u0131kl\u0131 ve uygun maliyetli a\u011f\u0131r ekipman yedek bile\u015fenleri arayan m\u00fc\u015fteriler i\u00e7in \u00f6nemli bir yedek par\u00e7ad\u0131r.<\/p>","protected":false},"excerpt":{"rendered":"<p>Bu a\u011f\u0131r ekipman triger kay\u0131\u015f\u0131, dengeli aktar\u0131m ve g\u00fcvenilir motor \u00e7al\u0131\u015fmas\u0131 i\u00e7in tasarlanm\u0131\u015f dayan\u0131kl\u0131 di\u015fli bir kau\u00e7uk tahrik kay\u0131\u015f\u0131d\u0131r. Motor ve makine bak\u0131m uygulamalar\u0131 i\u00e7in iyi a\u015f\u0131nma direnci, esnek performans ve g\u00fcvenilir hizmet \u00f6mr\u00fc sunar.<\/p>","protected":false},"featured_media":1651,"template":"","meta":{"_gspb_post_css":""},"product_brand":[476],"product_cat":[15,378,387],"product_tag":[449,453,454],"class_list":{"0":"post-1647","1":"product","2":"type-product","3":"status-publish","4":"has-post-thumbnail","6":"product_brand-perkins","7":"product_cat-heavy-equipment-parts","8":"product_cat-perkins-engine-parts","9":"product_cat-perkins-service-repair-parts","10":"product_tag-heavy-equipment-spare-parts","11":"product_tag-timing-belt","12":"product_tag-toothed-drive-belt","14":"first","15":"instock","16":"shipping-taxable","17":"product-type-simple"},"_links":{"self":[{"href":"https:\/\/template07.zehannet.net\/tr\/wp-json\/wp\/v2\/product\/1647","targetHints":{"allow":["GET"]}}],"collection":[{"href":"https:\/\/template07.zehannet.net\/tr\/wp-json\/wp\/v2\/product"}],"about":[{"href":"https:\/\/template07.zehannet.net\/tr\/wp-json\/wp\/v2\/types\/product"}],"wp:featuredmedia":[{"embeddable":true,"href":"https:\/\/template07.zehannet.net\/tr\/wp-json\/wp\/v2\/media\/1651"}],"wp:attachment":[{"href":"https:\/\/template07.zehannet.net\/tr\/wp-json\/wp\/v2\/media?parent=1647"}],"wp:term":[{"taxonomy":"product_brand","embeddable":true,"href":"https:\/\/template07.zehannet.net\/tr\/wp-json\/wp\/v2\/product_brand?post=1647"},{"taxonomy":"product_cat","embeddable":true,"href":"https:\/\/template07.zehannet.net\/tr\/wp-json\/wp\/v2\/product_cat?post=1647"},{"taxonomy":"product_tag","embeddable":true,"href":"https:\/\/template07.zehannet.net\/tr\/wp-json\/wp\/v2\/product_tag?post=1647"}],"curies":[{"name":"wp","href":"https:\/\/api.w.org\/{rel}","templated":true}]}}