{"id":1642,"date":"2026-04-10T10:23:43","date_gmt":"2026-04-10T10:23:43","guid":{"rendered":"https:\/\/template07.zehannet.net\/?post_type=product&#038;p=1642"},"modified":"2026-04-11T04:54:49","modified_gmt":"2026-04-11T04:54:49","slug":"perkins-se478f-rocker-cover-gasket-for-4016-engine","status":"publish","type":"product","link":"https:\/\/template07.zehannet.net\/tr\/perkins-se478f-rocker-cover-gasket-for-4016-engine\/","title":{"rendered":"Perkins SE478F 4016 Motor i\u00e7in K\u00fclb\u00fct\u00f6r Kapa\u011f\u0131 Contas\u0131"},"content":{"rendered":"<p>Bu motor kapa\u011f\u0131 contas\u0131, dizel motorlarda ve a\u011f\u0131r ekipman sistemlerinde kullan\u0131lan hassas bir s\u0131zd\u0131rmazl\u0131k par\u00e7as\u0131d\u0131r. Ya\u011f veya s\u0131v\u0131 s\u0131z\u0131nt\u0131s\u0131n\u0131 \u00f6nlemek, s\u0131zd\u0131rmazl\u0131k b\u00fct\u00fcnl\u00fc\u011f\u00fcn\u00fc korumak ve zorlu \u00e7al\u0131\u015fma ko\u015fullar\u0131 alt\u0131nda istikrarl\u0131 motor performans\u0131n\u0131 desteklemek i\u00e7in tasarlanm\u0131\u015ft\u0131r. Jinan Ruipo Yedek Par\u00e7a Co, Ltd, 2014 y\u0131l\u0131nda kurulmu\u015f olup, orijinal Caterpillar, Perkins, Komatsu ve Volvo yedek par\u00e7alar\u0131 tedarik etme konusunda 10 y\u0131l\u0131 a\u015fk\u0131n deneyime sahiptir. \u00dcr\u00fcnlerimiz madencilik, in\u015faat ve enerji \u00fcretimi end\u00fcstrilerinde yayg\u0131n olarak kullan\u0131lmaktad\u0131r ve m\u00fc\u015fterilerin ekipman g\u00fcvenilirli\u011fini art\u0131rmas\u0131na, ar\u0131za s\u00fcresini azaltmas\u0131na ve g\u00fcvenilir orijinal yedek par\u00e7alarla uzun vadeli \u00e7al\u0131\u015fma verimlili\u011fi sa\u011flamas\u0131na yard\u0131mc\u0131 olmaktad\u0131r.<\/p>","protected":false},"excerpt":{"rendered":"<p>Bu motor kapa\u011f\u0131 contas\u0131, dizel motorlar ve a\u011f\u0131r ekipmanlar i\u00e7in g\u00fcvenli, s\u0131zd\u0131rmaz bir s\u0131zd\u0131rmazl\u0131k sa\u011flamak \u00fczere tasarlanm\u0131\u015ft\u0131r. Zorlu madencilik, in\u015faat ve enerji \u00fcretimi uygulamalar\u0131 i\u00e7in uygun olan bu \u00fcr\u00fcn, motor verimlili\u011finin ve g\u00fcvenilir performans\u0131n korunmas\u0131na yard\u0131mc\u0131 olur.<\/p>","protected":false},"featured_media":1643,"template":"","meta":{"_gspb_post_css":""},"product_brand":[476],"product_cat":[15,378,387],"product_tag":[452,451,449],"class_list":{"0":"post-1642","1":"product","2":"type-product","3":"status-publish","4":"has-post-thumbnail","6":"product_brand-perkins","7":"product_cat-heavy-equipment-parts","8":"product_cat-perkins-engine-parts","9":"product_cat-perkins-service-repair-parts","10":"product_tag-diesel-engine-gasket","11":"product_tag-engine-cover-gasket","12":"product_tag-heavy-equipment-spare-parts","14":"first","15":"instock","16":"shipping-taxable","17":"product-type-simple"},"_links":{"self":[{"href":"https:\/\/template07.zehannet.net\/tr\/wp-json\/wp\/v2\/product\/1642","targetHints":{"allow":["GET"]}}],"collection":[{"href":"https:\/\/template07.zehannet.net\/tr\/wp-json\/wp\/v2\/product"}],"about":[{"href":"https:\/\/template07.zehannet.net\/tr\/wp-json\/wp\/v2\/types\/product"}],"wp:featuredmedia":[{"embeddable":true,"href":"https:\/\/template07.zehannet.net\/tr\/wp-json\/wp\/v2\/media\/1643"}],"wp:attachment":[{"href":"https:\/\/template07.zehannet.net\/tr\/wp-json\/wp\/v2\/media?parent=1642"}],"wp:term":[{"taxonomy":"product_brand","embeddable":true,"href":"https:\/\/template07.zehannet.net\/tr\/wp-json\/wp\/v2\/product_brand?post=1642"},{"taxonomy":"product_cat","embeddable":true,"href":"https:\/\/template07.zehannet.net\/tr\/wp-json\/wp\/v2\/product_cat?post=1642"},{"taxonomy":"product_tag","embeddable":true,"href":"https:\/\/template07.zehannet.net\/tr\/wp-json\/wp\/v2\/product_tag?post=1642"}],"curies":[{"name":"wp","href":"https:\/\/api.w.org\/{rel}","templated":true}]}}