{"id":1629,"date":"2026-04-10T10:06:27","date_gmt":"2026-04-10T10:06:27","guid":{"rendered":"https:\/\/template07.zehannet.net\/?post_type=product&#038;p=1629"},"modified":"2026-04-11T04:54:58","modified_gmt":"2026-04-11T04:54:58","slug":"perkins-se152d-26-rocker-case-gasket-for-4016-engine","status":"publish","type":"product","link":"https:\/\/template07.zehannet.net\/tr\/perkins-se152d-26-rocker-case-gasket-for-4016-engine\/","title":{"rendered":"Perkins SE152D\/26 4016 Motor i\u00e7in K\u00fclb\u00fct\u00f6r Contas\u0131"},"content":{"rendered":"<p>Bu \u00e7ift silindirli motor conta seti motor onar\u0131m\u0131, bak\u0131m\u0131 ve revizyon uygulamalar\u0131 i\u00e7in tasarlanm\u0131\u015ft\u0131r. S\u0131z\u0131nt\u0131y\u0131 \u00f6nlemeye ve istikrarl\u0131 motor performans\u0131n\u0131 korumaya yard\u0131mc\u0131 olmak i\u00e7in kafa contalar\u0131, kapak contalar\u0131 ve ya\u011f ke\u00e7eleri gibi temel s\u0131zd\u0131rmazl\u0131k bile\u015fenlerini i\u00e7erir. A\u011f\u0131r ekipman ve end\u00fcstriyel motor servisi i\u00e7in uygun olan bu kit, zorlu ortamlarda g\u00fcvenilir \u00e7al\u0131\u015fmay\u0131 destekler. Jinan Ruipo Yedek Par\u00e7a Co, Ltd, 2014 y\u0131l\u0131nda kurulmu\u015f olup, orijinal motor ve a\u011f\u0131r ekipman par\u00e7alar\u0131 tedarikinde 10 y\u0131l\u0131 a\u015fk\u0131n deneyime sahiptir. D\u00fcnya \u00e7ap\u0131nda madencilik, in\u015faat ve enerji \u00fcretimi end\u00fcstrilerindeki m\u00fc\u015fteriler i\u00e7in orijinal Caterpillar, Perkins, Komatsu ve Volvo yedek par\u00e7alar\u0131na odaklan\u0131yoruz.<\/p>","protected":false},"excerpt":{"rendered":"<p>Bu \u00e7ift silindirli motor conta seti, motor revizyonu ve onar\u0131m\u0131 i\u00e7in gerekli s\u0131zd\u0131rmazl\u0131k bile\u015fenlerini i\u00e7erir. G\u00fcvenilir uyum ve s\u0131z\u0131nt\u0131 \u00f6nleme i\u00e7in tasarlanan bu set, a\u011f\u0131r ekipman, in\u015faat makineleri ve enerji \u00fcretimi uygulamalar\u0131nda motor performans\u0131n\u0131n korunmas\u0131na yard\u0131mc\u0131 olur.<\/p>","protected":false},"featured_media":1634,"template":"","meta":{"_gspb_post_css":""},"product_brand":[476],"product_cat":[15,378],"product_tag":[447,449,448],"class_list":{"0":"post-1629","1":"product","2":"type-product","3":"status-publish","4":"has-post-thumbnail","6":"product_brand-perkins","7":"product_cat-heavy-equipment-parts","8":"product_cat-perkins-engine-parts","9":"product_tag-engine-gasket-set","10":"product_tag-heavy-equipment-spare-parts","11":"product_tag-twin-cylinder-gasket-kit","13":"first","14":"instock","15":"shipping-taxable","16":"product-type-simple"},"_links":{"self":[{"href":"https:\/\/template07.zehannet.net\/tr\/wp-json\/wp\/v2\/product\/1629","targetHints":{"allow":["GET"]}}],"collection":[{"href":"https:\/\/template07.zehannet.net\/tr\/wp-json\/wp\/v2\/product"}],"about":[{"href":"https:\/\/template07.zehannet.net\/tr\/wp-json\/wp\/v2\/types\/product"}],"wp:featuredmedia":[{"embeddable":true,"href":"https:\/\/template07.zehannet.net\/tr\/wp-json\/wp\/v2\/media\/1634"}],"wp:attachment":[{"href":"https:\/\/template07.zehannet.net\/tr\/wp-json\/wp\/v2\/media?parent=1629"}],"wp:term":[{"taxonomy":"product_brand","embeddable":true,"href":"https:\/\/template07.zehannet.net\/tr\/wp-json\/wp\/v2\/product_brand?post=1629"},{"taxonomy":"product_cat","embeddable":true,"href":"https:\/\/template07.zehannet.net\/tr\/wp-json\/wp\/v2\/product_cat?post=1629"},{"taxonomy":"product_tag","embeddable":true,"href":"https:\/\/template07.zehannet.net\/tr\/wp-json\/wp\/v2\/product_tag?post=1629"}],"curies":[{"name":"wp","href":"https:\/\/api.w.org\/{rel}","templated":true}]}}