{"id":1624,"date":"2026-04-10T09:54:08","date_gmt":"2026-04-10T09:54:08","guid":{"rendered":"https:\/\/template07.zehannet.net\/?post_type=product&#038;p=1624"},"modified":"2026-04-11T04:55:02","modified_gmt":"2026-04-11T04:55:02","slug":"perkins-26510353-air-filter-for-1006-diesel-engines","status":"publish","type":"product","link":"https:\/\/template07.zehannet.net\/tr\/perkins-26510353-air-filter-for-1006-diesel-engines\/","title":{"rendered":"Perkins 26510353 1006 Dizel Motorlar i\u00e7in Hava Filtresi"},"content":{"rendered":"<p>Perkins 26510353 Hava Filtresi, 1006TG1A, 1006TG2A, 1006TAG1 ve 1006TAG2 modelleri dahil olmak \u00fczere Perkins dizel motorlar i\u00e7in tasarlanm\u0131\u015f g\u00fcvenilir bir motor hava giri\u015fi bile\u015fenidir. OEM uyumlu standartlara g\u00f6re \u00fcretilen bu par\u00e7a, toz, kir ve di\u011fer zararl\u0131 partik\u00fclleri motora girmeden \u00f6nce temizlemek i\u00e7in y\u00fcksek verimli filtreleme sa\u011flar. Bu, temiz yanman\u0131n korunmas\u0131na, \u00e7al\u0131\u015fma verimlili\u011finin art\u0131r\u0131lmas\u0131na, i\u00e7 a\u015f\u0131nman\u0131n azalt\u0131lmas\u0131na ve motor hizmet \u00f6mr\u00fcn\u00fcn uzat\u0131lmas\u0131na yard\u0131mc\u0131 olur. Jenerat\u00f6r setlerinde, end\u00fcstriyel ekipmanlarda ve a\u011f\u0131r i\u015f makinelerinde yayg\u0131n olarak kullan\u0131lan bu hava filtresi, g\u00fcvenilir performans i\u00e7in ideal bir yedek se\u00e7imdir. Jinan Ruipo Yedek Par\u00e7a Co, Ltd profesyonel ihracat deste\u011fi ile orijinal kalitede motor ve a\u011f\u0131r ekipman par\u00e7alar\u0131 tedarik etmektedir.<\/p>","protected":false},"excerpt":{"rendered":"<p>Perkins 26510353 Hava Filtresi, Perkins dizel motorlar i\u00e7in OEM uyumlu dayan\u0131kl\u0131 bir yedektir. Tozu ve havadaki kirleticileri yakalar, verimli yanmay\u0131 destekler, motor a\u015f\u0131nmas\u0131n\u0131 azalt\u0131r ve jenerat\u00f6r setlerinde, end\u00fcstriyel makinelerde ve a\u011f\u0131r ekipmanlarda hizmet \u00f6mr\u00fcn\u00fc uzatmaya yard\u0131mc\u0131 olur.<\/p>","protected":false},"featured_media":1625,"template":"","meta":{"_gspb_post_css":""},"product_brand":[476],"product_cat":[401,417,405],"product_tag":[446,444,445],"class_list":{"0":"post-1624","1":"product","2":"type-product","3":"status-publish","4":"has-post-thumbnail","6":"product_brand-perkins","7":"product_cat-filter-products","8":"product_cat-perkins-air-filters","9":"product_cat-perkins-filters","10":"product_tag-diesel-engine-air-filter","11":"product_tag-perkins-26510353-air-filter","12":"product_tag-perkins-engine-parts","14":"first","15":"instock","16":"shipping-taxable","17":"product-type-simple"},"_links":{"self":[{"href":"https:\/\/template07.zehannet.net\/tr\/wp-json\/wp\/v2\/product\/1624","targetHints":{"allow":["GET"]}}],"collection":[{"href":"https:\/\/template07.zehannet.net\/tr\/wp-json\/wp\/v2\/product"}],"about":[{"href":"https:\/\/template07.zehannet.net\/tr\/wp-json\/wp\/v2\/types\/product"}],"wp:featuredmedia":[{"embeddable":true,"href":"https:\/\/template07.zehannet.net\/tr\/wp-json\/wp\/v2\/media\/1625"}],"wp:attachment":[{"href":"https:\/\/template07.zehannet.net\/tr\/wp-json\/wp\/v2\/media?parent=1624"}],"wp:term":[{"taxonomy":"product_brand","embeddable":true,"href":"https:\/\/template07.zehannet.net\/tr\/wp-json\/wp\/v2\/product_brand?post=1624"},{"taxonomy":"product_cat","embeddable":true,"href":"https:\/\/template07.zehannet.net\/tr\/wp-json\/wp\/v2\/product_cat?post=1624"},{"taxonomy":"product_tag","embeddable":true,"href":"https:\/\/template07.zehannet.net\/tr\/wp-json\/wp\/v2\/product_tag?post=1624"}],"curies":[{"name":"wp","href":"https:\/\/api.w.org\/{rel}","templated":true}]}}