{"id":1614,"date":"2026-04-10T09:45:34","date_gmt":"2026-04-10T09:45:34","guid":{"rendered":"https:\/\/template07.zehannet.net\/?post_type=product&#038;p=1614"},"modified":"2026-04-11T04:55:15","modified_gmt":"2026-04-11T04:55:15","slug":"perkins-sev551f-4-air-filter-for-2506-and-2806-diesel-engines","status":"publish","type":"product","link":"https:\/\/template07.zehannet.net\/tr\/perkins-sev551f-4-air-filter-for-2506-and-2806-diesel-engines\/","title":{"rendered":"Perkins SEV551F\/4 2506 ve 2806 Dizel Motorlar i\u00e7in Hava Filtresi"},"content":{"rendered":"<p>Perkins SEV551F\/4 Hava Filtresi, Perkins 2506 ve 2806 dizel motorlar i\u00e7in y\u00fcksek kaliteli OEM uyumlu bir hava filtresidir. Motor hava giri\u015f sistemi i\u00e7in tasarlanan bu filtre, toz, kir ve havadaki kirleticilerin motora ula\u015fmadan \u00f6nce temizlenmesine yard\u0131mc\u0131 olur. Bu da daha temiz yanmay\u0131, daha istikrarl\u0131 performans\u0131 ve daha d\u00fc\u015f\u00fck i\u00e7 a\u015f\u0131nmay\u0131 destekler. Jenerat\u00f6r setleri, end\u00fcstriyel makineler ve a\u011f\u0131r i\u015f ekipmanlar\u0131 i\u00e7in uygun olan SEV551F\/4, g\u00fcvenilir filtreleme ve uzun hizmet \u00f6mr\u00fc sunar. Perkins 2506C-E15TAG1, 2506C-E15TAG2, 2806A-E18TAG1A ve 2806A-E18TAG2 modelleri ile uyumludur ve zorlu \u00e7al\u0131\u015fma ortamlar\u0131 ve sahada her g\u00fcn motor korumas\u0131n\u0131n gerekli oldu\u011fu s\u00fcrekli g\u00fc\u00e7 uygulamalar\u0131 i\u00e7in g\u00fcvenilir bir yedek se\u00e7imdir.<\/p>","protected":false},"excerpt":{"rendered":"<p>Perkins SEV551F\/4 hava filtresi, Perkins 2506 ve 2806 dizel motorlar i\u00e7in y\u00fcksek kaliteli bir yedektir. Toz ve havadaki kirleticileri yakalamaya, temiz giri\u015f havas\u0131 sa\u011flamaya, verimli yanmay\u0131 desteklemeye, a\u015f\u0131nmay\u0131 azaltmaya ve jenerat\u00f6rlerde ve a\u011f\u0131r ekipmanlarda motor hizmet \u00f6mr\u00fcn\u00fc uzatmaya yard\u0131mc\u0131 olur.<\/p>","protected":false},"featured_media":1618,"template":"","meta":{"_gspb_post_css":""},"product_brand":[476],"product_cat":[401,417,405],"product_tag":[441,428,440],"class_list":{"0":"post-1614","1":"product","2":"type-product","3":"status-publish","4":"has-post-thumbnail","6":"product_brand-perkins","7":"product_cat-filter-products","8":"product_cat-perkins-air-filters","9":"product_cat-perkins-filters","10":"product_tag-2506-2806-engine-parts","11":"product_tag-perkins-air-filter","12":"product_tag-sev551f4","14":"first","15":"instock","16":"shipping-taxable","17":"product-type-simple"},"_links":{"self":[{"href":"https:\/\/template07.zehannet.net\/tr\/wp-json\/wp\/v2\/product\/1614","targetHints":{"allow":["GET"]}}],"collection":[{"href":"https:\/\/template07.zehannet.net\/tr\/wp-json\/wp\/v2\/product"}],"about":[{"href":"https:\/\/template07.zehannet.net\/tr\/wp-json\/wp\/v2\/types\/product"}],"wp:featuredmedia":[{"embeddable":true,"href":"https:\/\/template07.zehannet.net\/tr\/wp-json\/wp\/v2\/media\/1618"}],"wp:attachment":[{"href":"https:\/\/template07.zehannet.net\/tr\/wp-json\/wp\/v2\/media?parent=1614"}],"wp:term":[{"taxonomy":"product_brand","embeddable":true,"href":"https:\/\/template07.zehannet.net\/tr\/wp-json\/wp\/v2\/product_brand?post=1614"},{"taxonomy":"product_cat","embeddable":true,"href":"https:\/\/template07.zehannet.net\/tr\/wp-json\/wp\/v2\/product_cat?post=1614"},{"taxonomy":"product_tag","embeddable":true,"href":"https:\/\/template07.zehannet.net\/tr\/wp-json\/wp\/v2\/product_tag?post=1614"}],"curies":[{"name":"wp","href":"https:\/\/api.w.org\/{rel}","templated":true}]}}