{"id":1607,"date":"2026-04-10T09:34:10","date_gmt":"2026-04-10T09:34:10","guid":{"rendered":"https:\/\/template07.zehannet.net\/?post_type=product&#038;p=1607"},"modified":"2026-04-11T04:55:21","modified_gmt":"2026-04-11T04:55:21","slug":"perkins-541-398-alternator-belt-for-4016-engine","status":"publish","type":"product","link":"https:\/\/template07.zehannet.net\/tr\/perkins-541-398-alternator-belt-for-4016-engine\/","title":{"rendered":"Perkins 541\/398 4016 Motor i\u00e7in Alternat\u00f6r Kay\u0131\u015f\u0131"},"content":{"rendered":"<p>Perkins 541\/398 Alternat\u00f6r Kay\u0131\u015f\u0131, dizel jenerat\u00f6r setlerinde ve end\u00fcstriyel makinelerde kullan\u0131lan Perkins 4016 serisi motorlar i\u00e7in tasarlanm\u0131\u015ft\u0131r. OEM standartlar\u0131na g\u00f6re \u00fcretilmi\u015ftir ve zorlu \u00e7al\u0131\u015fma ko\u015fullar\u0131nda istikrarl\u0131 g\u00fc\u00e7 aktar\u0131m\u0131, m\u00fckemmel dayan\u0131kl\u0131l\u0131k ve uzun \u00f6m\u00fcrl\u00fc servis performans\u0131 sunar. Bu kay\u0131\u015f, motor verimlili\u011fini ve g\u00fcvenilir alternat\u00f6r \u00e7al\u0131\u015fmas\u0131n\u0131 korumak i\u00e7in ideal bir yedek par\u00e7ad\u0131r. Jinan Ruipo Spare Part Co, Ltd. taraf\u0131ndan tedarik edilen bu \u00fcr\u00fcn, orijinal kalitede motor ve a\u011f\u0131r ekipman par\u00e7alar\u0131na olan ba\u011fl\u0131l\u0131\u011f\u0131m\u0131z\u0131 yans\u0131tmaktad\u0131r. RUIPO, 10 y\u0131l\u0131 a\u015fk\u0131n sekt\u00f6r deneyimiyle madencilik, in\u015faat ve enerji \u00fcretimi sekt\u00f6rlerindeki m\u00fc\u015fteriler i\u00e7in rekabet\u00e7i fiyatland\u0131rma, d\u00fcnya \u00e7ap\u0131nda h\u0131zl\u0131 sevkiyat ve g\u00fcvenilir hizmet sunmaktad\u0131r.<\/p>","protected":false},"excerpt":{"rendered":"<p>4016 serisi motorlar, dizel jenerat\u00f6r setleri ve end\u00fcstriyel makineler i\u00e7in Perkins 541\/398 alternat\u00f6r kay\u0131\u015f\u0131. G\u00fcvenilir OEM standard\u0131 uyumuyla istikrarl\u0131 g\u00fc\u00e7 aktar\u0131m\u0131, y\u00fcksek dayan\u0131kl\u0131l\u0131k ve uzun hizmet \u00f6mr\u00fc i\u00e7in tasarlanm\u0131\u015ft\u0131r.<\/p>","protected":false},"featured_media":1613,"template":"","meta":{"_gspb_post_css":""},"product_brand":[476],"product_cat":[15,378,391],"product_tag":[439,438,437],"class_list":{"0":"post-1607","1":"product","2":"type-product","3":"status-publish","4":"has-post-thumbnail","6":"product_brand-perkins","7":"product_cat-heavy-equipment-parts","8":"product_cat-perkins-engine-parts","9":"product_cat-perkins-sensors-wiring","10":"product_tag-oem-engine-spare-parts","11":"product_tag-perkins-4016-parts","12":"product_tag-perkins-alternator-belt","14":"first","15":"instock","16":"shipping-taxable","17":"product-type-simple"},"_links":{"self":[{"href":"https:\/\/template07.zehannet.net\/tr\/wp-json\/wp\/v2\/product\/1607","targetHints":{"allow":["GET"]}}],"collection":[{"href":"https:\/\/template07.zehannet.net\/tr\/wp-json\/wp\/v2\/product"}],"about":[{"href":"https:\/\/template07.zehannet.net\/tr\/wp-json\/wp\/v2\/types\/product"}],"wp:featuredmedia":[{"embeddable":true,"href":"https:\/\/template07.zehannet.net\/tr\/wp-json\/wp\/v2\/media\/1613"}],"wp:attachment":[{"href":"https:\/\/template07.zehannet.net\/tr\/wp-json\/wp\/v2\/media?parent=1607"}],"wp:term":[{"taxonomy":"product_brand","embeddable":true,"href":"https:\/\/template07.zehannet.net\/tr\/wp-json\/wp\/v2\/product_brand?post=1607"},{"taxonomy":"product_cat","embeddable":true,"href":"https:\/\/template07.zehannet.net\/tr\/wp-json\/wp\/v2\/product_cat?post=1607"},{"taxonomy":"product_tag","embeddable":true,"href":"https:\/\/template07.zehannet.net\/tr\/wp-json\/wp\/v2\/product_tag?post=1607"}],"curies":[{"name":"wp","href":"https:\/\/api.w.org\/{rel}","templated":true}]}}