{"id":1602,"date":"2026-04-10T09:28:41","date_gmt":"2026-04-10T09:28:41","guid":{"rendered":"https:\/\/template07.zehannet.net\/?post_type=product&#038;p=1602"},"modified":"2026-04-11T04:55:25","modified_gmt":"2026-04-11T04:55:25","slug":"perkins-5578106-pre-fuel-filter-assembly-diesel-engine-parts","status":"publish","type":"product","link":"https:\/\/template07.zehannet.net\/tr\/perkins-5578106-pre-fuel-filter-assembly-diesel-engine-parts\/","title":{"rendered":"Perkins 5578106 \u00d6n Yak\u0131t Filtresi Tertibat\u0131 | Dizel Motor Par\u00e7alar\u0131"},"content":{"rendered":"<p>Perkins 5578106 Yak\u0131t Filtresi Tertibat\u0131, yak\u0131t temizli\u011fini ve motor korumas\u0131n\u0131 iyile\u015ftirmek i\u00e7in tasarlanm\u0131\u015f g\u00fcvenilir bir dizel yak\u0131t sistemi bile\u015fenidir. Dahili bir su sens\u00f6r\u00fc ile donat\u0131lm\u0131\u015f olup motor par\u00e7alar\u0131na zarar verebilecek yabanc\u0131 maddeleri filtrelerken su kirlili\u011finin tespit edilmesine yard\u0131mc\u0131 olur. Bu tertibat, istikrarl\u0131 yak\u0131t da\u011f\u0131t\u0131m\u0131n\u0131 ve verimli motor \u00e7al\u0131\u015fmas\u0131n\u0131 destekleyerek jenerat\u00f6rlerde ve end\u00fcstriyel ekipmanlarda kullan\u0131lan Perkins dizel motorlar i\u00e7in uygun hale getirir. Jinan Ruipo Spare Part Co, Ltd. g\u00fcvenilir performans ve rekabet\u00e7i fiyatland\u0131rma ile OEM kalitesinde motor par\u00e7alar\u0131 tedarik etmektedir. Toplu sipari\u015fleri ve profesyonel hizmeti destekliyoruz. Fiyatland\u0131rma, bulunabilirlik ve teknik bilgi i\u00e7in bug\u00fcn bize ula\u015f\u0131n.<\/p>","protected":false},"excerpt":{"rendered":"<p>Perkins 5578106 Yak\u0131t Filtresi Tertibat\u0131, dizel yak\u0131t sistemleri i\u00e7in tasarlanm\u0131\u015ft\u0131r ve do\u011fru izleme i\u00e7in dahili bir su sens\u00f6r\u00fc i\u00e7erir. Yak\u0131ttaki suyu ve kirleri gidererek motorun korunmas\u0131na ve jenerat\u00f6rlerde ve end\u00fcstriyel ekipmanlarda istikrarl\u0131 performans\u0131n s\u00fcrd\u00fcr\u00fclmesine yard\u0131mc\u0131 olur.<\/p>","protected":false},"featured_media":1606,"template":"","meta":{"_gspb_post_css":""},"product_brand":[476],"product_cat":[401,405,415],"product_tag":[436,435,434],"class_list":{"0":"post-1602","1":"product","2":"type-product","3":"status-publish","4":"has-post-thumbnail","6":"product_brand-perkins","7":"product_cat-filter-products","8":"product_cat-perkins-filters","9":"product_cat-perkins-fuel-filters","10":"product_tag-diesel-engine-parts","11":"product_tag-fuel-filter-assembly","12":"product_tag-perkins-5578106","14":"first","15":"instock","16":"shipping-taxable","17":"product-type-simple"},"_links":{"self":[{"href":"https:\/\/template07.zehannet.net\/tr\/wp-json\/wp\/v2\/product\/1602","targetHints":{"allow":["GET"]}}],"collection":[{"href":"https:\/\/template07.zehannet.net\/tr\/wp-json\/wp\/v2\/product"}],"about":[{"href":"https:\/\/template07.zehannet.net\/tr\/wp-json\/wp\/v2\/types\/product"}],"wp:featuredmedia":[{"embeddable":true,"href":"https:\/\/template07.zehannet.net\/tr\/wp-json\/wp\/v2\/media\/1606"}],"wp:attachment":[{"href":"https:\/\/template07.zehannet.net\/tr\/wp-json\/wp\/v2\/media?parent=1602"}],"wp:term":[{"taxonomy":"product_brand","embeddable":true,"href":"https:\/\/template07.zehannet.net\/tr\/wp-json\/wp\/v2\/product_brand?post=1602"},{"taxonomy":"product_cat","embeddable":true,"href":"https:\/\/template07.zehannet.net\/tr\/wp-json\/wp\/v2\/product_cat?post=1602"},{"taxonomy":"product_tag","embeddable":true,"href":"https:\/\/template07.zehannet.net\/tr\/wp-json\/wp\/v2\/product_tag?post=1602"}],"curies":[{"name":"wp","href":"https:\/\/api.w.org\/{rel}","templated":true}]}}