{"id":1584,"date":"2026-04-10T09:04:33","date_gmt":"2026-04-10T09:04:33","guid":{"rendered":"https:\/\/template07.zehannet.net\/?post_type=product&#038;p=1584"},"modified":"2026-04-11T04:55:42","modified_gmt":"2026-04-11T04:55:42","slug":"perkins-se429-fuel-filter-for-4016-diesel-engine","status":"publish","type":"product","link":"https:\/\/template07.zehannet.net\/tr\/perkins-se429-fuel-filter-for-4016-diesel-engine\/","title":{"rendered":"Perkins SE429 4016 Dizel Motor i\u00e7in Yak\u0131t Filtresi"},"content":{"rendered":"<p>Perkins SE429 Yak\u0131t Filtresi, Perkins 4016 serisi dizel motorlar, jenerat\u00f6r setleri ve end\u00fcstriyel g\u00fc\u00e7 ekipmanlar\u0131 i\u00e7in tasarlanm\u0131\u015f birinci s\u0131n\u0131f bir filtreleme \u00e7\u00f6z\u00fcm\u00fcd\u00fcr. OEM standartlar\u0131na g\u00f6re \u00fcretilen bu filtre, yak\u0131t sistemlerini temiz tutmak ve enjekt\u00f6rleri korumak i\u00e7in hassas uyum, verimli yak\u0131t filtreleme ve g\u00fcvenilir su ayr\u0131\u015ft\u0131rma sa\u011flar. Dayan\u0131kl\u0131 yap\u0131s\u0131, zorlu \u00e7al\u0131\u015fma ko\u015fullar\u0131nda uzun hizmet \u00f6mr\u00fcn\u00fc ve istikrarl\u0131 motor performans\u0131n\u0131 destekler. RUIPO, g\u00fcvenilir kalite, rekabet\u00e7i fiyatland\u0131rma ve d\u00fcnya \u00e7ap\u0131nda h\u0131zl\u0131 sevkiyat ile orijinal Perkins yedek par\u00e7alar\u0131 tedarik eder. Bu filtre, g\u00fcn\u00fcm\u00fczde s\u00fcrekli ve verimli ekipman \u00e7al\u0131\u015fmas\u0131 i\u00e7in g\u00fcvenilir bak\u0131m par\u00e7alar\u0131 arayan madencilik, in\u015faat ve enerji \u00fcretimi sekt\u00f6rlerindeki m\u00fc\u015fteriler i\u00e7in ideal bir se\u00e7imdir.<\/p>","protected":false},"excerpt":{"rendered":"<p>Perkins SE429 Yak\u0131t Filtresi, 4016 dizel motorlar ve jenerat\u00f6r setleri i\u00e7in OEM standard\u0131 bir filtredir. Temiz yak\u0131t da\u011f\u0131t\u0131m\u0131 i\u00e7in kirletici maddeleri ve suyu giderir, enjekt\u00f6rleri korur ve uzun hizmet \u00f6mr\u00fc ile g\u00fcvenilir performans sunar.<\/p>","protected":false},"featured_media":1589,"template":"","meta":{"_gspb_post_css":""},"product_brand":[476],"product_cat":[401,405,415],"product_tag":[427,426,425],"class_list":{"0":"post-1584","1":"product","2":"type-product","3":"status-publish","4":"has-post-thumbnail","6":"product_brand-perkins","7":"product_cat-filter-products","8":"product_cat-perkins-filters","9":"product_cat-perkins-fuel-filters","10":"product_tag-generator-fuel-filter","11":"product_tag-perkins-4016-engine-parts","12":"product_tag-perkins-se429-fuel-filter","14":"first","15":"instock","16":"shipping-taxable","17":"product-type-simple"},"_links":{"self":[{"href":"https:\/\/template07.zehannet.net\/tr\/wp-json\/wp\/v2\/product\/1584","targetHints":{"allow":["GET"]}}],"collection":[{"href":"https:\/\/template07.zehannet.net\/tr\/wp-json\/wp\/v2\/product"}],"about":[{"href":"https:\/\/template07.zehannet.net\/tr\/wp-json\/wp\/v2\/types\/product"}],"wp:featuredmedia":[{"embeddable":true,"href":"https:\/\/template07.zehannet.net\/tr\/wp-json\/wp\/v2\/media\/1589"}],"wp:attachment":[{"href":"https:\/\/template07.zehannet.net\/tr\/wp-json\/wp\/v2\/media?parent=1584"}],"wp:term":[{"taxonomy":"product_brand","embeddable":true,"href":"https:\/\/template07.zehannet.net\/tr\/wp-json\/wp\/v2\/product_brand?post=1584"},{"taxonomy":"product_cat","embeddable":true,"href":"https:\/\/template07.zehannet.net\/tr\/wp-json\/wp\/v2\/product_cat?post=1584"},{"taxonomy":"product_tag","embeddable":true,"href":"https:\/\/template07.zehannet.net\/tr\/wp-json\/wp\/v2\/product_tag?post=1584"}],"curies":[{"name":"wp","href":"https:\/\/api.w.org\/{rel}","templated":true}]}}