{"id":1642,"date":"2026-04-10T10:23:43","date_gmt":"2026-04-10T10:23:43","guid":{"rendered":"https:\/\/template07.zehannet.net\/?post_type=product&#038;p=1642"},"modified":"2026-04-11T04:54:49","modified_gmt":"2026-04-11T04:54:49","slug":"perkins-se478f-rocker-cover-gasket-for-4016-engine","status":"publish","type":"product","link":"https:\/\/template07.zehannet.net\/pt\/perkins-se478f-rocker-cover-gasket-for-4016-engine\/","title":{"rendered":"Junta da tampa do balancim Perkins SE478F para o motor 4016"},"content":{"rendered":"<p>Esta junta da tampa do motor \u00e9 uma pe\u00e7a de veda\u00e7\u00e3o de precis\u00e3o utilizada em motores a gas\u00f3leo e sistemas de equipamento pesado. Foi concebida para evitar fugas de \u00f3leo ou fluidos, manter a integridade da veda\u00e7\u00e3o e apoiar o desempenho est\u00e1vel do motor em condi\u00e7\u00f5es de trabalho exigentes. A Jinan Ruipo Spare Part Co., Ltd., fundada em 2014, tem mais de 10 anos de experi\u00eancia no fornecimento de pe\u00e7as sobressalentes genu\u00ednas Caterpillar, Perkins, Komatsu e Volvo. Os nossos produtos s\u00e3o amplamente utilizados nas ind\u00fastrias de minera\u00e7\u00e3o, constru\u00e7\u00e3o e gera\u00e7\u00e3o de energia, ajudando os clientes a melhorar a fiabilidade do equipamento, reduzir o tempo de inatividade e garantir a efici\u00eancia operacional a longo prazo com pe\u00e7as de substitui\u00e7\u00e3o originais de confian\u00e7a.<\/p>","protected":false},"excerpt":{"rendered":"<p>Esta junta da tampa do motor foi concebida para proporcionar uma veda\u00e7\u00e3o segura e resistente a fugas para motores a gas\u00f3leo e equipamento pesado. Adequada para aplica\u00e7\u00f5es exigentes de explora\u00e7\u00e3o mineira, constru\u00e7\u00e3o e produ\u00e7\u00e3o de energia, ajuda a manter a efici\u00eancia do motor e um desempenho fi\u00e1vel.<\/p>","protected":false},"featured_media":1643,"template":"","meta":{"_gspb_post_css":""},"product_brand":[476],"product_cat":[15,378,387],"product_tag":[452,451,449],"class_list":{"0":"post-1642","1":"product","2":"type-product","3":"status-publish","4":"has-post-thumbnail","6":"product_brand-perkins","7":"product_cat-heavy-equipment-parts","8":"product_cat-perkins-engine-parts","9":"product_cat-perkins-service-repair-parts","10":"product_tag-diesel-engine-gasket","11":"product_tag-engine-cover-gasket","12":"product_tag-heavy-equipment-spare-parts","14":"first","15":"instock","16":"shipping-taxable","17":"product-type-simple"},"_links":{"self":[{"href":"https:\/\/template07.zehannet.net\/pt\/wp-json\/wp\/v2\/product\/1642","targetHints":{"allow":["GET"]}}],"collection":[{"href":"https:\/\/template07.zehannet.net\/pt\/wp-json\/wp\/v2\/product"}],"about":[{"href":"https:\/\/template07.zehannet.net\/pt\/wp-json\/wp\/v2\/types\/product"}],"wp:featuredmedia":[{"embeddable":true,"href":"https:\/\/template07.zehannet.net\/pt\/wp-json\/wp\/v2\/media\/1643"}],"wp:attachment":[{"href":"https:\/\/template07.zehannet.net\/pt\/wp-json\/wp\/v2\/media?parent=1642"}],"wp:term":[{"taxonomy":"product_brand","embeddable":true,"href":"https:\/\/template07.zehannet.net\/pt\/wp-json\/wp\/v2\/product_brand?post=1642"},{"taxonomy":"product_cat","embeddable":true,"href":"https:\/\/template07.zehannet.net\/pt\/wp-json\/wp\/v2\/product_cat?post=1642"},{"taxonomy":"product_tag","embeddable":true,"href":"https:\/\/template07.zehannet.net\/pt\/wp-json\/wp\/v2\/product_tag?post=1642"}],"curies":[{"name":"wp","href":"https:\/\/api.w.org\/{rel}","templated":true}]}}