{"id":1672,"date":"2026-04-10T10:56:12","date_gmt":"2026-04-10T10:56:12","guid":{"rendered":"https:\/\/template07.zehannet.net\/?post_type=product&#038;p=1672"},"modified":"2026-04-11T04:54:14","modified_gmt":"2026-04-11T04:54:14","slug":"perkins-26510380-air-filter-for-1104c-diesel-engine","status":"publish","type":"product","link":"https:\/\/template07.zehannet.net\/pl\/perkins-26510380-air-filter-for-1104c-diesel-engine\/","title":{"rendered":"Perkins 26510380 Filtr powietrza do silnika wysokopr\u0119\u017cnego 1104C"},"content":{"rendered":"<p>Filtr powietrza Perkins 2652C847 to wysokiej jako\u015bci cz\u0119\u015b\u0107 zamienna przeznaczona do silnik\u00f3w wysokopr\u0119\u017cnych Perkins 1104D. Skutecznie usuwa kurz, brud i inne zanieczyszczenia unosz\u0105ce si\u0119 w powietrzu, zanim dostan\u0105 si\u0119 do silnika, pomagaj\u0105c utrzyma\u0107 czysty przep\u0142yw powietrza i wydajne spalanie. Ten filtr powietrza zapewnia stabiln\u0105 prac\u0119 silnika, zmniejsza zu\u017cycie wewn\u0119trzne i wyd\u0142u\u017ca \u017cywotno\u015b\u0107 w wymagaj\u0105cych zastosowaniach. Nadaje si\u0119 do sprz\u0119tu budowlanego, maszyn g\u00f3rniczych i system\u00f3w wytwarzania energii. Dzi\u0119ki trwa\u0142ej konstrukcji i niezawodnej skuteczno\u015bci filtracji, filtr powietrza 2652C847 jest niezb\u0119dn\u0105 cz\u0119\u015bci\u0105 konserwacyjn\u0105 do utrzymania niezawodnej i wydajnej pracy silnik\u00f3w wysokopr\u0119\u017cnych Perkins w trudnych warunkach pracy przy wyd\u0142u\u017conych okresach mi\u0119dzyobs\u0142ugowych.<\/p>","protected":false},"excerpt":{"rendered":"<p>Filtr powietrza Perkins 2652C847 jest przeznaczony do silnik\u00f3w wysokopr\u0119\u017cnych 1104D w celu usuwania kurzu i zanieczyszcze\u0144 z powietrza wlotowego. Pomaga chroni\u0107 komponenty silnika, wspomaga wydajne spalanie i utrzymuje stabiln\u0105 wydajno\u015b\u0107 w wymagaj\u0105cych warunkach pracy.<\/p>","protected":false},"featured_media":1673,"template":"","meta":{"_gspb_post_css":""},"product_brand":[476],"product_cat":[401,417,405],"product_tag":[463,461,428],"class_list":{"0":"post-1672","1":"product","2":"type-product","3":"status-publish","4":"has-post-thumbnail","6":"product_brand-perkins","7":"product_cat-filter-products","8":"product_cat-perkins-air-filters","9":"product_cat-perkins-filters","10":"product_tag-1104d-engine-parts","11":"product_tag-2652c847","12":"product_tag-perkins-air-filter","14":"first","15":"instock","16":"shipping-taxable","17":"product-type-simple"},"_links":{"self":[{"href":"https:\/\/template07.zehannet.net\/pl\/wp-json\/wp\/v2\/product\/1672","targetHints":{"allow":["GET"]}}],"collection":[{"href":"https:\/\/template07.zehannet.net\/pl\/wp-json\/wp\/v2\/product"}],"about":[{"href":"https:\/\/template07.zehannet.net\/pl\/wp-json\/wp\/v2\/types\/product"}],"wp:featuredmedia":[{"embeddable":true,"href":"https:\/\/template07.zehannet.net\/pl\/wp-json\/wp\/v2\/media\/1673"}],"wp:attachment":[{"href":"https:\/\/template07.zehannet.net\/pl\/wp-json\/wp\/v2\/media?parent=1672"}],"wp:term":[{"taxonomy":"product_brand","embeddable":true,"href":"https:\/\/template07.zehannet.net\/pl\/wp-json\/wp\/v2\/product_brand?post=1672"},{"taxonomy":"product_cat","embeddable":true,"href":"https:\/\/template07.zehannet.net\/pl\/wp-json\/wp\/v2\/product_cat?post=1672"},{"taxonomy":"product_tag","embeddable":true,"href":"https:\/\/template07.zehannet.net\/pl\/wp-json\/wp\/v2\/product_tag?post=1672"}],"curies":[{"name":"wp","href":"https:\/\/api.w.org\/{rel}","templated":true}]}}