{"id":1668,"date":"2026-04-10T10:48:32","date_gmt":"2026-04-10T10:48:32","guid":{"rendered":"https:\/\/template07.zehannet.net\/?post_type=product&#038;p=1668"},"modified":"2026-04-11T04:54:20","modified_gmt":"2026-04-11T04:54:20","slug":"perkins-2652c847-air-filter-for-1104d-diesel-engines","status":"publish","type":"product","link":"https:\/\/template07.zehannet.net\/pl\/perkins-2652c847-air-filter-for-1104d-diesel-engines\/","title":{"rendered":"Filtr powietrza Perkins 2652C847 do silnik\u00f3w wysokopr\u0119\u017cnych 1104D"},"content":{"rendered":"<p>Filtr powietrza Perkins 2652C847 to wysokiej jako\u015bci cz\u0119\u015b\u0107 zamienna przeznaczona do silnik\u00f3w wysokopr\u0119\u017cnych Perkins 1104D stosowanych w ci\u0119\u017ckim sprz\u0119cie i zastosowaniach przemys\u0142owych. Pomaga utrzyma\u0107 czysty przep\u0142yw powietrza wlotowego poprzez wychwytywanie kurzu, gruzu i innych szkodliwych cz\u0105stek, zanim dostan\u0105 si\u0119 one do silnika. Zwi\u0119ksza to wydajno\u015b\u0107 spalania, zmniejsza zu\u017cycie element\u00f3w wewn\u0119trznych i wyd\u0142u\u017ca \u017cywotno\u015b\u0107 silnika. Zbudowany z my\u015bl\u0105 o niezawodnym dzia\u0142aniu w wymagaj\u0105cych \u015brodowiskach, filtr ten nadaje si\u0119 do sprz\u0119tu budowlanego, g\u00f3rniczego i energetycznego. Jest to idealny wyb\u00f3r dla klient\u00f3w poszukuj\u0105cych trwa\u0142ej filtracji, niezawodnego dopasowania i sta\u0142ej ochrony maszyn nap\u0119dzanych silnikami Perkins w codziennych operacjach i programach konserwacji w trudnych warunkach.<\/p>","protected":false},"excerpt":{"rendered":"<p>Filtr powietrza Perkins 2652C847 jest przeznaczony do silnik\u00f3w wysokopr\u0119\u017cnych 1104D, pomagaj\u0105c blokowa\u0107 przedostawanie si\u0119 py\u0142u i zanieczyszcze\u0144 do uk\u0142adu dolotowego. Zbudowany z my\u015bl\u0105 o niezawodnym przep\u0142ywie powietrza, ochronie silnika i d\u0142ugiej \u017cywotno\u015bci w maszynach budowlanych, g\u00f3rniczych i energetycznych.<\/p>","protected":false},"featured_media":1669,"template":"","meta":{"_gspb_post_css":""},"product_brand":[476],"product_cat":[401,417,405],"product_tag":[462,461,428],"class_list":{"0":"post-1668","1":"product","2":"type-product","3":"status-publish","4":"has-post-thumbnail","6":"product_brand-perkins","7":"product_cat-filter-products","8":"product_cat-perkins-air-filters","9":"product_cat-perkins-filters","10":"product_tag-1104d-diesel-engine-parts","11":"product_tag-2652c847","12":"product_tag-perkins-air-filter","14":"first","15":"instock","16":"shipping-taxable","17":"product-type-simple"},"_links":{"self":[{"href":"https:\/\/template07.zehannet.net\/pl\/wp-json\/wp\/v2\/product\/1668","targetHints":{"allow":["GET"]}}],"collection":[{"href":"https:\/\/template07.zehannet.net\/pl\/wp-json\/wp\/v2\/product"}],"about":[{"href":"https:\/\/template07.zehannet.net\/pl\/wp-json\/wp\/v2\/types\/product"}],"wp:featuredmedia":[{"embeddable":true,"href":"https:\/\/template07.zehannet.net\/pl\/wp-json\/wp\/v2\/media\/1669"}],"wp:attachment":[{"href":"https:\/\/template07.zehannet.net\/pl\/wp-json\/wp\/v2\/media?parent=1668"}],"wp:term":[{"taxonomy":"product_brand","embeddable":true,"href":"https:\/\/template07.zehannet.net\/pl\/wp-json\/wp\/v2\/product_brand?post=1668"},{"taxonomy":"product_cat","embeddable":true,"href":"https:\/\/template07.zehannet.net\/pl\/wp-json\/wp\/v2\/product_cat?post=1668"},{"taxonomy":"product_tag","embeddable":true,"href":"https:\/\/template07.zehannet.net\/pl\/wp-json\/wp\/v2\/product_tag?post=1668"}],"curies":[{"name":"wp","href":"https:\/\/api.w.org\/{rel}","templated":true}]}}