{"id":1664,"date":"2026-04-10T10:40:37","date_gmt":"2026-04-10T10:40:37","guid":{"rendered":"https:\/\/template07.zehannet.net\/?post_type=product&#038;p=1664"},"modified":"2026-04-11T04:54:25","modified_gmt":"2026-04-11T04:54:25","slug":"perkins-26510353-air-filter-for-1006-diesel-engines-2","status":"publish","type":"product","link":"https:\/\/template07.zehannet.net\/pl\/perkins-26510353-air-filter-for-1006-diesel-engines-2\/","title":{"rendered":"Filtr powietrza Perkins 26510353 dla silnik\u00f3w wysokopr\u0119\u017cnych 1006"},"content":{"rendered":"<p>Filtr powietrza Perkins 26510353 to niezawodna cz\u0119\u015b\u0107 zamienna przeznaczona do silnik\u00f3w wysokopr\u0119\u017cnych Perkins 1006. Zapewnia skuteczn\u0105 filtracj\u0119 wlotu powietrza, zapobiegaj\u0105c przedostawaniu si\u0119 kurzu, gruzu i szkodliwych cz\u0105stek do uk\u0142adu silnika. Dzi\u0119ki trwa\u0142ej konstrukcji i stabilnej wydajno\u015bci ten filtr powietrza pomaga poprawi\u0107 wydajno\u015b\u0107 spalania, zmniejszy\u0107 zu\u017cycie silnika i wyd\u0142u\u017cy\u0107 okresy mi\u0119dzyobs\u0142ugowe. Jest szeroko stosowany w ci\u0119\u017ckim sprz\u0119cie, maszynach przemys\u0142owych i zastosowaniach zwi\u0105zanych z wytwarzaniem energii. Odpowiedni do wymagaj\u0105cych \u015brodowisk pracy, filtr powietrza Perkins 26510353 zapewnia d\u0142ug\u0105 \u017cywotno\u015b\u0107 i niezawodn\u0105 ochron\u0119 silnika. Jest to idealny wyb\u00f3r dla klient\u00f3w poszukuj\u0105cych oryginalnej jako\u015bci i sta\u0142ej wydajno\u015bci filtracji.<\/p>","protected":false},"excerpt":{"rendered":"<p>Filtr powietrza Perkins 26510353 jest przeznaczony do silnik\u00f3w wysokopr\u0119\u017cnych 1006, zapewniaj\u0105c skuteczn\u0105 filtracj\u0119 powietrza w celu zablokowania py\u0142u i zanieczyszcze\u0144. Pomaga chroni\u0107 komponenty silnika, utrzymywa\u0107 stabiln\u0105 wydajno\u015b\u0107 i wyd\u0142u\u017ca\u0107 \u017cywotno\u015b\u0107 w zastosowaniach budowlanych, g\u00f3rniczych i energetycznych.<\/p>","protected":false},"featured_media":1667,"template":"","meta":{"_gspb_post_css":""},"product_brand":[476],"product_cat":[401,417,405],"product_tag":[460,459,428],"class_list":{"0":"post-1664","1":"product","2":"type-product","3":"status-publish","4":"has-post-thumbnail","6":"product_brand-perkins","7":"product_cat-filter-products","8":"product_cat-perkins-air-filters","9":"product_cat-perkins-filters","10":"product_tag-1006-diesel-engine-parts","11":"product_tag-perkins-26510353","12":"product_tag-perkins-air-filter","14":"first","15":"instock","16":"shipping-taxable","17":"product-type-simple"},"_links":{"self":[{"href":"https:\/\/template07.zehannet.net\/pl\/wp-json\/wp\/v2\/product\/1664","targetHints":{"allow":["GET"]}}],"collection":[{"href":"https:\/\/template07.zehannet.net\/pl\/wp-json\/wp\/v2\/product"}],"about":[{"href":"https:\/\/template07.zehannet.net\/pl\/wp-json\/wp\/v2\/types\/product"}],"wp:featuredmedia":[{"embeddable":true,"href":"https:\/\/template07.zehannet.net\/pl\/wp-json\/wp\/v2\/media\/1667"}],"wp:attachment":[{"href":"https:\/\/template07.zehannet.net\/pl\/wp-json\/wp\/v2\/media?parent=1664"}],"wp:term":[{"taxonomy":"product_brand","embeddable":true,"href":"https:\/\/template07.zehannet.net\/pl\/wp-json\/wp\/v2\/product_brand?post=1664"},{"taxonomy":"product_cat","embeddable":true,"href":"https:\/\/template07.zehannet.net\/pl\/wp-json\/wp\/v2\/product_cat?post=1664"},{"taxonomy":"product_tag","embeddable":true,"href":"https:\/\/template07.zehannet.net\/pl\/wp-json\/wp\/v2\/product_tag?post=1664"}],"curies":[{"name":"wp","href":"https:\/\/api.w.org\/{rel}","templated":true}]}}