{"id":1647,"date":"2026-04-10T10:29:12","date_gmt":"2026-04-10T10:29:12","guid":{"rendered":"https:\/\/template07.zehannet.net\/?post_type=product&#038;p=1647"},"modified":"2026-04-11T04:54:43","modified_gmt":"2026-04-11T04:54:43","slug":"perkins-541-427-fan-belt-for-4016-diesel-engine","status":"publish","type":"product","link":"https:\/\/template07.zehannet.net\/pl\/perkins-541-427-fan-belt-for-4016-diesel-engine\/","title":{"rendered":"Pasek wentylatora Perkins 541\/427 do silnika wysokopr\u0119\u017cnego 4016"},"content":{"rendered":"<p>Ten pasek rozrz\u0105du to wysokiej jako\u015bci z\u0119baty pasek nap\u0119dowy stosowany w ci\u0119\u017ckim sprz\u0119cie i uk\u0142adach silnikowych do p\u0142ynnego i dok\u0142adnego przenoszenia mocy. Wykonany z trwa\u0142ych materia\u0142\u00f3w gumowych, zapewnia dobr\u0105 elastyczno\u015b\u0107, odporno\u015b\u0107 na zu\u017cycie i d\u0142ug\u0105 \u017cywotno\u015b\u0107 w wymagaj\u0105cych warunkach pracy. Nadaje si\u0119 do konserwacji i wymiany maszyn w budownictwie, g\u00f3rnictwie i zastosowaniach przemys\u0142owych. Dzi\u0119ki stabilnej wydajno\u015bci i niezawodnej jako\u015bci, pasek ten pomaga poprawi\u0107 wydajno\u015b\u0107 przek\u0142adni i wspomaga niezawodn\u0105 prac\u0119 silnika. Jest to niezb\u0119dna cz\u0119\u015b\u0107 zamienna dla klient\u00f3w poszukuj\u0105cych trwa\u0142ych i op\u0142acalnych komponent\u00f3w zamiennych do ci\u0119\u017ckiego sprz\u0119tu.<\/p>","protected":false},"excerpt":{"rendered":"<p>Pasek rozrz\u0105du do ci\u0119\u017ckiego sprz\u0119tu to wytrzyma\u0142y gumowy pasek z\u0119baty zaprojektowany z my\u015bl\u0105 o stabilnej przek\u0142adni i niezawodnej pracy silnika. Oferuje dobr\u0105 odporno\u015b\u0107 na zu\u017cycie, elastyczne dzia\u0142anie i niezawodn\u0105 \u017cywotno\u015b\u0107 w zastosowaniach zwi\u0105zanych z konserwacj\u0105 silnik\u00f3w i maszyn.<\/p>","protected":false},"featured_media":1651,"template":"","meta":{"_gspb_post_css":""},"product_brand":[476],"product_cat":[15,378,387],"product_tag":[449,453,454],"class_list":{"0":"post-1647","1":"product","2":"type-product","3":"status-publish","4":"has-post-thumbnail","6":"product_brand-perkins","7":"product_cat-heavy-equipment-parts","8":"product_cat-perkins-engine-parts","9":"product_cat-perkins-service-repair-parts","10":"product_tag-heavy-equipment-spare-parts","11":"product_tag-timing-belt","12":"product_tag-toothed-drive-belt","14":"first","15":"instock","16":"shipping-taxable","17":"product-type-simple"},"_links":{"self":[{"href":"https:\/\/template07.zehannet.net\/pl\/wp-json\/wp\/v2\/product\/1647","targetHints":{"allow":["GET"]}}],"collection":[{"href":"https:\/\/template07.zehannet.net\/pl\/wp-json\/wp\/v2\/product"}],"about":[{"href":"https:\/\/template07.zehannet.net\/pl\/wp-json\/wp\/v2\/types\/product"}],"wp:featuredmedia":[{"embeddable":true,"href":"https:\/\/template07.zehannet.net\/pl\/wp-json\/wp\/v2\/media\/1651"}],"wp:attachment":[{"href":"https:\/\/template07.zehannet.net\/pl\/wp-json\/wp\/v2\/media?parent=1647"}],"wp:term":[{"taxonomy":"product_brand","embeddable":true,"href":"https:\/\/template07.zehannet.net\/pl\/wp-json\/wp\/v2\/product_brand?post=1647"},{"taxonomy":"product_cat","embeddable":true,"href":"https:\/\/template07.zehannet.net\/pl\/wp-json\/wp\/v2\/product_cat?post=1647"},{"taxonomy":"product_tag","embeddable":true,"href":"https:\/\/template07.zehannet.net\/pl\/wp-json\/wp\/v2\/product_tag?post=1647"}],"curies":[{"name":"wp","href":"https:\/\/api.w.org\/{rel}","templated":true}]}}