{"id":1642,"date":"2026-04-10T10:23:43","date_gmt":"2026-04-10T10:23:43","guid":{"rendered":"https:\/\/template07.zehannet.net\/?post_type=product&#038;p=1642"},"modified":"2026-04-11T04:54:49","modified_gmt":"2026-04-11T04:54:49","slug":"perkins-se478f-rocker-cover-gasket-for-4016-engine","status":"publish","type":"product","link":"https:\/\/template07.zehannet.net\/pl\/perkins-se478f-rocker-cover-gasket-for-4016-engine\/","title":{"rendered":"Uszczelka pokrywy wahacza Perkins SE478F do silnika 4016"},"content":{"rendered":"<p>Ta uszczelka pokrywy silnika jest precyzyjn\u0105 cz\u0119\u015bci\u0105 uszczelniaj\u0105c\u0105 stosowan\u0105 w silnikach wysokopr\u0119\u017cnych i systemach ci\u0119\u017ckiego sprz\u0119tu. Zosta\u0142a zaprojektowana, aby zapobiega\u0107 wyciekom oleju lub p\u0142ynu, utrzymywa\u0107 integralno\u015b\u0107 uszczelnienia i wspiera\u0107 stabiln\u0105 prac\u0119 silnika w wymagaj\u0105cych warunkach pracy. Firma Jinan Ruipo Spare Part Co., Ltd., za\u0142o\u017cona w 2014 roku, ma ponad 10-letnie do\u015bwiadczenie w dostarczaniu oryginalnych cz\u0119\u015bci zamiennych Caterpillar, Perkins, Komatsu i Volvo. Nasze produkty s\u0105 szeroko stosowane w przemy\u015ble wydobywczym, budowlanym i energetycznym, pomagaj\u0105c klientom poprawi\u0107 niezawodno\u015b\u0107 sprz\u0119tu, skr\u00f3ci\u0107 przestoje i zapewni\u0107 d\u0142ugoterminow\u0105 wydajno\u015b\u0107 operacyjn\u0105 dzi\u0119ki zaufanym oryginalnym cz\u0119\u015bciom zamiennym.<\/p>","protected":false},"excerpt":{"rendered":"<p>Ta uszczelka pokrywy silnika zosta\u0142a zaprojektowana w celu zapewnienia bezpiecznego, odpornego na przecieki uszczelnienia silnik\u00f3w wysokopr\u0119\u017cnych i ci\u0119\u017ckiego sprz\u0119tu. Nadaje si\u0119 do wymagaj\u0105cych zastosowa\u0144 w g\u00f3rnictwie, budownictwie i energetyce, pomagaj\u0105c utrzyma\u0107 wydajno\u015b\u0107 silnika i niezawodne dzia\u0142anie.<\/p>","protected":false},"featured_media":1643,"template":"","meta":{"_gspb_post_css":""},"product_brand":[476],"product_cat":[15,378,387],"product_tag":[452,451,449],"class_list":{"0":"post-1642","1":"product","2":"type-product","3":"status-publish","4":"has-post-thumbnail","6":"product_brand-perkins","7":"product_cat-heavy-equipment-parts","8":"product_cat-perkins-engine-parts","9":"product_cat-perkins-service-repair-parts","10":"product_tag-diesel-engine-gasket","11":"product_tag-engine-cover-gasket","12":"product_tag-heavy-equipment-spare-parts","14":"first","15":"instock","16":"shipping-taxable","17":"product-type-simple"},"_links":{"self":[{"href":"https:\/\/template07.zehannet.net\/pl\/wp-json\/wp\/v2\/product\/1642","targetHints":{"allow":["GET"]}}],"collection":[{"href":"https:\/\/template07.zehannet.net\/pl\/wp-json\/wp\/v2\/product"}],"about":[{"href":"https:\/\/template07.zehannet.net\/pl\/wp-json\/wp\/v2\/types\/product"}],"wp:featuredmedia":[{"embeddable":true,"href":"https:\/\/template07.zehannet.net\/pl\/wp-json\/wp\/v2\/media\/1643"}],"wp:attachment":[{"href":"https:\/\/template07.zehannet.net\/pl\/wp-json\/wp\/v2\/media?parent=1642"}],"wp:term":[{"taxonomy":"product_brand","embeddable":true,"href":"https:\/\/template07.zehannet.net\/pl\/wp-json\/wp\/v2\/product_brand?post=1642"},{"taxonomy":"product_cat","embeddable":true,"href":"https:\/\/template07.zehannet.net\/pl\/wp-json\/wp\/v2\/product_cat?post=1642"},{"taxonomy":"product_tag","embeddable":true,"href":"https:\/\/template07.zehannet.net\/pl\/wp-json\/wp\/v2\/product_tag?post=1642"}],"curies":[{"name":"wp","href":"https:\/\/api.w.org\/{rel}","templated":true}]}}