{"id":1635,"date":"2026-04-10T10:19:34","date_gmt":"2026-04-10T10:19:34","guid":{"rendered":"https:\/\/template07.zehannet.net\/?post_type=product&#038;p=1635"},"modified":"2026-04-11T04:54:54","modified_gmt":"2026-04-11T04:54:54","slug":"perkins-se573-1-thermostat-for-4016-engine","status":"publish","type":"product","link":"https:\/\/template07.zehannet.net\/pl\/perkins-se573-1-thermostat-for-4016-engine\/","title":{"rendered":"Termostat Perkins SE573\/1 do silnika 4016"},"content":{"rendered":"<p>Ten produkt to termostat silnikowy do silnik\u00f3w wysokopr\u0119\u017cnych i uk\u0142ad\u00f3w ch\u0142odzenia ci\u0119\u017ckiego sprz\u0119tu. Otwiera si\u0119 i zamyka automatycznie w zale\u017cno\u015bci od temperatury, kontroluj\u0105c przep\u0142yw p\u0142ynu ch\u0142odz\u0105cego mi\u0119dzy silnikiem a ch\u0142odnic\u0105. Pomaga to w szybszym rozgrzaniu silnika, utrzymaniu w\u0142a\u015bciwej temperatury roboczej i zmniejszeniu ryzyka przegrzania. Niezawodny termostat zapewnia wydajne spalanie, stabiln\u0105 prac\u0119 i d\u0142u\u017csz\u0105 \u017cywotno\u015b\u0107 silnika w wymagaj\u0105cych warunkach. Jinan Ruipo Spare Part Co., Ltd. dostarcza oryginalne cz\u0119\u015bci zamienne do maszyn Caterpillar, Perkins, Komatsu i Volvo, obs\u0142uguj\u0105c klient\u00f3w z bran\u017cy g\u00f3rniczej, budowlanej i energetycznej w zakresie niezawodnych oryginalnych cz\u0119\u015bci do silnik\u00f3w i urz\u0105dze\u0144 na ca\u0142ym \u015bwiecie.<\/p>","protected":false},"excerpt":{"rendered":"<p>Ten produkt to termostat silnika, kt\u00f3ry reguluje przep\u0142yw p\u0142ynu ch\u0142odz\u0105cego i utrzymuje prawid\u0142ow\u0105 temperatur\u0119 pracy silnika. Idealny do silnik\u00f3w wysokopr\u0119\u017cnych i ci\u0119\u017ckiego sprz\u0119tu, pomaga zmniejszy\u0107 przegrzanie, poprawia wydajno\u015b\u0107 rozgrzewania i zapewnia stabilne dzia\u0142anie w wymagaj\u0105cych warunkach pracy.<\/p>","protected":false},"featured_media":1641,"template":"","meta":{"_gspb_post_css":""},"product_brand":[476],"product_cat":[15,378,387],"product_tag":[436,450,449],"class_list":{"0":"post-1635","1":"product","2":"type-product","3":"status-publish","4":"has-post-thumbnail","6":"product_brand-perkins","7":"product_cat-heavy-equipment-parts","8":"product_cat-perkins-engine-parts","9":"product_cat-perkins-service-repair-parts","10":"product_tag-diesel-engine-parts","11":"product_tag-engine-thermostat","12":"product_tag-heavy-equipment-spare-parts","14":"first","15":"instock","16":"shipping-taxable","17":"product-type-simple"},"_links":{"self":[{"href":"https:\/\/template07.zehannet.net\/pl\/wp-json\/wp\/v2\/product\/1635","targetHints":{"allow":["GET"]}}],"collection":[{"href":"https:\/\/template07.zehannet.net\/pl\/wp-json\/wp\/v2\/product"}],"about":[{"href":"https:\/\/template07.zehannet.net\/pl\/wp-json\/wp\/v2\/types\/product"}],"wp:featuredmedia":[{"embeddable":true,"href":"https:\/\/template07.zehannet.net\/pl\/wp-json\/wp\/v2\/media\/1641"}],"wp:attachment":[{"href":"https:\/\/template07.zehannet.net\/pl\/wp-json\/wp\/v2\/media?parent=1635"}],"wp:term":[{"taxonomy":"product_brand","embeddable":true,"href":"https:\/\/template07.zehannet.net\/pl\/wp-json\/wp\/v2\/product_brand?post=1635"},{"taxonomy":"product_cat","embeddable":true,"href":"https:\/\/template07.zehannet.net\/pl\/wp-json\/wp\/v2\/product_cat?post=1635"},{"taxonomy":"product_tag","embeddable":true,"href":"https:\/\/template07.zehannet.net\/pl\/wp-json\/wp\/v2\/product_tag?post=1635"}],"curies":[{"name":"wp","href":"https:\/\/api.w.org\/{rel}","templated":true}]}}