{"id":1629,"date":"2026-04-10T10:06:27","date_gmt":"2026-04-10T10:06:27","guid":{"rendered":"https:\/\/template07.zehannet.net\/?post_type=product&#038;p=1629"},"modified":"2026-04-11T04:54:58","modified_gmt":"2026-04-11T04:54:58","slug":"perkins-se152d-26-rocker-case-gasket-for-4016-engine","status":"publish","type":"product","link":"https:\/\/template07.zehannet.net\/pl\/perkins-se152d-26-rocker-case-gasket-for-4016-engine\/","title":{"rendered":"Uszczelka obudowy wahacza Perkins SE152D\/26 do silnika 4016"},"content":{"rendered":"<p>Ten zestaw uszczelek do silnik\u00f3w dwucylindrowych jest przeznaczony do napraw, konserwacji i remont\u00f3w silnik\u00f3w. Obejmuje on kluczowe elementy uszczelniaj\u0105ce, takie jak uszczelki g\u0142owicy, uszczelki pokrywy i uszczelki olejowe, kt\u00f3re pomagaj\u0105 zapobiega\u0107 wyciekom i utrzymywa\u0107 stabiln\u0105 prac\u0119 silnika. Nadaje si\u0119 do ci\u0119\u017ckiego sprz\u0119tu i obs\u0142ugi silnik\u00f3w przemys\u0142owych, zestaw ten zapewnia niezawodne dzia\u0142anie w wymagaj\u0105cych \u015brodowiskach. Firma Jinan Ruipo Spare Part Co., Ltd., za\u0142o\u017cona w 2014 roku, ma ponad 10-letnie do\u015bwiadczenie w dostarczaniu oryginalnych cz\u0119\u015bci do silnik\u00f3w i ci\u0119\u017ckiego sprz\u0119tu. Koncentrujemy si\u0119 na oryginalnych cz\u0119\u015bciach zamiennych Caterpillar, Perkins, Komatsu i Volvo dla klient\u00f3w z bran\u017cy g\u00f3rniczej, budowlanej i energetycznej na ca\u0142ym \u015bwiecie.<\/p>","protected":false},"excerpt":{"rendered":"<p>Ten zestaw uszczelek do silnik\u00f3w dwucylindrowych zawiera niezb\u0119dne elementy uszczelniaj\u0105ce do remontu i naprawy silnika. Zaprojektowany z my\u015bl\u0105 o niezawodnym dopasowaniu i zapobieganiu wyciekom, pomaga utrzyma\u0107 wydajno\u015b\u0107 silnika w ci\u0119\u017ckim sprz\u0119cie, maszynach budowlanych i zastosowaniach zwi\u0105zanych z wytwarzaniem energii.<\/p>","protected":false},"featured_media":1634,"template":"","meta":{"_gspb_post_css":""},"product_brand":[476],"product_cat":[15,378],"product_tag":[447,449,448],"class_list":{"0":"post-1629","1":"product","2":"type-product","3":"status-publish","4":"has-post-thumbnail","6":"product_brand-perkins","7":"product_cat-heavy-equipment-parts","8":"product_cat-perkins-engine-parts","9":"product_tag-engine-gasket-set","10":"product_tag-heavy-equipment-spare-parts","11":"product_tag-twin-cylinder-gasket-kit","13":"first","14":"instock","15":"shipping-taxable","16":"product-type-simple"},"_links":{"self":[{"href":"https:\/\/template07.zehannet.net\/pl\/wp-json\/wp\/v2\/product\/1629","targetHints":{"allow":["GET"]}}],"collection":[{"href":"https:\/\/template07.zehannet.net\/pl\/wp-json\/wp\/v2\/product"}],"about":[{"href":"https:\/\/template07.zehannet.net\/pl\/wp-json\/wp\/v2\/types\/product"}],"wp:featuredmedia":[{"embeddable":true,"href":"https:\/\/template07.zehannet.net\/pl\/wp-json\/wp\/v2\/media\/1634"}],"wp:attachment":[{"href":"https:\/\/template07.zehannet.net\/pl\/wp-json\/wp\/v2\/media?parent=1629"}],"wp:term":[{"taxonomy":"product_brand","embeddable":true,"href":"https:\/\/template07.zehannet.net\/pl\/wp-json\/wp\/v2\/product_brand?post=1629"},{"taxonomy":"product_cat","embeddable":true,"href":"https:\/\/template07.zehannet.net\/pl\/wp-json\/wp\/v2\/product_cat?post=1629"},{"taxonomy":"product_tag","embeddable":true,"href":"https:\/\/template07.zehannet.net\/pl\/wp-json\/wp\/v2\/product_tag?post=1629"}],"curies":[{"name":"wp","href":"https:\/\/api.w.org\/{rel}","templated":true}]}}