{"id":1614,"date":"2026-04-10T09:45:34","date_gmt":"2026-04-10T09:45:34","guid":{"rendered":"https:\/\/template07.zehannet.net\/?post_type=product&#038;p=1614"},"modified":"2026-04-11T04:55:15","modified_gmt":"2026-04-11T04:55:15","slug":"perkins-sev551f-4-air-filter-for-2506-and-2806-diesel-engines","status":"publish","type":"product","link":"https:\/\/template07.zehannet.net\/pl\/perkins-sev551f-4-air-filter-for-2506-and-2806-diesel-engines\/","title":{"rendered":"Filtr powietrza Perkins SEV551F\/4 do silnik\u00f3w wysokopr\u0119\u017cnych 2506 i 2806"},"content":{"rendered":"<p>Filtr powietrza Perkins SEV551F\/4 to wysokiej jako\u015bci filtr powietrza kompatybilny z OEM do silnik\u00f3w wysokopr\u0119\u017cnych Perkins 2506 i 2806. Zaprojektowany do uk\u0142adu wlotu powietrza do silnika, pomaga usuwa\u0107 kurz, brud i zanieczyszczenia unosz\u0105ce si\u0119 w powietrzu, zanim dotr\u0105 do silnika. Zapewnia to czystsze spalanie, bardziej stabiln\u0105 prac\u0119 i mniejsze zu\u017cycie wewn\u0119trzne. Odpowiedni do agregat\u00f3w pr\u0105dotw\u00f3rczych, maszyn przemys\u0142owych i ci\u0119\u017ckiego sprz\u0119tu, SEV551F\/4 oferuje niezawodn\u0105 filtracj\u0119 i d\u0142ug\u0105 \u017cywotno\u015b\u0107. Jest kompatybilny z modelami Perkins 2506C-E15TAG1, 2506C-E15TAG2, 2806A-E18TAG1A i 2806A-E18TAG2, co czyni go niezawodnym zamiennikiem dla wymagaj\u0105cych \u015brodowisk pracy i zastosowa\u0144 wymagaj\u0105cych ci\u0105g\u0142ej mocy, w kt\u00f3rych ochrona silnika jest niezb\u0119dna ka\u017cdego dnia na miejscu.<\/p>","protected":false},"excerpt":{"rendered":"<p>Filtr powietrza Perkins SEV551F\/4 to wysokiej jako\u015bci zamiennik do silnik\u00f3w wysokopr\u0119\u017cnych Perkins 2506 i 2806. Pomaga wychwytywa\u0107 kurz i zanieczyszczenia unosz\u0105ce si\u0119 w powietrzu, utrzymuje czyste powietrze wlotowe, wspomaga wydajne spalanie, zmniejsza zu\u017cycie i wyd\u0142u\u017ca \u017cywotno\u015b\u0107 silnika w agregatach pr\u0105dotw\u00f3rczych i ci\u0119\u017ckim sprz\u0119cie.<\/p>","protected":false},"featured_media":1618,"template":"","meta":{"_gspb_post_css":""},"product_brand":[476],"product_cat":[401,417,405],"product_tag":[441,428,440],"class_list":{"0":"post-1614","1":"product","2":"type-product","3":"status-publish","4":"has-post-thumbnail","6":"product_brand-perkins","7":"product_cat-filter-products","8":"product_cat-perkins-air-filters","9":"product_cat-perkins-filters","10":"product_tag-2506-2806-engine-parts","11":"product_tag-perkins-air-filter","12":"product_tag-sev551f4","14":"first","15":"instock","16":"shipping-taxable","17":"product-type-simple"},"_links":{"self":[{"href":"https:\/\/template07.zehannet.net\/pl\/wp-json\/wp\/v2\/product\/1614","targetHints":{"allow":["GET"]}}],"collection":[{"href":"https:\/\/template07.zehannet.net\/pl\/wp-json\/wp\/v2\/product"}],"about":[{"href":"https:\/\/template07.zehannet.net\/pl\/wp-json\/wp\/v2\/types\/product"}],"wp:featuredmedia":[{"embeddable":true,"href":"https:\/\/template07.zehannet.net\/pl\/wp-json\/wp\/v2\/media\/1618"}],"wp:attachment":[{"href":"https:\/\/template07.zehannet.net\/pl\/wp-json\/wp\/v2\/media?parent=1614"}],"wp:term":[{"taxonomy":"product_brand","embeddable":true,"href":"https:\/\/template07.zehannet.net\/pl\/wp-json\/wp\/v2\/product_brand?post=1614"},{"taxonomy":"product_cat","embeddable":true,"href":"https:\/\/template07.zehannet.net\/pl\/wp-json\/wp\/v2\/product_cat?post=1614"},{"taxonomy":"product_tag","embeddable":true,"href":"https:\/\/template07.zehannet.net\/pl\/wp-json\/wp\/v2\/product_tag?post=1614"}],"curies":[{"name":"wp","href":"https:\/\/api.w.org\/{rel}","templated":true}]}}