{"id":1668,"date":"2026-04-10T10:48:32","date_gmt":"2026-04-10T10:48:32","guid":{"rendered":"https:\/\/template07.zehannet.net\/?post_type=product&#038;p=1668"},"modified":"2026-04-11T04:54:20","modified_gmt":"2026-04-11T04:54:20","slug":"perkins-2652c847-air-filter-for-1104d-diesel-engines","status":"publish","type":"product","link":"https:\/\/template07.zehannet.net\/fr\/perkins-2652c847-air-filter-for-1104d-diesel-engines\/","title":{"rendered":"Perkins 2652C847 Filtre \u00e0 air pour moteurs diesel 1104D"},"content":{"rendered":"<p>Le filtre \u00e0 air Perkins 2652C847 est une pi\u00e8ce de rechange de haute qualit\u00e9 con\u00e7ue pour les moteurs diesel Perkins 1104D utilis\u00e9s dans les \u00e9quipements lourds et les applications industrielles. Il contribue \u00e0 maintenir un flux d'air d'admission propre en retenant la poussi\u00e8re, les d\u00e9bris et autres particules nocives avant qu'elles ne p\u00e9n\u00e8trent dans le moteur. Cela favorise l'efficacit\u00e9 de la combustion, r\u00e9duit l'usure des composants internes et prolonge la dur\u00e9e de vie du moteur. Con\u00e7u pour des performances fiables dans des environnements exigeants, ce filtre convient aux \u00e9quipements de construction, d'exploitation mini\u00e8re et de production d'\u00e9nergie. Il constitue un choix id\u00e9al pour les clients qui recherchent une filtration durable, un montage fiable et une protection constante pour les machines aliment\u00e9es par Perkins dans le cadre d'op\u00e9rations quotidiennes et de programmes d'entretien dans des conditions difficiles.<\/p>","protected":false},"excerpt":{"rendered":"<p>Le filtre \u00e0 air Perkins 2652C847 est con\u00e7u pour les moteurs diesel 1104D. Il emp\u00eache la poussi\u00e8re et les contaminants de p\u00e9n\u00e9trer dans le syst\u00e8me d'admission. Il est con\u00e7u pour assurer un d\u00e9bit d'air fiable, la protection du moteur et une longue dur\u00e9e de vie dans les \u00e9quipements de construction, d'exploitation mini\u00e8re et de production d'\u00e9nergie.<\/p>","protected":false},"featured_media":1669,"template":"","meta":{"_gspb_post_css":""},"product_brand":[476],"product_cat":[401,417,405],"product_tag":[462,461,428],"class_list":{"0":"post-1668","1":"product","2":"type-product","3":"status-publish","4":"has-post-thumbnail","6":"product_brand-perkins","7":"product_cat-filter-products","8":"product_cat-perkins-air-filters","9":"product_cat-perkins-filters","10":"product_tag-1104d-diesel-engine-parts","11":"product_tag-2652c847","12":"product_tag-perkins-air-filter","14":"first","15":"instock","16":"shipping-taxable","17":"product-type-simple"},"_links":{"self":[{"href":"https:\/\/template07.zehannet.net\/fr\/wp-json\/wp\/v2\/product\/1668","targetHints":{"allow":["GET"]}}],"collection":[{"href":"https:\/\/template07.zehannet.net\/fr\/wp-json\/wp\/v2\/product"}],"about":[{"href":"https:\/\/template07.zehannet.net\/fr\/wp-json\/wp\/v2\/types\/product"}],"wp:featuredmedia":[{"embeddable":true,"href":"https:\/\/template07.zehannet.net\/fr\/wp-json\/wp\/v2\/media\/1669"}],"wp:attachment":[{"href":"https:\/\/template07.zehannet.net\/fr\/wp-json\/wp\/v2\/media?parent=1668"}],"wp:term":[{"taxonomy":"product_brand","embeddable":true,"href":"https:\/\/template07.zehannet.net\/fr\/wp-json\/wp\/v2\/product_brand?post=1668"},{"taxonomy":"product_cat","embeddable":true,"href":"https:\/\/template07.zehannet.net\/fr\/wp-json\/wp\/v2\/product_cat?post=1668"},{"taxonomy":"product_tag","embeddable":true,"href":"https:\/\/template07.zehannet.net\/fr\/wp-json\/wp\/v2\/product_tag?post=1668"}],"curies":[{"name":"wp","href":"https:\/\/api.w.org\/{rel}","templated":true}]}}