{"id":1642,"date":"2026-04-10T10:23:43","date_gmt":"2026-04-10T10:23:43","guid":{"rendered":"https:\/\/template07.zehannet.net\/?post_type=product&#038;p=1642"},"modified":"2026-04-11T04:54:49","modified_gmt":"2026-04-11T04:54:49","slug":"perkins-se478f-rocker-cover-gasket-for-4016-engine","status":"publish","type":"product","link":"https:\/\/template07.zehannet.net\/fr\/perkins-se478f-rocker-cover-gasket-for-4016-engine\/","title":{"rendered":"Perkins SE478F Joint de culbuteur pour moteur 4016"},"content":{"rendered":"<p>Ce joint de couvercle de moteur est une pi\u00e8ce d'\u00e9tanch\u00e9it\u00e9 de pr\u00e9cision utilis\u00e9e dans les moteurs diesel et les syst\u00e8mes d'\u00e9quipement lourd. Il est con\u00e7u pour emp\u00eacher les fuites d'huile ou de fluide, maintenir l'int\u00e9grit\u00e9 de l'\u00e9tanch\u00e9it\u00e9 et assurer la stabilit\u00e9 des performances du moteur dans des conditions de travail exigeantes. Jinan Ruipo Spare Part Co, Ltd, fond\u00e9e en 2014, a plus de 10 ans d'exp\u00e9rience dans la fourniture de pi\u00e8ces d\u00e9tach\u00e9es Caterpillar, Perkins, Komatsu et Volvo d'origine. Nos produits sont largement utilis\u00e9s dans les industries de l'exploitation mini\u00e8re, de la construction et de la production d'\u00e9nergie, aidant les clients \u00e0 am\u00e9liorer la fiabilit\u00e9 de l'\u00e9quipement, \u00e0 r\u00e9duire les temps d'arr\u00eat et \u00e0 assurer l'efficacit\u00e9 op\u00e9rationnelle \u00e0 long terme avec des pi\u00e8ces de rechange d'origine fiables.<\/p>","protected":false},"excerpt":{"rendered":"<p>Ce joint de couvercle de moteur est con\u00e7u pour assurer une \u00e9tanch\u00e9it\u00e9 s\u00fbre et r\u00e9sistante aux fuites pour les moteurs diesel et les \u00e9quipements lourds. Adapt\u00e9 aux applications exigeantes des secteurs de l'exploitation mini\u00e8re, de la construction et de la production d'\u00e9nergie, il contribue \u00e0 maintenir l'efficacit\u00e9 et la fiabilit\u00e9 des performances du moteur.<\/p>","protected":false},"featured_media":1643,"template":"","meta":{"_gspb_post_css":""},"product_brand":[476],"product_cat":[15,378,387],"product_tag":[452,451,449],"class_list":{"0":"post-1642","1":"product","2":"type-product","3":"status-publish","4":"has-post-thumbnail","6":"product_brand-perkins","7":"product_cat-heavy-equipment-parts","8":"product_cat-perkins-engine-parts","9":"product_cat-perkins-service-repair-parts","10":"product_tag-diesel-engine-gasket","11":"product_tag-engine-cover-gasket","12":"product_tag-heavy-equipment-spare-parts","14":"first","15":"instock","16":"shipping-taxable","17":"product-type-simple"},"_links":{"self":[{"href":"https:\/\/template07.zehannet.net\/fr\/wp-json\/wp\/v2\/product\/1642","targetHints":{"allow":["GET"]}}],"collection":[{"href":"https:\/\/template07.zehannet.net\/fr\/wp-json\/wp\/v2\/product"}],"about":[{"href":"https:\/\/template07.zehannet.net\/fr\/wp-json\/wp\/v2\/types\/product"}],"wp:featuredmedia":[{"embeddable":true,"href":"https:\/\/template07.zehannet.net\/fr\/wp-json\/wp\/v2\/media\/1643"}],"wp:attachment":[{"href":"https:\/\/template07.zehannet.net\/fr\/wp-json\/wp\/v2\/media?parent=1642"}],"wp:term":[{"taxonomy":"product_brand","embeddable":true,"href":"https:\/\/template07.zehannet.net\/fr\/wp-json\/wp\/v2\/product_brand?post=1642"},{"taxonomy":"product_cat","embeddable":true,"href":"https:\/\/template07.zehannet.net\/fr\/wp-json\/wp\/v2\/product_cat?post=1642"},{"taxonomy":"product_tag","embeddable":true,"href":"https:\/\/template07.zehannet.net\/fr\/wp-json\/wp\/v2\/product_tag?post=1642"}],"curies":[{"name":"wp","href":"https:\/\/api.w.org\/{rel}","templated":true}]}}