{"id":1652,"date":"2026-04-10T10:33:58","date_gmt":"2026-04-10T10:33:58","guid":{"rendered":"https:\/\/template07.zehannet.net\/?post_type=product&#038;p=1652"},"modified":"2026-04-11T04:54:38","modified_gmt":"2026-04-11T04:54:38","slug":"perkins-5543095-air-filter-for-403d-and-404d-diesel-engines","status":"publish","type":"product","link":"https:\/\/template07.zehannet.net\/de\/perkins-5543095-air-filter-for-403d-and-404d-diesel-engines\/","title":{"rendered":"Perkins 5543095 Luftfilter f\u00fcr 403D und 404D Dieselmotoren"},"content":{"rendered":"<p>Der Perkins 5543095 Luftfiltersatz ist f\u00fcr Perkins 403D und 404D Dieselmotoren konzipiert. Er verf\u00fcgt \u00fcber Prim\u00e4r- und Sicherheitsfilterelemente und verhindert, dass Staub, Schmutz und andere Luftverunreinigungen in das Ansaugsystem gelangen. Ein sauberer Luftstrom unterst\u00fctzt eine effiziente Verbrennung, eine stabile Motorleistung und einen geringeren Verschlei\u00df der internen Komponenten. Dieser Filtersatz ist ideal f\u00fcr die routinem\u00e4\u00dfige Wartung von Bau-, Landwirtschafts-, Industrie- und Stromerzeugungsanlagen, die von kompatiblen Perkins-Motoren angetrieben werden. Der Perkins 5543095 wurde f\u00fcr eine zuverl\u00e4ssige Filtration in anspruchsvollen Umgebungen entwickelt und tr\u00e4gt dazu bei, die Lebensdauer zu verl\u00e4ngern und einen zuverl\u00e4ssigen Betrieb aufrechtzuerhalten, w\u00e4hrend das Risiko von Motorsch\u00e4den durch verunreinigte Ansaugluft gesenkt wird.<\/p>","protected":false},"excerpt":{"rendered":"<p>Der Luftfiltersatz 5543095 von Perkins ist f\u00fcr die Dieselmotoren 403D und 404D bestimmt. Er hilft, Staub und Verunreinigungen aus der Ansaugluft zu entfernen, unterst\u00fctzt einen gleichm\u00e4\u00dfigen Luftstrom und sch\u00fctzt die Motorkomponenten f\u00fcr eine l\u00e4ngere Lebensdauer in Industrie-, Bau- und Kraftmaschinen.<\/p>","protected":false},"featured_media":1658,"template":"","meta":{"_gspb_post_css":""},"product_brand":[476],"product_cat":[401,417,405],"product_tag":[456,455,428],"class_list":{"0":"post-1652","1":"product","2":"type-product","3":"status-publish","4":"has-post-thumbnail","6":"product_brand-perkins","7":"product_cat-filter-products","8":"product_cat-perkins-air-filters","9":"product_cat-perkins-filters","10":"product_tag-403d-404d-engine-parts","11":"product_tag-perkins-5543095","12":"product_tag-perkins-air-filter","14":"first","15":"instock","16":"shipping-taxable","17":"product-type-simple"},"_links":{"self":[{"href":"https:\/\/template07.zehannet.net\/de\/wp-json\/wp\/v2\/product\/1652","targetHints":{"allow":["GET"]}}],"collection":[{"href":"https:\/\/template07.zehannet.net\/de\/wp-json\/wp\/v2\/product"}],"about":[{"href":"https:\/\/template07.zehannet.net\/de\/wp-json\/wp\/v2\/types\/product"}],"wp:featuredmedia":[{"embeddable":true,"href":"https:\/\/template07.zehannet.net\/de\/wp-json\/wp\/v2\/media\/1658"}],"wp:attachment":[{"href":"https:\/\/template07.zehannet.net\/de\/wp-json\/wp\/v2\/media?parent=1652"}],"wp:term":[{"taxonomy":"product_brand","embeddable":true,"href":"https:\/\/template07.zehannet.net\/de\/wp-json\/wp\/v2\/product_brand?post=1652"},{"taxonomy":"product_cat","embeddable":true,"href":"https:\/\/template07.zehannet.net\/de\/wp-json\/wp\/v2\/product_cat?post=1652"},{"taxonomy":"product_tag","embeddable":true,"href":"https:\/\/template07.zehannet.net\/de\/wp-json\/wp\/v2\/product_tag?post=1652"}],"curies":[{"name":"wp","href":"https:\/\/api.w.org\/{rel}","templated":true}]}}