{"id":1614,"date":"2026-04-10T09:45:34","date_gmt":"2026-04-10T09:45:34","guid":{"rendered":"https:\/\/template07.zehannet.net\/?post_type=product&#038;p=1614"},"modified":"2026-04-11T04:55:15","modified_gmt":"2026-04-11T04:55:15","slug":"perkins-sev551f-4-air-filter-for-2506-and-2806-diesel-engines","status":"publish","type":"product","link":"https:\/\/template07.zehannet.net\/de\/perkins-sev551f-4-air-filter-for-2506-and-2806-diesel-engines\/","title":{"rendered":"Perkins SEV551F\/4 Luftfilter f\u00fcr 2506 und 2806 Dieselmotoren"},"content":{"rendered":"<p>Der Perkins SEV551F\/4 Luftfilter ist ein hochwertiger, OEM-kompatibler Luftfilter f\u00fcr Perkins 2506 und 2806 Dieselmotoren. Er wurde f\u00fcr das Lufteinlasssystem des Motors entwickelt und hilft, Staub, Schmutz und Luftverunreinigungen zu entfernen, bevor sie den Motor erreichen. Dies unterst\u00fctzt eine sauberere Verbrennung, eine stabilere Leistung und einen geringeren internen Verschlei\u00df. Der SEV551F\/4 eignet sich f\u00fcr Stromaggregate, Industriemaschinen und schwere Ger\u00e4te und bietet eine zuverl\u00e4ssige Filterung und lange Lebensdauer. Er ist kompatibel mit den Perkins-Modellen 2506C-E15TAG1, 2506C-E15TAG2, 2806A-E18TAG1A und 2806A-E18TAG2 und ist damit ein zuverl\u00e4ssiger Ersatz f\u00fcr anspruchsvolle Betriebsumgebungen und Anwendungen im Dauerbetrieb, bei denen der Schutz des Motors jeden Tag vor Ort unerl\u00e4sslich ist.<\/p>","protected":false},"excerpt":{"rendered":"<p>Der Perkins SEV551F\/4 Luftfilter ist ein hochwertiger Ersatz f\u00fcr die Perkins 2506 und 2806 Dieselmotoren. Er hilft, Staub und luftgetragene Verunreinigungen aufzufangen, die Ansaugluft sauber zu halten, eine effiziente Verbrennung zu unterst\u00fctzen, den Verschlei\u00df zu verringern und die Lebensdauer des Motors in Stromaggregaten und schweren Maschinen zu verl\u00e4ngern.<\/p>","protected":false},"featured_media":1618,"template":"","meta":{"_gspb_post_css":""},"product_brand":[476],"product_cat":[401,417,405],"product_tag":[441,428,440],"class_list":{"0":"post-1614","1":"product","2":"type-product","3":"status-publish","4":"has-post-thumbnail","6":"product_brand-perkins","7":"product_cat-filter-products","8":"product_cat-perkins-air-filters","9":"product_cat-perkins-filters","10":"product_tag-2506-2806-engine-parts","11":"product_tag-perkins-air-filter","12":"product_tag-sev551f4","14":"first","15":"instock","16":"shipping-taxable","17":"product-type-simple"},"_links":{"self":[{"href":"https:\/\/template07.zehannet.net\/de\/wp-json\/wp\/v2\/product\/1614","targetHints":{"allow":["GET"]}}],"collection":[{"href":"https:\/\/template07.zehannet.net\/de\/wp-json\/wp\/v2\/product"}],"about":[{"href":"https:\/\/template07.zehannet.net\/de\/wp-json\/wp\/v2\/types\/product"}],"wp:featuredmedia":[{"embeddable":true,"href":"https:\/\/template07.zehannet.net\/de\/wp-json\/wp\/v2\/media\/1618"}],"wp:attachment":[{"href":"https:\/\/template07.zehannet.net\/de\/wp-json\/wp\/v2\/media?parent=1614"}],"wp:term":[{"taxonomy":"product_brand","embeddable":true,"href":"https:\/\/template07.zehannet.net\/de\/wp-json\/wp\/v2\/product_brand?post=1614"},{"taxonomy":"product_cat","embeddable":true,"href":"https:\/\/template07.zehannet.net\/de\/wp-json\/wp\/v2\/product_cat?post=1614"},{"taxonomy":"product_tag","embeddable":true,"href":"https:\/\/template07.zehannet.net\/de\/wp-json\/wp\/v2\/product_tag?post=1614"}],"curies":[{"name":"wp","href":"https:\/\/api.w.org\/{rel}","templated":true}]}}