{"id":1579,"date":"2026-04-10T08:41:10","date_gmt":"2026-04-10T08:41:10","guid":{"rendered":"https:\/\/template07.zehannet.net\/?post_type=product&#038;p=1579"},"modified":"2026-04-11T04:55:56","modified_gmt":"2026-04-11T04:55:56","slug":"cat-5r4477-hydraulic-pump-hydraulic-pump-for-caterpillar-834b-836-wheel-dozer","status":"publish","type":"product","link":"https:\/\/template07.zehannet.net\/de\/cat-5r4477-hydraulic-pump-hydraulic-pump-for-caterpillar-834b-836-wheel-dozer\/","title":{"rendered":"CAT 5R4477 Hydraulikpumpe Hydraulikpumpe f\u00fcr Caterpillar 834B 836 Wheel Dozer"},"content":{"rendered":"<p>Die Hydraulikpumpe CAT 5R4477 ist eine Original-Caterpillar-Pumpenbaugruppe, die f\u00fcr eine zuverl\u00e4ssige Hydraulikleistung in anspruchsvollen Anwendungen f\u00fcr schwere Maschinen entwickelt wurde. Sie wird h\u00e4ufig in ausgew\u00e4hlten CAT 834B Wheel Dozer- und CAT 836 Landfill Compactor-Maschinen eingesetzt und tr\u00e4gt zur Aufrechterhaltung eines stabilen Drucks, eines effizienten \u00d6lflusses und eines zuverl\u00e4ssigen Systembetriebs bei. Als direktes Ersatzteil unterst\u00fctzt 5R4477 die Langlebigkeit im Baugewerbe, im Bergbau, auf M\u00fclldeponien und in anderen rauen Arbeitsumgebungen. RUIPO konzentriert sich auf die Lieferung von CAT-Originalersatzteilen mit reaktionsschnellem Service, Exportunterst\u00fctzung und weltweitem Versand. \u00dcberpr\u00fcfen Sie immer die Kompatibilit\u00e4t anhand der Seriennummer der Maschine, der Anordnungsnummer und der Konfiguration, bevor Sie Ihre Bestellung aufgeben, um Passgenauigkeit und Leistung sicherzustellen.<\/p>","protected":false},"excerpt":{"rendered":"<p>Die CAT 5R4477 Hydraulikpumpe ist eine Original-Caterpillar-Pumpenbaugruppe f\u00fcr ausgew\u00e4hlte 834B- und 836-Maschinen. Gebaut f\u00fcr stabilen Hydraulikdruck, effizienten \u00d6lfluss und zuverl\u00e4ssige Schwerlastleistung im Bauwesen, Bergbau und auf Deponien.<\/p>","protected":false},"featured_media":1580,"template":"","meta":{"_gspb_post_css":""},"product_brand":[478],"product_cat":[368,15],"product_tag":[422,424,423],"class_list":{"0":"post-1579","1":"product","2":"type-product","3":"status-publish","4":"has-post-thumbnail","6":"product_brand-caterpillar","7":"product_cat-caterpillar-service-repair-parts","8":"product_cat-heavy-equipment-parts","9":"product_tag-cat-5r4477-hydraulic-pump","10":"product_tag-cat-836-hydraulic-pump","11":"product_tag-caterpillar-834b-parts","13":"first","14":"instock","15":"shipping-taxable","16":"product-type-simple"},"_links":{"self":[{"href":"https:\/\/template07.zehannet.net\/de\/wp-json\/wp\/v2\/product\/1579","targetHints":{"allow":["GET"]}}],"collection":[{"href":"https:\/\/template07.zehannet.net\/de\/wp-json\/wp\/v2\/product"}],"about":[{"href":"https:\/\/template07.zehannet.net\/de\/wp-json\/wp\/v2\/types\/product"}],"wp:featuredmedia":[{"embeddable":true,"href":"https:\/\/template07.zehannet.net\/de\/wp-json\/wp\/v2\/media\/1580"}],"wp:attachment":[{"href":"https:\/\/template07.zehannet.net\/de\/wp-json\/wp\/v2\/media?parent=1579"}],"wp:term":[{"taxonomy":"product_brand","embeddable":true,"href":"https:\/\/template07.zehannet.net\/de\/wp-json\/wp\/v2\/product_brand?post=1579"},{"taxonomy":"product_cat","embeddable":true,"href":"https:\/\/template07.zehannet.net\/de\/wp-json\/wp\/v2\/product_cat?post=1579"},{"taxonomy":"product_tag","embeddable":true,"href":"https:\/\/template07.zehannet.net\/de\/wp-json\/wp\/v2\/product_tag?post=1579"}],"curies":[{"name":"wp","href":"https:\/\/api.w.org\/{rel}","templated":true}]}}